{"id":8114,"date":"2024-03-01T20:38:29","date_gmt":"2024-03-01T20:38:29","guid":{"rendered":"https:\/\/www.azcentralcu.org\/?page_id=8114"},"modified":"2026-02-06T19:04:55","modified_gmt":"2026-02-06T19:04:55","slug":"junta-anual","status":"publish","type":"page","link":"https:\/\/www.azcentralcu.org\/es\/junta-anual\/","title":{"rendered":"Junta Anual"},"content":{"rendered":"<p><div class=\"fusion-fullwidth fullwidth-box fusion-builder-row-1 fusion-flex-container has-pattern-background has-mask-background hundred-percent-fullwidth non-hundred-percent-height-scrolling\" style=\"--awb-border-radius-top-left:0px;--awb-border-radius-top-right:0px;--awb-border-radius-bottom-right:0px;--awb-border-radius-bottom-left:0px;--awb-padding-top:0px;--awb-padding-right:0px;--awb-padding-bottom:0px;--awb-padding-left:0px;--awb-flex-wrap:wrap;\" ><div class=\"fusion-builder-row fusion-row fusion-flex-align-items-stretch fusion-flex-content-wrap\" style=\"width:calc( 100% + 20px ) !important;max-width:calc( 100% + 20px ) !important;margin-left: calc(-20px \/ 2 );margin-right: calc(-20px \/ 2 );\"><div class=\"fusion-layout-column fusion_builder_column fusion-builder-column-0 fusion_builder_column_3_5 3_5 fusion-flex-column\" style=\"--awb-padding-top:96px;--awb-padding-right:15%;--awb-padding-bottom:96px;--awb-padding-left:15%;--awb-overflow:hidden;--awb-bg-color:var(--awb-custom_color_1);--awb-bg-color-hover:var(--awb-custom_color_1);--awb-bg-size:cover;--awb-border-radius:0px 100px 100px 0px;--awb-width-large:60%;--awb-spacing-right-large:10px;--awb-spacing-left-large:10px;--awb-width-medium:60%;--awb-order-medium:0;--awb-spacing-right-medium:10px;--awb-spacing-left-medium:10px;--awb-width-small:100%;--awb-order-small:0;--awb-spacing-right-small:24px;--awb-spacing-left-small:10px;\"><div class=\"fusion-column-wrapper fusion-column-has-shadow fusion-flex-justify-content-flex-start fusion-content-layout-column\"><div class=\"fusion-title title fusion-title-1 fusion-sep-none fusion-title-text fusion-title-size-one\" style=\"--awb-text-color:var(--awb-color1);--awb-margin-bottom:24px;--awb-font-size:64px;\"><h1 class=\"fusion-title-heading title-heading-left fusion-responsive-typography-calculated\" style=\"margin:0;font-size:1em;--fontSize:64;line-height:1.03;\">Junta Anual<\/h1><\/div><div class=\"fusion-text fusion-text-1 fusion-text-no-margin\" style=\"--awb-font-size:22px;--awb-line-height:26px;--awb-text-color:var(--awb-color1);--awb-margin-bottom:32px;\"><p>mi\u00e9rcoles, 25 de marzo, 2026<\/p>\n<\/div><div ><a class=\"fusion-button button-flat fusion-button-default-size button-custom fusion-button-default button-1 fusion-button-default-span fusion-button-default-type\" style=\"--button_accent_color:var(--awb-custom_color_1);--button_accent_hover_color:var(--awb-custom_color_1);--button_border_hover_color:var(--awb-custom_color_1);--button_gradient_top_color:var(--awb-color1);--button_gradient_bottom_color:var(--awb-color1);--button_gradient_top_color_hover:hsla(var(--awb-custom_color_5-h),calc(var(--awb-custom_color_5-s) - 5%),calc(var(--awb-custom_color_5-l) - 10%),var(--awb-custom_color_5-a));--button_gradient_bottom_color_hover:hsla(var(--awb-custom_color_5-h),calc(var(--awb-custom_color_5-s) - 5%),calc(var(--awb-custom_color_5-l) - 10%),var(--awb-custom_color_5-a));\" target=\"_blank\" rel=\"noopener noreferrer\" href=\"https:\/\/fs26.formsite.com\/KSlGa1\/n2buzeh2vx\/index.html\"><span class=\"fusion-button-text\">Registrese hoy<\/span><\/a><\/div><\/div><\/div><div class=\"fusion-layout-column fusion_builder_column fusion-builder-column-1 fusion_builder_column_2_5 2_5 fusion-flex-column\" style=\"--awb-padding-top:60px;--awb-padding-bottom:60px;--awb-overflow:hidden;--awb-bg-image:url(&#039;https:\/\/www.azcentralcu.org\/wp-content\/uploads\/2024\/02\/downtown-phoenix-building.jpg&#039;);--awb-bg-position:center center;--awb-bg-size:cover;--awb-border-radius:100px 0px 0px 100px;--awb-width-large:40%;--awb-spacing-right-large:10px;--awb-spacing-left-large:10px;--awb-width-medium:40%;--awb-order-medium:0;--awb-spacing-right-medium:10px;--awb-spacing-left-medium:10px;--awb-width-small:100%;--awb-order-small:0;--awb-spacing-right-small:10px;--awb-spacing-left-small:24px;\"><div class=\"fusion-column-wrapper fusion-column-has-shadow fusion-flex-justify-content-flex-start fusion-content-layout-column fusion-column-has-bg-image\" data-bg-url=\"https:\/\/www.azcentralcu.org\/wp-content\/uploads\/2024\/02\/downtown-phoenix-building.jpg\"><div class=\"fusion-separator fusion-full-width-sep\" style=\"align-self: center;margin-left: auto;margin-right: auto;width:100%;\"><\/div><\/div><\/div><\/div><\/div><div class=\"fusion-fullwidth fullwidth-box fusion-builder-row-2 fusion-flex-container has-pattern-background has-mask-background nonhundred-percent-fullwidth non-hundred-percent-height-scrolling\" style=\"--awb-border-radius-top-left:0px;--awb-border-radius-top-right:0px;--awb-border-radius-bottom-right:0px;--awb-border-radius-bottom-left:0px;--awb-flex-wrap:wrap;\" ><div class=\"fusion-builder-row fusion-row fusion-flex-align-items-center fusion-flex-content-wrap\" style=\"max-width:1248px;margin-left: calc(-4% \/ 2 );margin-right: calc(-4% \/ 2 );\"><div class=\"fusion-layout-column fusion_builder_column fusion-builder-column-2 fusion_builder_column_1_2 1_2 fusion-flex-column\" style=\"--awb-bg-size:cover;--awb-width-large:50%;--awb-spacing-right-large:3.84%;--awb-spacing-left-large:3.84%;--awb-width-medium:50%;--awb-order-medium:0;--awb-spacing-right-medium:3.84%;--awb-spacing-left-medium:3.84%;--awb-width-small:100%;--awb-order-small:1;--awb-spacing-right-small:1.92%;--awb-spacing-left-small:1.92%;\"><div class=\"fusion-column-wrapper fusion-column-has-shadow fusion-flex-justify-content-flex-start fusion-content-layout-column\"><div class=\"fusion-title title fusion-title-2 fusion-sep-none fusion-title-text fusion-title-size-two\"><h2 class=\"fusion-title-heading title-heading-left fusion-responsive-typography-calculated\" style=\"margin:0;--fontSize:46;line-height:var(--awb-typography2-line-height);\">\u00danase a nosotros el mi\u00e9rcoles 25 de marzo para nuestra 87\u00aa junta anual.<\/h2><\/div><div class=\"fusion-text fusion-text-2\"><p>Como miembro\/propietario de Arizona Central, est\u00e1 cordialmente invitado a asistir a nuestra junta anual para escuchar una actualizaci\u00f3n sobre el crecimiento de la cooperativa y nuestra direcci\u00f3n futura para servirle.<\/p>\n<p>La reuni\u00f3n est\u00e1 programada para el mi\u00e9rcoles 25 de marzo de 2026 a la 1:00 p. m. en 2020 N. Central Ave. en Phoenix. Es necesario registrarse para asistir. Complete el <a href=\"https:\/\/fs26.formsite.com\/KSlGa1\/n2buzeh2vx\/index.html\"><b>formulario de registro<\/b><\/a> o cont\u00e1ctenos directamente al <b>(602) 264-6421, ext. 8274<\/b>, para reservar su lugar.<\/p>\n<\/div><div ><a class=\"fusion-button button-flat fusion-button-default-size button-default fusion-button-default button-2 fusion-button-default-span fusion-button-default-type\" target=\"_blank\" rel=\"noopener noreferrer\" href=\"https:\/\/www.azcentralcu.org\/wp-content\/uploads\/2026\/01\/Annual-Meeting-Agenda-3-25-26.pdf\"><span class=\"fusion-button-text\">Ver orden del dia<\/span><\/a><\/div><\/div><\/div><div class=\"fusion-layout-column fusion_builder_column fusion-builder-column-3 fusion_builder_column_1_2 1_2 fusion-flex-column\" style=\"--awb-bg-size:cover;--awb-width-large:50%;--awb-spacing-right-large:3.84%;--awb-spacing-left-large:3.84%;--awb-width-medium:50%;--awb-order-medium:0;--awb-spacing-right-medium:3.84%;--awb-spacing-left-medium:3.84%;--awb-width-small:100%;--awb-order-small:0;--awb-spacing-right-small:1.92%;--awb-spacing-left-small:1.92%;\"><div class=\"fusion-column-wrapper fusion-column-has-shadow fusion-flex-justify-content-flex-start fusion-content-layout-column\"><div class=\"fusion-image-element \" style=\"text-align:center;--awb-aspect-ratio:1 \/ 1;--awb-max-width:420px;--awb-caption-title-font-family:var(--h2_typography-font-family);--awb-caption-title-font-weight:var(--h2_typography-font-weight);--awb-caption-title-font-style:var(--h2_typography-font-style);--awb-caption-title-size:var(--h2_typography-font-size);--awb-caption-title-transform:var(--h2_typography-text-transform);--awb-caption-title-line-height:var(--h2_typography-line-height);--awb-caption-title-letter-spacing:var(--h2_typography-letter-spacing);\"><div style=\"display:inline-block;width:420px;\"><span class=\" fusion-imageframe imageframe-none imageframe-1 hover-type-none has-aspect-ratio dots\" style=\"border-radius:999px;\"><img decoding=\"async\" width=\"470\" height=\"450\" title=\"Annual-Meeting-Mod2\" src=\"https:\/\/www.azcentralcu.org\/wp-content\/uploads\/2024\/03\/Annual-Meeting-Mod2.jpg\" class=\"img-responsive wp-image-4321 img-with-aspect-ratio\" alt \/><\/span><\/div><\/div><\/div><\/div><\/div><\/div><\/p>\n","protected":false},"excerpt":{"rendered":"","protected":false},"author":7,"featured_media":0,"parent":0,"menu_order":0,"comment_status":"closed","ping_status":"closed","template":"100-width.php","meta":{"footnotes":""},"acf":[],"yoast_head":"<!-- This site is optimized with the Yoast SEO plugin v21.7 - https:\/\/yoast.com\/wordpress\/plugins\/seo\/ -->\n<title>Junta Anual - Arizona Central Credit Union<\/title>\n<meta name=\"robots\" content=\"index, follow, max-snippet:-1, max-image-preview:large, max-video-preview:-1\" \/>\n<link rel=\"canonical\" href=\"https:\/\/www.azcentralcu.org\/es\/junta-anual\/\" \/>\n<meta property=\"og:locale\" content=\"es_ES\" \/>\n<meta property=\"og:type\" content=\"article\" \/>\n<meta property=\"og:title\" content=\"Junta Anual - Arizona Central Credit Union\" \/>\n<meta property=\"og:url\" content=\"https:\/\/www.azcentralcu.org\/es\/junta-anual\/\" \/>\n<meta property=\"og:site_name\" content=\"Arizona Central Credit Union\" \/>\n<meta property=\"article:modified_time\" content=\"2026-02-06T19:04:55+00:00\" \/>\n<meta name=\"twitter:card\" content=\"summary_large_image\" \/>\n<!-- \/ Yoast SEO plugin. -->","yoast_head_json":{"title":"Junta Anual - Arizona Central Credit Union","robots":{"index":"index","follow":"follow","max-snippet":"max-snippet:-1","max-image-preview":"max-image-preview:large","max-video-preview":"max-video-preview:-1"},"canonical":"https:\/\/www.azcentralcu.org\/es\/junta-anual\/","og_locale":"es_ES","og_type":"article","og_title":"Junta Anual - Arizona Central Credit Union","og_url":"https:\/\/www.azcentralcu.org\/es\/junta-anual\/","og_site_name":"Arizona Central Credit Union","article_modified_time":"2026-02-06T19:04:55+00:00","twitter_card":"summary_large_image","schema":{"@context":"https:\/\/schema.org","@graph":[{"@type":"WebPage","@id":"https:\/\/www.azcentralcu.org\/es\/junta-anual\/","url":"https:\/\/www.azcentralcu.org\/es\/junta-anual\/","name":"Junta Anual - Arizona Central Credit Union","isPartOf":{"@id":"https:\/\/www.azcentralcu.org\/es\/#website"},"datePublished":"2024-03-01T20:38:29+00:00","dateModified":"2026-02-06T19:04:55+00:00","breadcrumb":{"@id":"https:\/\/www.azcentralcu.org\/es\/junta-anual\/#breadcrumb"},"inLanguage":"es-ES","potentialAction":[{"@type":"ReadAction","target":["https:\/\/www.azcentralcu.org\/es\/junta-anual\/"]}]},{"@type":"BreadcrumbList","@id":"https:\/\/www.azcentralcu.org\/es\/junta-anual\/#breadcrumb","itemListElement":[{"@type":"ListItem","position":1,"name":"Home","item":"https:\/\/www.azcentralcu.org\/es\/"},{"@type":"ListItem","position":2,"name":"Junta Anual"}]},{"@type":"WebSite","@id":"https:\/\/www.azcentralcu.org\/es\/#website","url":"https:\/\/www.azcentralcu.org\/es\/","name":"Arizona Central Credit Union","description":"","potentialAction":[{"@type":"SearchAction","target":{"@type":"EntryPoint","urlTemplate":"https:\/\/www.azcentralcu.org\/es\/?s={search_term_string}"},"query-input":"required name=search_term_string"}],"inLanguage":"es-ES"}]}},"_links":{"self":[{"href":"https:\/\/www.azcentralcu.org\/es\/wp-json\/wp\/v2\/pages\/8114"}],"collection":[{"href":"https:\/\/www.azcentralcu.org\/es\/wp-json\/wp\/v2\/pages"}],"about":[{"href":"https:\/\/www.azcentralcu.org\/es\/wp-json\/wp\/v2\/types\/page"}],"author":[{"embeddable":true,"href":"https:\/\/www.azcentralcu.org\/es\/wp-json\/wp\/v2\/users\/7"}],"replies":[{"embeddable":true,"href":"https:\/\/www.azcentralcu.org\/es\/wp-json\/wp\/v2\/comments?post=8114"}],"version-history":[{"count":6,"href":"https:\/\/www.azcentralcu.org\/es\/wp-json\/wp\/v2\/pages\/8114\/revisions"}],"predecessor-version":[{"id":12152,"href":"https:\/\/www.azcentralcu.org\/es\/wp-json\/wp\/v2\/pages\/8114\/revisions\/12152"}],"wp:attachment":[{"href":"https:\/\/www.azcentralcu.org\/es\/wp-json\/wp\/v2\/media?parent=8114"}],"curies":[{"name":"wp","href":"https:\/\/api.w.org\/{rel}","templated":true}]}}