{"id":3343,"date":"2023-12-04T22:37:24","date_gmt":"2023-12-04T22:37:24","guid":{"rendered":"https:\/\/www.azcentralcu.org\/herramientas-y-recursos-financieros\/savvy-money\/"},"modified":"2026-03-12T00:49:14","modified_gmt":"2026-03-12T00:49:14","slug":"savvy-money","status":"publish","type":"page","link":"https:\/\/www.azcentralcu.org\/es\/herramientas-y-recursos-financieros\/savvy-money\/","title":{"rendered":"Dinero Inteligente"},"content":{"rendered":"<p><div class=\"fusion-fullwidth fullwidth-box fusion-builder-row-1 fusion-flex-container has-pattern-background has-mask-background hundred-percent-fullwidth non-hundred-percent-height-scrolling\" style=\"--awb-border-radius-top-left:0px;--awb-border-radius-top-right:0px;--awb-border-radius-bottom-right:0px;--awb-border-radius-bottom-left:0px;--awb-padding-top:0px;--awb-padding-right:0px;--awb-padding-bottom:0px;--awb-padding-left:0px;--awb-flex-wrap:wrap;\" ><div class=\"fusion-builder-row fusion-row fusion-flex-align-items-stretch fusion-flex-content-wrap\" style=\"width:calc( 100% + 20px ) !important;max-width:calc( 100% + 20px ) !important;margin-left: calc(-20px \/ 2 );margin-right: calc(-20px \/ 2 );\"><div class=\"fusion-layout-column fusion_builder_column fusion-builder-column-0 fusion_builder_column_3_5 3_5 fusion-flex-column\" style=\"--awb-padding-top:96px;--awb-padding-right:15%;--awb-padding-bottom:96px;--awb-padding-left:15%;--awb-overflow:hidden;--awb-bg-color:var(--awb-custom_color_1);--awb-bg-color-hover:var(--awb-custom_color_1);--awb-bg-size:cover;--awb-border-radius:0px 100px 100px 0px;--awb-width-large:60%;--awb-spacing-right-large:10px;--awb-spacing-left-large:10px;--awb-width-medium:60%;--awb-order-medium:0;--awb-spacing-right-medium:10px;--awb-spacing-left-medium:10px;--awb-width-small:100%;--awb-order-small:0;--awb-spacing-right-small:24px;--awb-spacing-left-small:10px;\"><div class=\"fusion-column-wrapper fusion-column-has-shadow fusion-flex-justify-content-flex-start fusion-content-layout-column\"><div class=\"fusion-title title fusion-title-1 fusion-sep-none fusion-title-text fusion-title-size-one\" style=\"--awb-text-color:var(--awb-color1);--awb-margin-bottom:24px;--awb-font-size:64px;\"><h1 class=\"fusion-title-heading title-heading-left fusion-responsive-typography-calculated\" style=\"font-family:&quot;Basic Sans Bold&quot;;font-style:normal;font-weight:400;margin:0;font-size:1em;--fontSize:64;line-height:1.03;\">Monitoreo de Cr\u00e9dito de SavvyMoney<\/h1><\/div><div class=\"fusion-text fusion-text-1 fusion-text-no-margin\" style=\"--awb-font-size:22px;--awb-line-height:26px;--awb-text-color:var(--awb-color1);--awb-margin-bottom:32px;\"><p>\u00a1Mantengase al tanto de su cr\u00e9dito con SavvyMoney!<\/p>\n<\/div><div ><a class=\"fusion-button button-flat fusion-button-default-size button-custom fusion-button-default button-1 fusion-button-default-span fusion-button-default-type\" style=\"--button_accent_color:var(--awb-custom_color_1);--button_accent_hover_color:var(--awb-custom_color_1);--button_border_hover_color:var(--awb-custom_color_1);--button_gradient_top_color:var(--awb-color1);--button_gradient_bottom_color:var(--awb-color1);--button_gradient_top_color_hover:hsla(var(--awb-custom_color_5-h),calc(var(--awb-custom_color_5-s) - 5%),calc(var(--awb-custom_color_5-l) - 10%),var(--awb-custom_color_5-a));--button_gradient_bottom_color_hover:hsla(var(--awb-custom_color_5-h),calc(var(--awb-custom_color_5-s) - 5%),calc(var(--awb-custom_color_5-l) - 10%),var(--awb-custom_color_5-a));\" target=\"_self\" href=\"https:\/\/www.azcentralcuonline.org\/dbank\/live\/app\/login\/consumer\"><span class=\"fusion-button-text\">Inicie sesi\u00f3n para empezar<\/span><\/a><\/div><\/div><\/div><div class=\"fusion-layout-column fusion_builder_column fusion-builder-column-1 fusion_builder_column_2_5 2_5 fusion-flex-column\" style=\"--awb-padding-top:60px;--awb-padding-bottom:60px;--awb-overflow:hidden;--awb-bg-image:url(&#039;https:\/\/www.azcentralcu.org\/wp-content\/uploads\/2026\/03\/SavvyMoney-Banner.png&#039;);--awb-bg-position:center center;--awb-bg-size:cover;--awb-border-radius:100px 0px 0px 100px;--awb-width-large:40%;--awb-spacing-right-large:10px;--awb-spacing-left-large:10px;--awb-width-medium:40%;--awb-order-medium:0;--awb-spacing-right-medium:10px;--awb-spacing-left-medium:10px;--awb-width-small:100%;--awb-order-small:0;--awb-spacing-right-small:10px;--awb-spacing-left-small:24px;\"><div class=\"fusion-column-wrapper fusion-column-has-shadow fusion-flex-justify-content-flex-start fusion-content-layout-column fusion-column-has-bg-image\" data-bg-url=\"https:\/\/www.azcentralcu.org\/wp-content\/uploads\/2026\/03\/SavvyMoney-Banner.png\"><div class=\"fusion-separator fusion-full-width-sep\" style=\"align-self: center;margin-left: auto;margin-right: auto;width:100%;\"><\/div><\/div><\/div><\/div><\/div><div class=\"fusion-fullwidth fullwidth-box fusion-builder-row-2 fusion-flex-container has-pattern-background has-mask-background nonhundred-percent-fullwidth non-hundred-percent-height-scrolling\" style=\"--awb-border-radius-top-left:0px;--awb-border-radius-top-right:0px;--awb-border-radius-bottom-right:0px;--awb-border-radius-bottom-left:0px;--awb-flex-wrap:wrap;\" ><div class=\"fusion-builder-row fusion-row fusion-flex-align-items-center fusion-flex-content-wrap\" style=\"max-width:1248px;margin-left: calc(-4% \/ 2 );margin-right: calc(-4% \/ 2 );\"><div class=\"fusion-layout-column fusion_builder_column fusion-builder-column-2 fusion_builder_column_1_2 1_2 fusion-flex-column\" style=\"--awb-bg-size:cover;--awb-width-large:50%;--awb-spacing-right-large:3.84%;--awb-spacing-left-large:3.84%;--awb-width-medium:50%;--awb-order-medium:0;--awb-spacing-right-medium:3.84%;--awb-spacing-left-medium:3.84%;--awb-width-small:100%;--awb-order-small:0;--awb-spacing-right-small:1.92%;--awb-spacing-left-small:1.92%;\"><div class=\"fusion-column-wrapper fusion-column-has-shadow fusion-flex-justify-content-flex-start fusion-content-layout-column\"><div class=\"fusion-image-element \" style=\"text-align:center;--awb-aspect-ratio:1 \/ 1;--awb-object-position:49% 47%;--awb-max-width:500px;--awb-caption-title-font-family:var(--h2_typography-font-family);--awb-caption-title-font-weight:var(--h2_typography-font-weight);--awb-caption-title-font-style:var(--h2_typography-font-style);--awb-caption-title-size:var(--h2_typography-font-size);--awb-caption-title-transform:var(--h2_typography-text-transform);--awb-caption-title-line-height:var(--h2_typography-line-height);--awb-caption-title-letter-spacing:var(--h2_typography-letter-spacing);\"><div style=\"display:inline-block;width:500px;\"><span class=\" fusion-imageframe imageframe-none imageframe-1 hover-type-none has-aspect-ratio circles\" style=\"border-radius:110px;\"><img decoding=\"async\" width=\"470\" height=\"450\" title=\"SavvyMoney-Module-3-26\" src=\"https:\/\/www.azcentralcu.org\/wp-content\/uploads\/2026\/03\/SavvyMoney-Module-3-26.png\" class=\"img-responsive wp-image-12420 img-with-aspect-ratio\" alt \/><\/span><\/div><\/div><\/div><\/div><div class=\"fusion-layout-column fusion_builder_column fusion-builder-column-3 fusion_builder_column_1_2 1_2 fusion-flex-column\" style=\"--awb-bg-size:cover;--awb-width-large:50%;--awb-spacing-right-large:3.84%;--awb-spacing-left-large:3.84%;--awb-width-medium:50%;--awb-order-medium:0;--awb-spacing-right-medium:3.84%;--awb-spacing-left-medium:3.84%;--awb-width-small:100%;--awb-order-small:0;--awb-spacing-right-small:1.92%;--awb-spacing-left-small:1.92%;\"><div class=\"fusion-column-wrapper fusion-column-has-shadow fusion-flex-justify-content-flex-start fusion-content-layout-column\"><div class=\"fusion-title title fusion-title-2 fusion-sep-none fusion-title-text fusion-title-size-two\"><h2 class=\"fusion-title-heading title-heading-left fusion-responsive-typography-calculated\" style=\"margin:0;--fontSize:46;line-height:var(--awb-typography2-line-height);\">La puntuaci\u00f3n de cr\u00e9dito que cuenta la historia completa&#8230;<\/h2><\/div><div class=\"fusion-text fusion-text-2\"><h5 data-fontsize=\"22\" style=\"--fontSize: 22; line-height: 1.1; --minFontSize: 22;\" data-lineheight=\"24.2px\" class=\"fusion-responsive-typography-calculated\"><span style=\"color: rgb(51, 51, 51); font-family: 'Basic Sans Light'; font-size: 16px; letter-spacing: 0.24px; background-color: rgba(0, 0, 0, 0);\">Tu puntuaci\u00f3n de cr\u00e9dito no es solo un n\u00famero; es una perspectiva que conecta tus h\u00e1bitos financieros, metas, oportunidades y mucho m\u00e1s. Con Credit Score, te ofrecemos acceso GRATIS a tu puntuaci\u00f3n y informe de cr\u00e9dito. En particular, el <b>M\u00f3dulo de Deuda-Ingreso<\/b> <i>\u2014una funci\u00f3n m\u00e1s reciente dentro de la soluci\u00f3n\u2014<\/i> consolida tus ingresos y pagos mensuales de deudas en una vista \u00fanica y f\u00e1cil de entender, ayud\u00e1ndote a ver con claridad cu\u00e1l es tu situaci\u00f3n actual, a dar seguimiento al progreso y a tomar decisiones informadas sobre tu futuro financiero.<br \/><\/span><\/h5>\n<p><b>Puedes acceder al M\u00f3dulo de Deuda-Ingreso, junto con las siguientes funciones, dentro de Credit Score:<\/b><span style=\"color: rgb(51, 51, 51); font-family: 'Basic Sans Light'; font-size: 16px; letter-spacing: 0.24px; background-color: rgba(0, 0, 0, 0);\"><\/span><\/p>\n<ul>\n<li>Informe de cr\u00e9dito personalizado<\/li>\n<li>Alertas de monitoreo de cr\u00e9dito en tiempo real<\/li>\n<li>Simulador de puntuaci\u00f3n de cr\u00e9dito<\/li>\n<li>Plan de acci\u00f3n para la puntuaci\u00f3n de cr\u00e9dito<\/li>\n<li>Educaci\u00f3n sobre puntuaci\u00f3n de cr\u00e9dito<\/li>\n<\/ul>\n<p><b><i>Toma el control de tu futuro financiero con herramientas dise\u00f1adas para ponerle en control.<\/i><\/b><\/p>\n<\/div><div ><a class=\"fusion-button button-flat fusion-button-default-size button-default fusion-button-default button-2 fusion-button-default-span fusion-button-default-type\" target=\"_self\" href=\"https:\/\/www.azcentralcuonline.org\/dbank\/live\/app\/login\/consumer\"><span class=\"fusion-button-text\">inscr\u00edbete hoy<\/span><\/a><\/div><\/div><\/div><\/div><\/div><div class=\"fusion-fullwidth fullwidth-box fusion-builder-row-3 fusion-flex-container has-pattern-background has-mask-background nonhundred-percent-fullwidth non-hundred-percent-height-scrolling\" style=\"--awb-border-radius-top-left:0px;--awb-border-radius-top-right:0px;--awb-border-radius-bottom-right:0px;--awb-border-radius-bottom-left:0px;--awb-flex-wrap:wrap;\" ><div class=\"fusion-builder-row fusion-row fusion-flex-align-items-center fusion-flex-content-wrap\" style=\"max-width:1248px;margin-left: calc(-4% \/ 2 );margin-right: calc(-4% \/ 2 );\"><div class=\"fusion-layout-column fusion_builder_column fusion-builder-column-4 fusion_builder_column_1_3 1_3 fusion-flex-column\" style=\"--awb-bg-size:cover;--awb-width-large:33.333333333333%;--awb-spacing-right-large:5.76%;--awb-spacing-left-large:5.76%;--awb-width-medium:33.333333333333%;--awb-order-medium:0;--awb-spacing-right-medium:5.76%;--awb-spacing-left-medium:5.76%;--awb-width-small:100%;--awb-order-small:1;--awb-spacing-right-small:1.92%;--awb-spacing-left-small:1.92%;\"><div class=\"fusion-column-wrapper fusion-column-has-shadow fusion-flex-justify-content-flex-start fusion-content-layout-column\"><div class=\"fusion-title title fusion-title-3 fusion-sep-none fusion-title-text fusion-title-size-two\"><h2 class=\"fusion-title-heading title-heading-left fusion-responsive-typography-calculated\" style=\"margin:0;--fontSize:46;line-height:var(--awb-typography2-line-height);\">Conveniente.<\/h2><\/div><div class=\"fusion-text fusion-text-3\"><p>\u00a1SavvyMoney le permite acceder a su puntaje de cr\u00e9dito, informe de cr\u00e9dito, ofertas personalizadas para ahorrar dinero, art\u00edculos de educaci\u00f3n financiera y mucho m\u00e1s! Recibir\u00e1 actualizaciones diarias y aprender\u00e1 c\u00f3mo mejorar y mantener su puntaje crediticio facil. <b>SavvyMoney monitorea su informe crediticio a diario y le env\u00eda una notificaci\u00f3n si ha habido alg\u00fan cambio. <\/b>Tambi\u00e9n puede optar por recibir correos electr\u00f3nicos cuando se haya abierto una nueva cuenta, haya habido un cambio en su informaci\u00f3n personal, una delincuencia recientemente informada o si se ha producido alg\u00fan fraude. Con esta plataforma, siempre sabr\u00e1 c\u00f3mo est\u00e1 su cr\u00e9dito y podr\u00e1 mantenerse al tanto de sus n\u00fameros.<\/p>\n<\/div><\/div><\/div><div class=\"fusion-layout-column fusion_builder_column fusion-builder-column-5 fusion_builder_column_1_3 1_3 fusion-flex-column\" style=\"--awb-bg-size:cover;--awb-width-large:33.333333333333%;--awb-spacing-right-large:5.76%;--awb-spacing-left-large:5.76%;--awb-width-medium:33.333333333333%;--awb-order-medium:0;--awb-spacing-right-medium:5.76%;--awb-spacing-left-medium:5.76%;--awb-width-small:100%;--awb-order-small:0;--awb-spacing-right-small:1.92%;--awb-spacing-left-small:1.92%;\"><div class=\"fusion-column-wrapper fusion-column-has-shadow fusion-flex-justify-content-flex-start fusion-content-layout-column\"><div class=\"fusion-title title fusion-title-4 fusion-sep-none fusion-title-text fusion-title-size-two\"><h2 class=\"fusion-title-heading title-heading-left fusion-responsive-typography-calculated\" style=\"margin:0;--fontSize:46;line-height:var(--awb-typography2-line-height);\">Instante.<\/h2><\/div><div class=\"fusion-text fusion-text-4\"><p>\u00a1Esta programa cambia las reglas y estamos muy emocionados de poder ofrecerla a nuestros miembros de forma gratuita! SavvyMoney le brinda acceso instant\u00e1neo a su puntaje de cr\u00e9dito e informe de cr\u00e9dito con actualizaciones diarias sobre su situaci\u00f3n sin afectar su puntaje. Le ayudar\u00e1 a comprender los factores clave que afectan su puntaje y ver las ofertas m\u00e1s actualizadas que le ayudar\u00e1n a reducir los costos de intereses. <b>SavvyMoney le proporciona toda la informaci\u00f3n que solo encontrar\u00e1 en su archivo de cr\u00e9dito, que incluye una lista de pr\u00e9stamos abiertos, cuentas y consultas de cr\u00e9dito. <\/b>Tambi\u00e9n ver\u00e1 detalles sobre su historial de pagos, uso de cr\u00e9dito y registros p\u00fablicos de su cuenta.<\/p>\n<\/div><\/div><\/div><div class=\"fusion-layout-column fusion_builder_column fusion-builder-column-6 fusion_builder_column_1_3 1_3 fusion-flex-column\" style=\"--awb-bg-size:cover;--awb-width-large:33.333333333333%;--awb-spacing-right-large:5.76%;--awb-spacing-left-large:5.76%;--awb-width-medium:33.333333333333%;--awb-order-medium:0;--awb-spacing-right-medium:5.76%;--awb-spacing-left-medium:5.76%;--awb-width-small:100%;--awb-order-small:1;--awb-spacing-right-small:1.92%;--awb-spacing-left-small:1.92%;\"><div class=\"fusion-column-wrapper fusion-column-has-shadow fusion-flex-justify-content-flex-start fusion-content-layout-column\"><div class=\"fusion-title title fusion-title-5 fusion-sep-none fusion-title-text fusion-title-size-two\"><h2 class=\"fusion-title-heading title-heading-left fusion-responsive-typography-calculated\" style=\"margin:0;--fontSize:46;line-height:var(--awb-typography2-line-height);\">Informativo.<\/h2><\/div><div class=\"fusion-text fusion-text-5\"><p>Adem\u00e1s de tener su puntaje de cr\u00e9dito e informe de cr\u00e9dito al alcance, con SavvyMoney tambi\u00e9n tendr\u00e1 acceso inmediato a muchos consejos y art\u00edculos de educaci\u00f3n financiera. Nunca tendr\u00e1 que preocuparse por buscar respuestas en otro lugar. \u00a1Su entrada gratis a SavvyMoney a trav\u00e9s de su cuenta bancaria en l\u00ednea con Arizona Central Credit Union es todo lo que necesita para ayudarle a mantener su cr\u00e9dito saludable y su vida financiera pr\u00f3spera! <b>Puede acceder a cuestionarios y contenido interactivo y atractivo para ayudarle a mejorar su bienestar financiero.<\/b> \u00a1Un programa de educaci\u00f3n financiera bien organizado y personalizado dise\u00f1ado para ayudarle a alcanzar sus metas financieras en poco tiempo!<\/p>\n<\/div><\/div><\/div><\/div><\/div><div class=\"fusion-fullwidth fullwidth-box fusion-builder-row-4 fusion-flex-container has-pattern-background has-mask-background nonhundred-percent-fullwidth non-hundred-percent-height-scrolling\" style=\"--awb-border-radius-top-left:0px;--awb-border-radius-top-right:0px;--awb-border-radius-bottom-right:0px;--awb-border-radius-bottom-left:0px;--awb-flex-wrap:wrap;\" ><div class=\"fusion-builder-row fusion-row fusion-flex-align-items-center fusion-flex-content-wrap\" style=\"max-width:1248px;margin-left: calc(-4% \/ 2 );margin-right: calc(-4% \/ 2 );\"><div class=\"fusion-layout-column fusion_builder_column fusion-builder-column-7 fusion_builder_column_1_2 1_2 fusion-flex-column\" style=\"--awb-bg-size:cover;--awb-width-large:50%;--awb-spacing-right-large:3.84%;--awb-spacing-left-large:3.84%;--awb-width-medium:50%;--awb-order-medium:0;--awb-spacing-right-medium:3.84%;--awb-spacing-left-medium:3.84%;--awb-width-small:100%;--awb-order-small:0;--awb-spacing-right-small:1.92%;--awb-spacing-left-small:1.92%;\"><div class=\"fusion-column-wrapper fusion-column-has-shadow fusion-flex-justify-content-flex-start fusion-content-layout-column\"><div class=\"fusion-text fusion-text-6\"><h1><img decoding=\"async\" class=\"alignnone size-full wp-image-2279\" src=\"https:\/\/www.azcentralcu.org\/wp-content\/uploads\/2023\/11\/icon-shapes-21.svg\" alt=\"\"> Paso 1: Iniciar sesi\u00f3n<\/h1>\n<p style=\"font-size: 18px;\" data-fusion-font=\"true\">Para empezar, inicia sesi\u00f3n en eBRANCH o en la app de banco m\u00f3vil de AZCCU.<\/p>\n<p style=\"font-size: 18px;\" data-fusion-font=\"true\">\n<p style=\"font-size: 18px;\" data-fusion-font=\"true\">\n<h1><img decoding=\"async\" class=\"alignnone size-full wp-image-2278\" style=\"color: var(--awb-text-color); font-family: var(--awb-text-font-family); font-size: var(--awb-font-size); font-style: var(--awb-text-font-style); font-weight: var(--awb-text-font-weight); letter-spacing: var(--awb-letter-spacing); text-align: var(--awb-content-alignment); text-transform: var(--awb-text-transform); background-color: var(--awb-bg-color-hover);\" src=\"https:\/\/www.azcentralcu.org\/wp-content\/uploads\/2023\/11\/icon-shapes-22.svg\" alt=\"\"> Paso 2: Navegar<\/h1>\n<p style=\"font-size: 18px;\" data-fusion-font=\"true\">Haz clic en &#8216;M\u00e1s&#8217; y luego en &#8216;Puntaje de cr\u00e9dito&#8217; para acceder a la p\u00e1gina de SavvyMoney.<\/p>\n<p style=\"font-size: 18px;\" data-fusion-font=\"true\">\n<p style=\"font-size: 18px;\" data-fusion-font=\"true\">\n<h1><img decoding=\"async\" class=\"alignnone size-full wp-image-2127\" style=\"color: var(--awb-text-color); font-family: var(--awb-text-font-family); font-size: var(--awb-font-size); font-style: var(--awb-text-font-style); font-weight: var(--awb-text-font-weight); letter-spacing: var(--awb-letter-spacing); text-align: var(--awb-content-alignment); text-transform: var(--awb-text-transform); background-color: var(--awb-bg-color-hover);\" src=\"https:\/\/www.azcentralcu.org\/wp-content\/uploads\/2023\/11\/icon-shapes-12.svg\" alt=\"\"> Paso 3: Inscribir<\/h1>\n<p style=\"font-size: 18px;\" data-fusion-font=\"true\">\u00a1Reg\u00edstrate para empezar a monitorear tu puntaje de cr\u00e9dito GRATIS!<\/p>\n<\/div><\/div><\/div><div class=\"fusion-layout-column fusion_builder_column fusion-builder-column-8 fusion_builder_column_1_2 1_2 fusion-flex-column\" style=\"--awb-bg-size:cover;--awb-width-large:50%;--awb-spacing-right-large:3.84%;--awb-spacing-left-large:3.84%;--awb-width-medium:50%;--awb-order-medium:0;--awb-spacing-right-medium:3.84%;--awb-spacing-left-medium:3.84%;--awb-width-small:100%;--awb-order-small:0;--awb-spacing-right-small:1.92%;--awb-spacing-left-small:1.92%;\"><div class=\"fusion-column-wrapper fusion-column-has-shadow fusion-flex-justify-content-flex-start fusion-content-layout-column\"><div class=\"fusion-video fusion-selfhosted-video\" style=\"max-width:100%;\"><div class=\"video-wrapper\"><video playsinline=\"true\" width=\"100%\" style=\"object-fit: cover;\" autoplay=\"true\" muted=\"true\" loop=\"true\" preload=\"auto\"><source src=\"https:\/\/www.azcentralcu.org\/wp-content\/uploads\/2026\/03\/SavvyMoney-Video-Module.mp4\" type=\"video\/mp4\">Sorry, your browser doesn&#039;t support embedded videos.<\/video><\/div><\/div><\/div><\/div><\/div><\/div><\/p>\n","protected":false},"excerpt":{"rendered":"","protected":false},"author":1,"featured_media":0,"parent":3291,"menu_order":0,"comment_status":"closed","ping_status":"closed","template":"100-width.php","meta":{"footnotes":""},"acf":[],"yoast_head":"<!-- This site is optimized with the Yoast SEO plugin v21.7 - https:\/\/yoast.com\/wordpress\/plugins\/seo\/ -->\n<title>Savvy Money | Arizona Central Credit Union<\/title>\n<meta name=\"description\" content=\"Registrese en Arizona Central Credit Union y obtenga acceso automatico a SavvyMoney, un programa gratuito e integral de informes crediticios.\" \/>\n<meta name=\"robots\" content=\"index, follow, max-snippet:-1, max-image-preview:large, max-video-preview:-1\" \/>\n<link rel=\"canonical\" href=\"https:\/\/www.azcentralcu.org\/es\/herramientas-y-recursos-financieros\/savvy-money\/\" \/>\n<meta property=\"og:locale\" content=\"es_ES\" \/>\n<meta property=\"og:type\" content=\"article\" \/>\n<meta property=\"og:title\" content=\"Savvy Money | Arizona Central Credit Union\" \/>\n<meta property=\"og:description\" content=\"Registrese en Arizona Central Credit Union y obtenga acceso automatico a SavvyMoney, un programa gratuito e integral de informes crediticios.\" \/>\n<meta property=\"og:url\" content=\"https:\/\/www.azcentralcu.org\/es\/herramientas-y-recursos-financieros\/savvy-money\/\" \/>\n<meta property=\"og:site_name\" content=\"Arizona Central Credit Union\" \/>\n<meta property=\"article:modified_time\" content=\"2026-03-12T00:49:14+00:00\" \/>\n<meta property=\"og:image\" content=\"https:\/\/www.azcentralcu.org\/wp-content\/uploads\/2023\/11\/icon-shapes-21.svg\" \/>\n<meta name=\"twitter:card\" content=\"summary_large_image\" \/>\n<meta name=\"twitter:title\" content=\"Savvy Money | Arizona Central Credit Union\" \/>\n<meta name=\"twitter:description\" content=\"Registrese en Arizona Central Credit Union y obtenga acceso automatico a SavvyMoney, un programa gratuito e integral de informes crediticios.\" \/>\n<meta name=\"twitter:label1\" content=\"Est. reading time\" \/>\n\t<meta name=\"twitter:data1\" content=\"3 minutes\" \/>\n<!-- \/ Yoast SEO plugin. -->","yoast_head_json":{"title":"Savvy Money | Arizona Central Credit Union","description":"Registrese en Arizona Central Credit Union y obtenga acceso automatico a SavvyMoney, un programa gratuito e integral de informes crediticios.","robots":{"index":"index","follow":"follow","max-snippet":"max-snippet:-1","max-image-preview":"max-image-preview:large","max-video-preview":"max-video-preview:-1"},"canonical":"https:\/\/www.azcentralcu.org\/es\/herramientas-y-recursos-financieros\/savvy-money\/","og_locale":"es_ES","og_type":"article","og_title":"Savvy Money | Arizona Central Credit Union","og_description":"Registrese en Arizona Central Credit Union y obtenga acceso automatico a SavvyMoney, un programa gratuito e integral de informes crediticios.","og_url":"https:\/\/www.azcentralcu.org\/es\/herramientas-y-recursos-financieros\/savvy-money\/","og_site_name":"Arizona Central Credit Union","article_modified_time":"2026-03-12T00:49:14+00:00","og_image":[{"url":"https:\/\/www.azcentralcu.org\/wp-content\/uploads\/2023\/11\/icon-shapes-21.svg"}],"twitter_card":"summary_large_image","twitter_title":"Savvy Money | Arizona Central Credit Union","twitter_description":"Registrese en Arizona Central Credit Union y obtenga acceso automatico a SavvyMoney, un programa gratuito e integral de informes crediticios.","twitter_misc":{"Est. reading time":"3 minutes"},"schema":{"@context":"https:\/\/schema.org","@graph":[{"@type":"WebPage","@id":"https:\/\/www.azcentralcu.org\/es\/herramientas-y-recursos-financieros\/savvy-money\/","url":"https:\/\/www.azcentralcu.org\/es\/herramientas-y-recursos-financieros\/savvy-money\/","name":"Savvy Money | Arizona Central Credit Union","isPartOf":{"@id":"https:\/\/www.azcentralcu.org\/es\/#website"},"datePublished":"2023-12-04T22:37:24+00:00","dateModified":"2026-03-12T00:49:14+00:00","description":"Registrese en Arizona Central Credit Union y obtenga acceso automatico a SavvyMoney, un programa gratuito e integral de informes crediticios.","breadcrumb":{"@id":"https:\/\/www.azcentralcu.org\/es\/herramientas-y-recursos-financieros\/savvy-money\/#breadcrumb"},"inLanguage":"es-ES","potentialAction":[{"@type":"ReadAction","target":["https:\/\/www.azcentralcu.org\/es\/herramientas-y-recursos-financieros\/savvy-money\/"]}]},{"@type":"BreadcrumbList","@id":"https:\/\/www.azcentralcu.org\/es\/herramientas-y-recursos-financieros\/savvy-money\/#breadcrumb","itemListElement":[{"@type":"ListItem","position":1,"name":"Home","item":"https:\/\/www.azcentralcu.org\/es\/"},{"@type":"ListItem","position":2,"name":"Herramientas y Recursos Financieros","item":"https:\/\/www.azcentralcu.org\/es\/herramientas-y-recursos-financieros\/"},{"@type":"ListItem","position":3,"name":"Dinero Inteligente"}]},{"@type":"WebSite","@id":"https:\/\/www.azcentralcu.org\/es\/#website","url":"https:\/\/www.azcentralcu.org\/es\/","name":"Arizona Central Credit Union","description":"","potentialAction":[{"@type":"SearchAction","target":{"@type":"EntryPoint","urlTemplate":"https:\/\/www.azcentralcu.org\/es\/?s={search_term_string}"},"query-input":"required name=search_term_string"}],"inLanguage":"es-ES"}]}},"_links":{"self":[{"href":"https:\/\/www.azcentralcu.org\/es\/wp-json\/wp\/v2\/pages\/3343"}],"collection":[{"href":"https:\/\/www.azcentralcu.org\/es\/wp-json\/wp\/v2\/pages"}],"about":[{"href":"https:\/\/www.azcentralcu.org\/es\/wp-json\/wp\/v2\/types\/page"}],"author":[{"embeddable":true,"href":"https:\/\/www.azcentralcu.org\/es\/wp-json\/wp\/v2\/users\/1"}],"replies":[{"embeddable":true,"href":"https:\/\/www.azcentralcu.org\/es\/wp-json\/wp\/v2\/comments?post=3343"}],"version-history":[{"count":12,"href":"https:\/\/www.azcentralcu.org\/es\/wp-json\/wp\/v2\/pages\/3343\/revisions"}],"predecessor-version":[{"id":12430,"href":"https:\/\/www.azcentralcu.org\/es\/wp-json\/wp\/v2\/pages\/3343\/revisions\/12430"}],"up":[{"embeddable":true,"href":"https:\/\/www.azcentralcu.org\/es\/wp-json\/wp\/v2\/pages\/3291"}],"wp:attachment":[{"href":"https:\/\/www.azcentralcu.org\/es\/wp-json\/wp\/v2\/media?parent=3343"}],"curies":[{"name":"wp","href":"https:\/\/api.w.org\/{rel}","templated":true}]}}