{"id":3288,"date":"2023-10-12T18:07:32","date_gmt":"2023-10-12T18:07:32","guid":{"rendered":"https:\/\/www.azcentralcu.org\/privacy-policy\/"},"modified":"2023-12-23T00:15:12","modified_gmt":"2023-12-23T00:15:12","slug":"poliza-de-privacidad","status":"publish","type":"page","link":"https:\/\/www.azcentralcu.org\/es\/poliza-de-privacidad\/","title":{"rendered":"P\u00f3liza de Privacidad"},"content":{"rendered":"<div class=\"fusion-fullwidth fullwidth-box fusion-builder-row-1 fusion-flex-container nonhundred-percent-fullwidth non-hundred-percent-height-scrolling\" style=\"--awb-border-radius-top-left:0px;--awb-border-radius-top-right:0px;--awb-border-radius-bottom-right:0px;--awb-border-radius-bottom-left:0px;--awb-flex-wrap:wrap;\" ><div class=\"fusion-builder-row fusion-row fusion-flex-align-items-flex-start fusion-flex-content-wrap\" style=\"max-width:1248px;margin-left: calc(-4% \/ 2 );margin-right: calc(-4% \/ 2 );\"><div class=\"fusion-layout-column fusion_builder_column fusion-builder-column-0 fusion_builder_column_1_1 1_1 fusion-flex-column\" style=\"--awb-bg-blend:overlay;--awb-bg-size:cover;--awb-width-large:100%;--awb-margin-top-large:0px;--awb-spacing-right-large:1.92%;--awb-margin-bottom-large:0px;--awb-spacing-left-large:1.92%;--awb-width-medium:100%;--awb-spacing-right-medium:1.92%;--awb-spacing-left-medium:1.92%;--awb-width-small:100%;--awb-spacing-right-small:1.92%;--awb-spacing-left-small:1.92%;\"><div class=\"fusion-column-wrapper fusion-flex-justify-content-flex-start fusion-content-layout-column\"><div class=\"fusion-text fusion-text-1\"><h2>DATOS<\/h2>\n<div class=\"border-div\">\n<p><b>\u00bfQU\u00c9 HACE ARIZONA CENTRAL CREDIT UNION CON SU INFORMACI\u00d3N PERSONAL?<\/b><\/p>\n<h2>\u00bfPorqu\u00e9?<\/h2>\n<p>Las compa\u00f1\u00edas financieras eligen c\u00f3mo compartir su informaci\u00f3n personal. La ley federal otorga a los consumidores el derecho de limitar algunos, pero no todos al intercambio. La ley federal tambi\u00e9n nos exige que le informemos c\u00f3mo colectamos, compartimos y protegemos su informaci\u00f3n personal. Lea atentamente este aviso para comprender lo que hacemos.<\/p>\n<h2>\u00bfQu\u00e9?<\/h2>\n<p>Los tipos de informaci\u00f3n personal que colectamos y compartimos dependen del producto o servicio que tenga con nosotros. Esta informaci\u00f3n puede incluir:<br \/>\n&#8211; N\u00famero de seguro social y balances de cuentas.<br \/>\n&#8211; Transacciones de cuenta e historial crediticio.<br \/>\n&#8211; Informaci\u00f3n de empleo e historial de transacciones o p\u00e9rdidas<\/p>\n<h2>\u00bfCom\u00f3?<\/h2>\n<p>Todas las compa\u00f1\u00edas financieras necesitan compartir la informaci\u00f3n personal de los miembros para ejecutar sus negocios diarios. En la secci\u00f3n a continuaci\u00f3n, enumeramos las razones por cuales compa\u00f1\u00edas financieras pueden compartir la informaci\u00f3n personal de sus miembros; las razones por las que Arizona Central Credit Union elige compartir; y si puede limitar este intercambio.<\/p>\n<\/div>\n<\/div>\n<div class=\"table-1\" style=\"--awb-margin-bottom:48px;\">\n<table style=\"width: 671px;\" border=\"1\" cellspacing=\"1\" cellpadding=\"1\">\n<tbody>\n<tr>\n<td><strong>Razones por las que podemos compartir su informaci\u00f3n personal.<\/strong><\/td>\n<td style=\"width: 122px;\"><strong>\u00bfLo comparte Arizona Central Credit Union?<\/strong><\/td>\n<td style=\"width: 121px;\"><strong>\u00bfUsted puede limitar este intercambio?<\/strong><\/td>\n<\/tr>\n<tr>\n<td><strong>Para nuestros prop\u00f3sitos comerciales cotidianos &#8211; <\/strong><br \/>\ncomo para procesar sus transacciones, mantener su(s) cuenta(s), responder a \u00f3rdenes judiciales e investigaciones legales, o informar a las agencias de cr\u00e9dito<\/td>\n<td class=\"text-align-center\" style=\"width: 122px;\">Si<\/td>\n<td class=\"text-align-center\" style=\"width: 121px;\">No<\/td>\n<\/tr>\n<tr>\n<td><strong>Para nuestros prop\u00f3sitos de marketing &#8211; <\/strong><br \/>\nofrecerle nuestros productos y servicios.<\/td>\n<td class=\"text-align-center\" style=\"width: 122px;\">Si<\/td>\n<td class=\"text-align-center\" style=\"width: 121px;\">Si<\/td>\n<\/tr>\n<tr>\n<td><strong>Para marketing conjunto con otras empresas financieras<\/strong><\/td>\n<td class=\"text-align-center\" style=\"width: 122px;\">Si<\/td>\n<td class=\"text-align-center\" style=\"width: 121px;\">Si<\/td>\n<\/tr>\n<tr>\n<td><strong>Para prop\u00f3sitos comerciales de nuestros afiliados &#8211;<\/strong> informaci\u00f3n sobre sus transacciones y experiencias.<\/td>\n<td class=\"text-align-center\" style=\"width: 122px;\">No<\/td>\n<td class=\"text-align-center\" style=\"width: 121px;\">No Compartimos<\/td>\n<\/tr>\n<tr>\n<td><strong>Para prop\u00f3sitos comerciales de nuestros afiliados &#8211; <\/strong>informaci\u00f3n sobre su solvencia crediticia<\/td>\n<td class=\"text-align-center\" style=\"width: 122px;\">No<\/td>\n<td class=\"text-align-center\" style=\"width: 121px;\">No Compartimos<\/td>\n<\/tr>\n<tr>\n<td><strong>Para los no afiliados comercializar a usted.<\/strong><\/td>\n<td class=\"text-align-center\" style=\"width: 122px;\">No<\/td>\n<td class=\"text-align-center\" style=\"width: 121px;\">No Compartimos<\/td>\n<\/tr>\n<\/tbody>\n<\/table>\n<\/div>\n<div class=\"fusion-text fusion-text-2\"><h2>Para Limitar Nuestro Intercambio<\/h2>\n<p>&#8211; Llamada gratuita 1-866-264-6421<\/p>\n<p>Si es miembro nuevo, podemos comenzar a compartir su informaci\u00f3n 30 d\u00edas despu\u00e9s de la fecha en que le enviemos este aviso. Cuando ya no sea nuestro miembro, continuaremos compartiendo su informaci\u00f3n como se describe en este aviso.<\/p>\n<p>Sin embargo, puede contactarnos en cualquier momento para limitar nuestro uso compartido.<\/p>\n<h2>\u00bfPreguntas?<\/h2>\n<p>Llamada gratuita 1-866-264-6421 o visite www.azcentralcu.org<\/p>\n<h2>Lo Que Hacemos<\/h2>\n<p><strong>\u00bfC\u00f3mo protege Arizona Central Credit Union mi informaci\u00f3n personal?<\/strong><\/p>\n<p>Para proteger su informaci\u00f3n personal del acceso y uso no autorizados, utilizamos medidas de seguridad que cumplen con la ley federal. Estas medidas incluyen protecciones inform\u00e1ticas y archivos y edificios seguros. El acceso a la informaci\u00f3n personal no p\u00fablica est\u00e1 restringido a los empleados que lo necesitan para servirle. Mantenemos medidas de seguridad f\u00edsicas, electr\u00f3nicas o de procedimiento que cumplen con las regulaciones federales para proteger su informaci\u00f3n.<\/p>\n<p><strong>\u00bfC\u00f3mo Arizona Central Credit Union recauda mi informaci\u00f3n personal?<\/strong><\/p>\n<p>Colectamos su informaci\u00f3n personal, por ejemplo, cuando usted:<br \/>\n&#8211; abra una cuenta o solicite un pr\u00e9stamo<br \/>\n&#8211; use su tarjeta de cr\u00e9dito o d\u00e9bito o nos de su informaci\u00f3n de empleo<br \/>\n&#8211; haga depositos o retiros de su cuenta<br \/>\nTambi\u00e9n colectamos su informaci\u00f3n personal de otros, como agencias de cr\u00e9dito, afiliados o otras compa\u00f1\u00edas.<\/p>\n<p><strong>\u00bfPor qu\u00e9 no puedo limitar todo el intercambio?<\/strong><br \/>\nLa ley federal le otorga el derecho de limitar solamente<br \/>\n&#8211; compartir para prop\u00f3sitos comerciales cotidianos de los afiliados- informaci\u00f3n sobre su solvencia crediticia<br \/>\n&#8211; afiliados de usar su informaci\u00f3n para comercializar a usted<br \/>\n&#8211; compartir para los no afiliados para comercializar a usted<br \/>\nLa ley estatal y compa\u00f1\u00edas individuales pueden otorgarle derechos adicionales para limitar el intercambio.<\/p>\n<p><strong>\u00bfQu\u00e9 sucede cuando limito el uso compartido de una cuenta que tengo con otra persona?<\/strong><br \/>\nSus opciones se aplicar\u00e1n a todos en su cuenta &#8211; al menos que nos indique lo contrario.<\/p>\n<h2>Definiciones<\/h2>\n<p><strong>Afiliados<\/strong><br \/>\nEmpresas relacionadas por titularidad o control com\u00fan. Ellos pueden ser compa\u00f1\u00edas financieras o no financieras.<br \/>\n&#8211; Arizona Central Credit Union no tiene afiliados<\/p>\n<p><strong>No afiliados<\/strong><br \/>\nEmpresas no relacionadas por titularidad o control com\u00fan. Ellos pueden ser compa\u00f1\u00edas financieras o no financieras.<br \/>\n&#8211; No afiliados que compartimos pueden incluir compa\u00f1\u00edas de seguros, agencias de gobierno, procesadores de tarjetas pl\u00e1sticas (cr\u00e9dito\/d\u00e9bito\/cajero autom\u00e1tico), editores o impresores de estados financieros, casas de correo, compa\u00f1\u00edas de servicios hipotecarios, agencias de informes de consumidores, procesadores de datos y impresoras de borrador \/ cheques<\/p>\n<p><strong>Marketing Conjunta<\/strong><br \/>\nUn acuerdo formal entre compa\u00f1\u00edas financieras no afiliadas que comercializan productos o servicios financieros para usted.<br \/>\n&#8211; Nuestros socios de Marketing Conjunta incluyen MEMBERCONNECT de CUNA Mutual Group y programas de recaptura de pr\u00e9stamos<\/p>\n<h2>Otra Informaci<strong>\u00f3<\/strong>n Importante<\/h2>\n<p><strong>Datos de ubicaci\u00f3n.<\/strong><br \/>\nNuestra aplicaci\u00f3n de banco\u00a0m\u00f3vil recopila, transmite y utiliza peri\u00f3dicamente datos de ubicaci\u00f3n para respaldar funciones que nos permiten comunicarnos con usted por diversos motivos, como cierres, marketing, mantenimiento y alertas de fraude, pero solo si usted autoriza expresamente la recopilaci\u00f3n de dicha informaci\u00f3n. Puede elegir si los datos de ubicaci\u00f3n se pueden monitorear de forma continua en segundo plano, solo mientras se usa la aplicaci\u00f3n, o no se pueden monitorear en absoluto. Puede cambiar sus permisos de ubicaci\u00f3n en cualquier momento en la configuraci\u00f3n de su dispositivo.<\/p>\n<\/div><\/div><\/div><\/div><\/div>\n","protected":false},"excerpt":{"rendered":"","protected":false},"author":1,"featured_media":0,"parent":0,"menu_order":0,"comment_status":"closed","ping_status":"open","template":"100-width.php","meta":{"footnotes":""},"acf":[],"yoast_head":"<!-- This site is optimized with the Yoast SEO plugin v21.7 - https:\/\/yoast.com\/wordpress\/plugins\/seo\/ -->\n<title>P\u00f3liza de Privacidad - Arizona Central Credit Union<\/title>\n<meta name=\"robots\" content=\"index, follow, max-snippet:-1, max-image-preview:large, max-video-preview:-1\" \/>\n<link rel=\"canonical\" href=\"https:\/\/www.azcentralcu.org\/es\/poliza-de-privacidad\/\" \/>\n<meta property=\"og:locale\" content=\"es_ES\" \/>\n<meta property=\"og:type\" content=\"article\" \/>\n<meta property=\"og:title\" content=\"P\u00f3liza de Privacidad - Arizona Central Credit Union\" \/>\n<meta property=\"og:url\" content=\"https:\/\/www.azcentralcu.org\/es\/poliza-de-privacidad\/\" \/>\n<meta property=\"og:site_name\" content=\"Arizona Central Credit Union\" \/>\n<meta property=\"article:modified_time\" content=\"2023-12-23T00:15:12+00:00\" \/>\n<meta name=\"twitter:card\" content=\"summary_large_image\" \/>\n<meta name=\"twitter:label1\" content=\"Est. reading time\" \/>\n\t<meta name=\"twitter:data1\" content=\"4 minutes\" \/>\n<!-- \/ Yoast SEO plugin. -->","yoast_head_json":{"title":"P\u00f3liza de Privacidad - Arizona Central Credit Union","robots":{"index":"index","follow":"follow","max-snippet":"max-snippet:-1","max-image-preview":"max-image-preview:large","max-video-preview":"max-video-preview:-1"},"canonical":"https:\/\/www.azcentralcu.org\/es\/poliza-de-privacidad\/","og_locale":"es_ES","og_type":"article","og_title":"P\u00f3liza de Privacidad - Arizona Central Credit Union","og_url":"https:\/\/www.azcentralcu.org\/es\/poliza-de-privacidad\/","og_site_name":"Arizona Central Credit Union","article_modified_time":"2023-12-23T00:15:12+00:00","twitter_card":"summary_large_image","twitter_misc":{"Est. reading time":"4 minutes"},"schema":{"@context":"https:\/\/schema.org","@graph":[{"@type":"WebPage","@id":"https:\/\/www.azcentralcu.org\/es\/poliza-de-privacidad\/","url":"https:\/\/www.azcentralcu.org\/es\/poliza-de-privacidad\/","name":"P\u00f3liza de Privacidad - Arizona Central Credit Union","isPartOf":{"@id":"https:\/\/www.azcentralcu.org\/es\/#website"},"datePublished":"2023-10-12T18:07:32+00:00","dateModified":"2023-12-23T00:15:12+00:00","breadcrumb":{"@id":"https:\/\/www.azcentralcu.org\/es\/poliza-de-privacidad\/#breadcrumb"},"inLanguage":"es-ES","potentialAction":[{"@type":"ReadAction","target":["https:\/\/www.azcentralcu.org\/es\/poliza-de-privacidad\/"]}]},{"@type":"BreadcrumbList","@id":"https:\/\/www.azcentralcu.org\/es\/poliza-de-privacidad\/#breadcrumb","itemListElement":[{"@type":"ListItem","position":1,"name":"Home","item":"https:\/\/www.azcentralcu.org\/es\/"},{"@type":"ListItem","position":2,"name":"P\u00f3liza de Privacidad"}]},{"@type":"WebSite","@id":"https:\/\/www.azcentralcu.org\/es\/#website","url":"https:\/\/www.azcentralcu.org\/es\/","name":"Arizona Central Credit Union","description":"","potentialAction":[{"@type":"SearchAction","target":{"@type":"EntryPoint","urlTemplate":"https:\/\/www.azcentralcu.org\/es\/?s={search_term_string}"},"query-input":"required name=search_term_string"}],"inLanguage":"es-ES"}]}},"_links":{"self":[{"href":"https:\/\/www.azcentralcu.org\/es\/wp-json\/wp\/v2\/pages\/3288"}],"collection":[{"href":"https:\/\/www.azcentralcu.org\/es\/wp-json\/wp\/v2\/pages"}],"about":[{"href":"https:\/\/www.azcentralcu.org\/es\/wp-json\/wp\/v2\/types\/page"}],"author":[{"embeddable":true,"href":"https:\/\/www.azcentralcu.org\/es\/wp-json\/wp\/v2\/users\/1"}],"replies":[{"embeddable":true,"href":"https:\/\/www.azcentralcu.org\/es\/wp-json\/wp\/v2\/comments?post=3288"}],"version-history":[{"count":1,"href":"https:\/\/www.azcentralcu.org\/es\/wp-json\/wp\/v2\/pages\/3288\/revisions"}],"predecessor-version":[{"id":3289,"href":"https:\/\/www.azcentralcu.org\/es\/wp-json\/wp\/v2\/pages\/3288\/revisions\/3289"}],"wp:attachment":[{"href":"https:\/\/www.azcentralcu.org\/es\/wp-json\/wp\/v2\/media?parent=3288"}],"curies":[{"name":"wp","href":"https:\/\/api.w.org\/{rel}","templated":true}]}}