{"id":3210,"date":"2023-11-29T22:22:25","date_gmt":"2023-11-29T22:22:25","guid":{"rendered":"https:\/\/www.azcentralcu.org\/ubicaciones\/flagstaff-locations\/"},"modified":"2023-12-22T23:41:41","modified_gmt":"2023-12-22T23:41:41","slug":"ubicaciones-en-flagstaff","status":"publish","type":"page","link":"https:\/\/www.azcentralcu.org\/es\/ubicaciones\/ubicaciones-en-flagstaff\/","title":{"rendered":"Ubicaciones en Flagstaff"},"content":{"rendered":"<p><div class=\"fusion-fullwidth fullwidth-box fusion-builder-row-1 fusion-flex-container has-pattern-background has-mask-background hundred-percent-fullwidth non-hundred-percent-height-scrolling\" style=\"--awb-border-radius-top-left:0px;--awb-border-radius-top-right:0px;--awb-border-radius-bottom-right:0px;--awb-border-radius-bottom-left:0px;--awb-padding-top:0px;--awb-padding-right:0px;--awb-padding-bottom:0px;--awb-padding-left:0px;--awb-flex-wrap:wrap;\" ><div class=\"fusion-builder-row fusion-row fusion-flex-align-items-stretch fusion-flex-content-wrap\" style=\"width:calc( 100% + 20px ) !important;max-width:calc( 100% + 20px ) !important;margin-left: calc(-20px \/ 2 );margin-right: calc(-20px \/ 2 );\"><div class=\"fusion-layout-column fusion_builder_column fusion-builder-column-0 fusion_builder_column_3_5 3_5 fusion-flex-column\" style=\"--awb-padding-top:96px;--awb-padding-right:15%;--awb-padding-bottom:96px;--awb-padding-left:15%;--awb-overflow:hidden;--awb-bg-color:var(--awb-custom_color_1);--awb-bg-color-hover:var(--awb-custom_color_1);--awb-bg-size:cover;--awb-border-radius:0px 100px 100px 0px;--awb-width-large:60%;--awb-spacing-right-large:10px;--awb-spacing-left-large:10px;--awb-width-medium:60%;--awb-order-medium:0;--awb-spacing-right-medium:10px;--awb-spacing-left-medium:10px;--awb-width-small:100%;--awb-order-small:0;--awb-spacing-right-small:24px;--awb-spacing-left-small:10px;\"><div class=\"fusion-column-wrapper fusion-column-has-shadow fusion-flex-justify-content-flex-start fusion-content-layout-column\"><div class=\"fusion-title title fusion-title-1 fusion-sep-none fusion-title-text fusion-title-size-one\" style=\"--awb-text-color:var(--awb-color1);--awb-margin-bottom:24px;--awb-font-size:64px;\"><h1 class=\"fusion-title-heading title-heading-left fusion-responsive-typography-calculated\" style=\"margin:0;font-size:1em;--fontSize:64;line-height:1.03;\">Ubicaciones en Flagstaff<\/h1><\/div><div class=\"fusion-text fusion-text-1 fusion-text-no-margin\" style=\"--awb-font-size:22px;--awb-line-height:26px;--awb-text-color:var(--awb-color1);--awb-margin-bottom:32px;\"><p>Entre los pinos y zonas verdes de Flagstaff, nuestras 2 sucursales ubicadas en comunidades \u00fanicas est\u00e1n ah\u00ed para brindarle el asesoramiento financiero adecuado para que se sienta seguro y confiado.<\/p>\n<\/div><\/div><\/div><div class=\"fusion-layout-column fusion_builder_column fusion-builder-column-1 fusion_builder_column_2_5 2_5 fusion-flex-column\" style=\"--awb-padding-top:60px;--awb-padding-bottom:60px;--awb-overflow:hidden;--awb-bg-image:url(&#039;https:\/\/www.azcentralcu.org\/wp-content\/uploads\/2023\/11\/144-Flagstaff-Locations.jpg&#039;);--awb-bg-position:center center;--awb-bg-size:cover;--awb-border-radius:100px 0px 0px 100px;--awb-width-large:40%;--awb-spacing-right-large:10px;--awb-spacing-left-large:10px;--awb-width-medium:40%;--awb-order-medium:0;--awb-spacing-right-medium:10px;--awb-spacing-left-medium:10px;--awb-width-small:100%;--awb-order-small:0;--awb-spacing-right-small:10px;--awb-spacing-left-small:24px;\"><div class=\"fusion-column-wrapper fusion-column-has-shadow fusion-flex-justify-content-flex-start fusion-content-layout-column fusion-column-has-bg-image\" data-bg-url=\"https:\/\/www.azcentralcu.org\/wp-content\/uploads\/2023\/11\/144-Flagstaff-Locations.jpg\"><div class=\"fusion-separator fusion-full-width-sep\" style=\"align-self: center;margin-left: auto;margin-right: auto;width:100%;\"><\/div><\/div><\/div><\/div><\/div><div class=\"fusion-fullwidth fullwidth-box fusion-builder-row-2 fusion-flex-container has-pattern-background has-mask-background nonhundred-percent-fullwidth non-hundred-percent-height-scrolling\" style=\"--awb-border-radius-top-left:0px;--awb-border-radius-top-right:0px;--awb-border-radius-bottom-right:0px;--awb-border-radius-bottom-left:0px;--awb-flex-wrap:wrap;\" ><div class=\"fusion-builder-row fusion-row fusion-flex-align-items-stretch fusion-flex-content-wrap\" style=\"max-width:1248px;margin-left: calc(-4% \/ 2 );margin-right: calc(-4% \/ 2 );\"><div class=\"fusion-layout-column fusion_builder_column fusion-builder-column-2 fusion_builder_column_1_3 1_3 fusion-flex-column\" style=\"--awb-padding-top:32px;--awb-padding-right:32px;--awb-padding-bottom:32px;--awb-padding-left:32px;--awb-overflow:hidden;--awb-bg-color:var(--awb-custom_color_11);--awb-bg-color-hover:var(--awb-custom_color_11);--awb-bg-image:url(&#039;https:\/\/www.azcentralcu.org\/wp-content\/uploads\/2023\/10\/line-pattern-background.svg&#039;);--awb-bg-position:center center;--awb-bg-size:cover;--awb-border-radius:20px 20px 20px 20px;--awb-width-large:33.333333333333%;--awb-spacing-right-large:5.76%;--awb-spacing-left-large:5.76%;--awb-width-medium:33.333333333333%;--awb-order-medium:0;--awb-spacing-right-medium:5.76%;--awb-spacing-left-medium:5.76%;--awb-width-small:100%;--awb-order-small:0;--awb-spacing-right-small:1.92%;--awb-spacing-left-small:1.92%;\"><div class=\"fusion-column-wrapper fusion-column-has-shadow fusion-flex-justify-content-flex-start fusion-content-layout-column fusion-column-has-bg-image\" data-bg-url=\"https:\/\/www.azcentralcu.org\/wp-content\/uploads\/2023\/10\/line-pattern-background.svg\"><div class=\"fusion-image-element \" style=\"text-align:center;--awb-margin-bottom:24px;--awb-max-width:48px;--awb-caption-title-font-family:var(--h2_typography-font-family);--awb-caption-title-font-weight:var(--h2_typography-font-weight);--awb-caption-title-font-style:var(--h2_typography-font-style);--awb-caption-title-size:var(--h2_typography-font-size);--awb-caption-title-transform:var(--h2_typography-text-transform);--awb-caption-title-line-height:var(--h2_typography-line-height);--awb-caption-title-letter-spacing:var(--h2_typography-letter-spacing);\"><span class=\" fusion-imageframe imageframe-none imageframe-1 hover-type-none\"><img decoding=\"async\" width=\"100\" height=\"100\" title=\"icon-shapes-20\" src=\"https:\/\/www.azcentralcu.org\/wp-content\/uploads\/2023\/11\/icon-shapes-20.svg\" alt class=\"img-responsive wp-image-2280\"\/><\/span><\/div><div class=\"fusion-title title fusion-title-2 fusion-sep-none fusion-title-center fusion-title-text fusion-title-size-div\" style=\"--awb-text-color:var(--awb-custom_color_12);--awb-margin-bottom:24px;--awb-font-size:18px;\"><div class=\"fusion-title-heading title-heading-center title-heading-tag fusion-responsive-typography-calculated\" style=\"font-family:&quot;Basic Sans Bold&quot;;font-style:normal;font-weight:400;margin:0;font-size:1em;--fontSize:18;--minFontSize:18;line-height:var(--awb-typography4-line-height);\">West Street<\/div><\/div><div class=\"fusion-text fusion-text-2 fusion-text-no-margin\" style=\"--awb-content-alignment:center;--awb-margin-bottom:auto;--awb-text-font-family:&quot;Basic Sans Bold&quot;;--awb-text-font-style:normal;--awb-text-font-weight:400;\"><p>2521 North West Street<br \/>\nFlagstaff, AZ 86004<\/p>\n<\/div><div style=\"text-align:center;\"><a class=\"fusion-button button-flat fusion-button-default-size button-custom fusion-button-default button-1 fusion-button-default-span fusion-button-default-type\" style=\"--button_accent_color:var(--awb-custom_color_1);--button_accent_hover_color:var(--awb-custom_color_1);--button_border_hover_color:var(--awb-custom_color_1);--button_border_width-top:3px;--button_border_width-right:3px;--button_border_width-bottom:3px;--button_border_width-left:3px;--button_gradient_top_color:transparent;--button_gradient_bottom_color:transparent;--button_gradient_top_color_hover:hsla(var(--awb-custom_color_5-h),calc(var(--awb-custom_color_5-s) - 5%),calc(var(--awb-custom_color_5-l) - 10%),var(--awb-custom_color_5-a));--button_gradient_bottom_color_hover:hsla(var(--awb-custom_color_5-h),calc(var(--awb-custom_color_5-s) - 5%),calc(var(--awb-custom_color_5-l) - 10%),var(--awb-custom_color_5-a));--button_padding-top:12px;--button_padding-bottom:12px;--button_margin-top:24px;\" target=\"_self\" href=\"\/locations\/flagstaff-locations\/flagstaff-west-street\"><span class=\"fusion-button-text\">Learn More<\/span><\/a><\/div><\/div><\/div><div class=\"fusion-layout-column fusion_builder_column fusion-builder-column-3 fusion_builder_column_1_3 1_3 fusion-flex-column\" style=\"--awb-padding-top:32px;--awb-padding-right:32px;--awb-padding-bottom:32px;--awb-padding-left:32px;--awb-overflow:hidden;--awb-bg-color:var(--awb-custom_color_11);--awb-bg-color-hover:var(--awb-custom_color_11);--awb-bg-image:url(&#039;https:\/\/www.azcentralcu.org\/wp-content\/uploads\/2023\/10\/line-pattern-background.svg&#039;);--awb-bg-position:center center;--awb-bg-size:cover;--awb-border-radius:20px 20px 20px 20px;--awb-width-large:33.333333333333%;--awb-spacing-right-large:5.76%;--awb-spacing-left-large:5.76%;--awb-width-medium:33.333333333333%;--awb-order-medium:0;--awb-spacing-right-medium:5.76%;--awb-spacing-left-medium:5.76%;--awb-width-small:100%;--awb-order-small:0;--awb-spacing-right-small:1.92%;--awb-spacing-left-small:1.92%;\"><div class=\"fusion-column-wrapper fusion-column-has-shadow fusion-flex-justify-content-flex-start fusion-content-layout-column fusion-column-has-bg-image\" data-bg-url=\"https:\/\/www.azcentralcu.org\/wp-content\/uploads\/2023\/10\/line-pattern-background.svg\"><div class=\"fusion-image-element \" style=\"text-align:center;--awb-margin-bottom:24px;--awb-max-width:48px;--awb-caption-title-font-family:var(--h2_typography-font-family);--awb-caption-title-font-weight:var(--h2_typography-font-weight);--awb-caption-title-font-style:var(--h2_typography-font-style);--awb-caption-title-size:var(--h2_typography-font-size);--awb-caption-title-transform:var(--h2_typography-text-transform);--awb-caption-title-line-height:var(--h2_typography-line-height);--awb-caption-title-letter-spacing:var(--h2_typography-letter-spacing);\"><span class=\" fusion-imageframe imageframe-none imageframe-2 hover-type-none\"><img decoding=\"async\" width=\"100\" height=\"100\" title=\"icon-shapes-21\" src=\"https:\/\/www.azcentralcu.org\/wp-content\/uploads\/2023\/11\/icon-shapes-21.svg\" alt class=\"img-responsive wp-image-2279\"\/><\/span><\/div><div class=\"fusion-title title fusion-title-3 fusion-sep-none fusion-title-center fusion-title-text fusion-title-size-div\" style=\"--awb-text-color:var(--awb-custom_color_12);--awb-margin-bottom:24px;--awb-font-size:18px;\"><div class=\"fusion-title-heading title-heading-center title-heading-tag fusion-responsive-typography-calculated\" style=\"font-family:&quot;Basic Sans Bold&quot;;font-style:normal;font-weight:400;margin:0;font-size:1em;--fontSize:18;--minFontSize:18;line-height:var(--awb-typography4-line-height);\">Woodlands Village Boulevard<\/div><\/div><div class=\"fusion-text fusion-text-3 fusion-text-no-margin\" style=\"--awb-content-alignment:center;--awb-margin-bottom:auto;--awb-text-font-family:&quot;Basic Sans Bold&quot;;--awb-text-font-style:normal;--awb-text-font-weight:400;\"><p>1948 South Woodlands Village Boulevard<br \/>\nFlagstaff, AZ 86001<\/p>\n<\/div><div style=\"text-align:center;\"><a class=\"fusion-button button-flat fusion-button-default-size button-custom fusion-button-default button-2 fusion-button-default-span fusion-button-default-type\" style=\"--button_accent_color:var(--awb-custom_color_1);--button_accent_hover_color:var(--awb-custom_color_1);--button_border_hover_color:var(--awb-custom_color_1);--button_border_width-top:3px;--button_border_width-right:3px;--button_border_width-bottom:3px;--button_border_width-left:3px;--button_gradient_top_color:transparent;--button_gradient_bottom_color:transparent;--button_gradient_top_color_hover:hsla(var(--awb-custom_color_5-h),calc(var(--awb-custom_color_5-s) - 5%),calc(var(--awb-custom_color_5-l) - 10%),var(--awb-custom_color_5-a));--button_gradient_bottom_color_hover:hsla(var(--awb-custom_color_5-h),calc(var(--awb-custom_color_5-s) - 5%),calc(var(--awb-custom_color_5-l) - 10%),var(--awb-custom_color_5-a));--button_padding-top:12px;--button_padding-bottom:12px;--button_margin-top:24px;\" target=\"_self\" href=\"\/locations\/flagstaff-locations\/flagstaff-west-street\"><span class=\"fusion-button-text\">Learn More<\/span><\/a><\/div><\/div><\/div><\/div><\/div><div class=\"fusion-fullwidth fullwidth-box fusion-builder-row-3 fusion-flex-container has-pattern-background has-mask-background nonhundred-percent-fullwidth non-hundred-percent-height-scrolling\" style=\"--awb-border-radius-top-left:0px;--awb-border-radius-top-right:0px;--awb-border-radius-bottom-right:0px;--awb-border-radius-bottom-left:0px;--awb-flex-wrap:wrap;\" ><div class=\"fusion-builder-row fusion-row fusion-flex-align-items-center fusion-flex-content-wrap\" style=\"max-width:1248px;margin-left: calc(-4% \/ 2 );margin-right: calc(-4% \/ 2 );\"><div class=\"fusion-layout-column fusion_builder_column fusion-builder-column-4 fusion_builder_column_1_2 1_2 fusion-flex-column\" style=\"--awb-bg-size:cover;--awb-width-large:50%;--awb-spacing-right-large:3.84%;--awb-spacing-left-large:3.84%;--awb-width-medium:50%;--awb-order-medium:0;--awb-spacing-right-medium:3.84%;--awb-spacing-left-medium:3.84%;--awb-width-small:100%;--awb-order-small:0;--awb-spacing-right-small:1.92%;--awb-spacing-left-small:1.92%;\"><div class=\"fusion-column-wrapper fusion-column-has-shadow fusion-flex-justify-content-flex-start fusion-content-layout-column\"><div class=\"fusion-image-element \" style=\"text-align:center;--awb-aspect-ratio:1 \/ 1;--awb-max-width:420px;--awb-caption-title-font-family:var(--h2_typography-font-family);--awb-caption-title-font-weight:var(--h2_typography-font-weight);--awb-caption-title-font-style:var(--h2_typography-font-style);--awb-caption-title-size:var(--h2_typography-font-size);--awb-caption-title-transform:var(--h2_typography-text-transform);--awb-caption-title-line-height:var(--h2_typography-line-height);--awb-caption-title-letter-spacing:var(--h2_typography-letter-spacing);\"><div style=\"display:inline-block;width:420px;\"><span class=\" fusion-imageframe imageframe-none imageframe-3 hover-type-none has-aspect-ratio dots\" style=\"border-radius:999px;\"><img decoding=\"async\" width=\"1440\" height=\"600\" title=\"146-Woodlands-Branch\" src=\"https:\/\/www.azcentralcu.org\/wp-content\/uploads\/2023\/11\/146-Woodlands-Branch.jpg\" class=\"img-responsive wp-image-2294 img-with-aspect-ratio\" alt \/><\/span><\/div><\/div><\/div><\/div><div class=\"fusion-layout-column fusion_builder_column fusion-builder-column-5 fusion_builder_column_1_2 1_2 fusion-flex-column\" style=\"--awb-bg-size:cover;--awb-width-large:50%;--awb-spacing-right-large:3.84%;--awb-spacing-left-large:3.84%;--awb-width-medium:50%;--awb-order-medium:0;--awb-spacing-right-medium:3.84%;--awb-spacing-left-medium:3.84%;--awb-width-small:100%;--awb-order-small:0;--awb-spacing-right-small:1.92%;--awb-spacing-left-small:1.92%;\"><div class=\"fusion-column-wrapper fusion-column-has-shadow fusion-flex-justify-content-flex-start fusion-content-layout-column\"><div class=\"fusion-text fusion-text-4\"><p><strong>\u00a1Estamos aqu\u00ed cuando nos necesite!<\/strong><br \/>\nNuestro horario de atenci\u00f3n es el siguiente:<br \/>\nL, M, J, V: 9:00 a.m. &#8211; 5:30 p.m.<br \/>\nMier: 10:00 a.m. &#8211; 5:30 p.m.<br \/>\nNuestro Centro de Soluciones y nuestros equipos de pr\u00e9stamo est\u00e1n disponibles los s\u00e1bados de 10:00 a.m. a 2:00 p.m. al (602) 264-6421 o al n\u00famero gratuito 1-866-264-6421.<\/p>\n<p><strong>\u00a1Acceda a sus cuentas donde sea que la vida lo lleve!<\/strong><\/p>\n<p>La mejor parte de ser miembro de Arizona Central Credit Union, es que no est\u00e1 limitado a realizar solo transacciones\u00a0en un cajero autom\u00e1tico que lleva nuestro nombre. Para permitirle tener acceso a su dinero en todo el pa\u00eds, nos hemos convertido en miembros de la red de cajeros compartidos de CO-OP. \u00a1Las cooperativas de cr\u00e9dito se unen para ayudar a otras cooperativas de cr\u00e9dito, con el objetivo final de ayudarlo a usted, nuestros valiosos miembros!<\/p>\n<p>Como miembro, literalmente tendr\u00e1 acceso a m\u00e1s de 30,000 cajeros autom\u00e1ticos sin recargo* en todo el pa\u00eds. Su membres\u00eda y sus cuentas permanecen en Arizona Central, pero ingrese a cualquier cajero automatico\u00a0compartido y es como si estuviera en una de las nuestras.<\/p>\n<p>Ingrese su c\u00f3digo postal actual a continuaci\u00f3n para ver d\u00f3nde se encuentra su cajero autom\u00e1tico m\u00e1s cercano hoy.<\/p>\n<\/div><\/div><\/div><\/div><\/div><div class=\"fusion-fullwidth fullwidth-box fusion-builder-row-4 fusion-flex-container has-pattern-background has-mask-background nonhundred-percent-fullwidth non-hundred-percent-height-scrolling\" style=\"--awb-border-radius-top-left:0px;--awb-border-radius-top-right:0px;--awb-border-radius-bottom-right:0px;--awb-border-radius-bottom-left:0px;--awb-padding-top:40px;--awb-flex-wrap:wrap;\" ><div class=\"fusion-builder-row fusion-row fusion-flex-align-items-flex-start fusion-flex-content-wrap\" style=\"max-width:1248px;margin-left: calc(-4% \/ 2 );margin-right: calc(-4% \/ 2 );\"><div class=\"fusion-layout-column fusion_builder_column fusion-builder-column-6 fusion_builder_column_1_1 1_1 fusion-flex-column\" style=\"--awb-bg-size:cover;--awb-width-large:100%;--awb-spacing-right-large:1.92%;--awb-spacing-left-large:1.92%;--awb-width-medium:100%;--awb-order-medium:0;--awb-spacing-right-medium:1.92%;--awb-spacing-left-medium:1.92%;--awb-width-small:100%;--awb-order-small:0;--awb-spacing-right-small:1.92%;--awb-spacing-left-small:1.92%;\"><div class=\"fusion-column-wrapper fusion-column-has-shadow fusion-flex-justify-content-flex-start fusion-content-layout-column\"><div class=\"fusion-title title fusion-title-4 fusion-sep-none fusion-title-text fusion-title-size-two\"><h2 class=\"fusion-title-heading title-heading-left fusion-responsive-typography-calculated\" style=\"margin:0;--fontSize:46;line-height:var(--awb-typography2-line-height);\">Encuentre Una Sucursal Cerca de Usted<\/h2><\/div><div class=\"fusion-text fusion-text-5\"><p>Descubra la sucursal o cajero autom\u00e1tico m\u00e1s cercano ingresando su c\u00f3digo postal a continuaci\u00f3n y explore nuestro mapa interactivo para obtener servicios bancarios convenientes y accesibles cerca de usted.<\/p>\n<\/div><\/div><\/div><div class=\"fusion-layout-column fusion_builder_column fusion-builder-column-7 fusion_builder_column_1_1 1_1 fusion-flex-column\" style=\"--awb-overflow:hidden;--awb-bg-color:var(--awb-custom_color_11);--awb-bg-color-hover:var(--awb-custom_color_11);--awb-bg-size:cover;--awb-border-radius:20px 20px 20px 20px;--awb-width-large:100%;--awb-spacing-right-large:1.92%;--awb-spacing-left-large:1.92%;--awb-width-medium:100%;--awb-order-medium:0;--awb-spacing-right-medium:1.92%;--awb-spacing-left-medium:1.92%;--awb-width-small:100%;--awb-order-small:0;--awb-spacing-right-small:1.92%;--awb-spacing-left-small:1.92%;\"><div class=\"fusion-column-wrapper fusion-column-has-shadow fusion-flex-justify-content-flex-start fusion-content-layout-column\"><iframe title=\"Find a Branch Near You\" id=\"locatoriframe\" src=\"https:\/\/AZCENTRALCUV1.LOCATORSEARCH.NET\/\"index.aspx?s=FCS\" class=\"responsive\" scrolling=\"no\" allowtransparency=\"true\" style=\"height:860px;width:100%\">\n\t\t<\/iframe>\n<p style=\"text-align: center;\">Powered by <em>LOCATOR SEARCH<\/em><\/p><\/div><\/div><\/div><\/div>\n<\/p>\n","protected":false},"excerpt":{"rendered":"","protected":false},"author":1,"featured_media":0,"parent":3201,"menu_order":0,"comment_status":"closed","ping_status":"closed","template":"100-width.php","meta":{"footnotes":""},"acf":[],"yoast_head":"<!-- This site is optimized with the Yoast SEO plugin v21.7 - https:\/\/yoast.com\/wordpress\/plugins\/seo\/ -->\n<title>Ubicaciones en Flagstaff | Arizona Central Credit Union<\/title>\n<meta name=\"description\" content=\"Entre los pinos y zonas verdes de Flagstaff, nuestras 2 sucursales ubicadas en comunidades unicas estan ahi para brindarle el asesoramiento financiero adecuado para que se sienta seguro y confiado.\" \/>\n<meta name=\"robots\" content=\"index, follow, max-snippet:-1, max-image-preview:large, max-video-preview:-1\" \/>\n<link rel=\"canonical\" href=\"https:\/\/www.azcentralcu.org\/es\/ubicaciones\/ubicaciones-en-flagstaff\/\" \/>\n<meta property=\"og:locale\" content=\"es_ES\" \/>\n<meta property=\"og:type\" content=\"article\" \/>\n<meta property=\"og:title\" content=\"Ubicaciones en Flagstaff | Arizona Central Credit Union\" \/>\n<meta property=\"og:description\" content=\"Entre los pinos y zonas verdes de Flagstaff, nuestras 2 sucursales ubicadas en comunidades unicas estan ahi para brindarle el asesoramiento financiero adecuado para que se sienta seguro y confiado.\" \/>\n<meta property=\"og:url\" content=\"https:\/\/www.azcentralcu.org\/es\/ubicaciones\/ubicaciones-en-flagstaff\/\" \/>\n<meta property=\"og:site_name\" content=\"Arizona Central Credit Union\" \/>\n<meta property=\"article:modified_time\" content=\"2023-12-22T23:41:41+00:00\" \/>\n<meta name=\"twitter:card\" content=\"summary_large_image\" \/>\n<meta name=\"twitter:title\" content=\"Ubicaciones en Flagstaff | Arizona Central Credit Union\" \/>\n<meta name=\"twitter:description\" content=\"Entre los pinos y zonas verdes de Flagstaff, nuestras 2 sucursales ubicadas en comunidades unicas estan ahi para brindarle el asesoramiento financiero adecuado para que se sienta seguro y confiado.\" \/>\n<meta name=\"twitter:label1\" content=\"Est. reading time\" \/>\n\t<meta name=\"twitter:data1\" content=\"2 minutes\" \/>\n<!-- \/ Yoast SEO plugin. -->","yoast_head_json":{"title":"Ubicaciones en Flagstaff | Arizona Central Credit Union","description":"Entre los pinos y zonas verdes de Flagstaff, nuestras 2 sucursales ubicadas en comunidades unicas estan ahi para brindarle el asesoramiento financiero adecuado para que se sienta seguro y confiado.","robots":{"index":"index","follow":"follow","max-snippet":"max-snippet:-1","max-image-preview":"max-image-preview:large","max-video-preview":"max-video-preview:-1"},"canonical":"https:\/\/www.azcentralcu.org\/es\/ubicaciones\/ubicaciones-en-flagstaff\/","og_locale":"es_ES","og_type":"article","og_title":"Ubicaciones en Flagstaff | Arizona Central Credit Union","og_description":"Entre los pinos y zonas verdes de Flagstaff, nuestras 2 sucursales ubicadas en comunidades unicas estan ahi para brindarle el asesoramiento financiero adecuado para que se sienta seguro y confiado.","og_url":"https:\/\/www.azcentralcu.org\/es\/ubicaciones\/ubicaciones-en-flagstaff\/","og_site_name":"Arizona Central Credit Union","article_modified_time":"2023-12-22T23:41:41+00:00","twitter_card":"summary_large_image","twitter_title":"Ubicaciones en Flagstaff | Arizona Central Credit Union","twitter_description":"Entre los pinos y zonas verdes de Flagstaff, nuestras 2 sucursales ubicadas en comunidades unicas estan ahi para brindarle el asesoramiento financiero adecuado para que se sienta seguro y confiado.","twitter_misc":{"Est. reading time":"2 minutes"},"schema":{"@context":"https:\/\/schema.org","@graph":[{"@type":"WebPage","@id":"https:\/\/www.azcentralcu.org\/es\/ubicaciones\/ubicaciones-en-flagstaff\/","url":"https:\/\/www.azcentralcu.org\/es\/ubicaciones\/ubicaciones-en-flagstaff\/","name":"Ubicaciones en Flagstaff | Arizona Central Credit Union","isPartOf":{"@id":"https:\/\/www.azcentralcu.org\/es\/#website"},"datePublished":"2023-11-29T22:22:25+00:00","dateModified":"2023-12-22T23:41:41+00:00","description":"Entre los pinos y zonas verdes de Flagstaff, nuestras 2 sucursales ubicadas en comunidades unicas estan ahi para brindarle el asesoramiento financiero adecuado para que se sienta seguro y confiado.","breadcrumb":{"@id":"https:\/\/www.azcentralcu.org\/es\/ubicaciones\/ubicaciones-en-flagstaff\/#breadcrumb"},"inLanguage":"es-ES","potentialAction":[{"@type":"ReadAction","target":["https:\/\/www.azcentralcu.org\/es\/ubicaciones\/ubicaciones-en-flagstaff\/"]}]},{"@type":"BreadcrumbList","@id":"https:\/\/www.azcentralcu.org\/es\/ubicaciones\/ubicaciones-en-flagstaff\/#breadcrumb","itemListElement":[{"@type":"ListItem","position":1,"name":"Home","item":"https:\/\/www.azcentralcu.org\/es\/"},{"@type":"ListItem","position":2,"name":"Ubicaci\u00f3n de Sucursales","item":"https:\/\/www.azcentralcu.org\/es\/ubicaciones\/"},{"@type":"ListItem","position":3,"name":"Ubicaciones en Flagstaff"}]},{"@type":"WebSite","@id":"https:\/\/www.azcentralcu.org\/es\/#website","url":"https:\/\/www.azcentralcu.org\/es\/","name":"Arizona Central Credit Union","description":"","potentialAction":[{"@type":"SearchAction","target":{"@type":"EntryPoint","urlTemplate":"https:\/\/www.azcentralcu.org\/es\/?s={search_term_string}"},"query-input":"required name=search_term_string"}],"inLanguage":"es-ES"}]}},"_links":{"self":[{"href":"https:\/\/www.azcentralcu.org\/es\/wp-json\/wp\/v2\/pages\/3210"}],"collection":[{"href":"https:\/\/www.azcentralcu.org\/es\/wp-json\/wp\/v2\/pages"}],"about":[{"href":"https:\/\/www.azcentralcu.org\/es\/wp-json\/wp\/v2\/types\/page"}],"author":[{"embeddable":true,"href":"https:\/\/www.azcentralcu.org\/es\/wp-json\/wp\/v2\/users\/1"}],"replies":[{"embeddable":true,"href":"https:\/\/www.azcentralcu.org\/es\/wp-json\/wp\/v2\/comments?post=3210"}],"version-history":[{"count":1,"href":"https:\/\/www.azcentralcu.org\/es\/wp-json\/wp\/v2\/pages\/3210\/revisions"}],"predecessor-version":[{"id":3213,"href":"https:\/\/www.azcentralcu.org\/es\/wp-json\/wp\/v2\/pages\/3210\/revisions\/3213"}],"up":[{"embeddable":true,"href":"https:\/\/www.azcentralcu.org\/es\/wp-json\/wp\/v2\/pages\/3201"}],"wp:attachment":[{"href":"https:\/\/www.azcentralcu.org\/es\/wp-json\/wp\/v2\/media?parent=3210"}],"curies":[{"name":"wp","href":"https:\/\/api.w.org\/{rel}","templated":true}]}}