{"id":3102,"date":"2023-11-14T23:12:09","date_gmt":"2023-11-14T23:12:09","guid":{"rendered":"https:\/\/www.azcentralcu.org\/loans\/home-equity-funding\/"},"modified":"2023-12-22T22:13:08","modified_gmt":"2023-12-22T22:13:08","slug":"financiacion-de-fondos-de-la-vivienda","status":"publish","type":"page","link":"https:\/\/www.azcentralcu.org\/es\/prestamos\/financiacion-de-fondos-de-la-vivienda\/","title":{"rendered":"Pr\u00e9stamos con Garant\u00eda Hipotecaria"},"content":{"rendered":"<p><div class=\"fusion-fullwidth fullwidth-box fusion-builder-row-1 fusion-flex-container has-pattern-background has-mask-background hundred-percent-fullwidth non-hundred-percent-height-scrolling\" style=\"--awb-border-radius-top-left:0px;--awb-border-radius-top-right:0px;--awb-border-radius-bottom-right:0px;--awb-border-radius-bottom-left:0px;--awb-padding-top:0px;--awb-padding-right:0px;--awb-padding-bottom:0px;--awb-padding-left:0px;--awb-flex-wrap:nowrap;--awb-flex-wrap-small:wrap;\" ><div class=\"fusion-builder-row fusion-row fusion-flex-align-items-stretch fusion-flex-justify-content-space-around fusion-flex-content-wrap\" style=\"width:calc( 100% + 30px ) !important;max-width:calc( 100% + 30px ) !important;margin-left: calc(-30px \/ 2 );margin-right: calc(-30px \/ 2 );\"><div class=\"fusion-layout-column fusion_builder_column fusion-builder-column-0 fusion_builder_column_1_4 1_4 fusion-flex-column fusion-no-small-visibility\" style=\"--awb-padding-top:64px;--awb-padding-bottom:64px;--awb-overflow:hidden;--awb-bg-image:url(&#039;https:\/\/www.azcentralcu.org\/wp-content\/uploads\/2023\/11\/down-payement-1.jpg&#039;);--awb-bg-position:center center;--awb-bg-size:cover;--awb-border-radius:0px 100px 100px 0px;--awb-width-large:25%;--awb-spacing-right-large:15px;--awb-spacing-left-large:15px;--awb-width-medium:25%;--awb-order-medium:0;--awb-spacing-right-medium:15px;--awb-spacing-left-medium:15px;--awb-width-small:100%;--awb-order-small:0;--awb-spacing-right-small:30px;--awb-spacing-left-small:15px;\"><div class=\"fusion-column-wrapper fusion-column-has-shadow fusion-flex-justify-content-center fusion-content-layout-column fusion-column-has-bg-image\" data-bg-url=\"https:\/\/www.azcentralcu.org\/wp-content\/uploads\/2023\/11\/down-payement-1.jpg\"><div class=\"fusion-separator fusion-full-width-sep\" style=\"align-self: center;margin-left: auto;margin-right: auto;width:100%;\"><\/div><\/div><\/div><div class=\"fusion-layout-column fusion_builder_column fusion-builder-column-1 fusion_builder_column_1_2 1_2 fusion-flex-column\" style=\"--awb-padding-top:64px;--awb-padding-right:30px;--awb-padding-bottom:64px;--awb-padding-left:30px;--awb-overflow:hidden;--awb-bg-color:var(--awb-custom_color_1);--awb-bg-color-hover:var(--awb-custom_color_1);--awb-bg-size:cover;--awb-border-radius:100px 100px 100px 100px;--awb-width-large:50%;--awb-spacing-right-large:15px;--awb-spacing-left-large:15px;--awb-width-medium:50%;--awb-order-medium:0;--awb-spacing-right-medium:15px;--awb-spacing-left-medium:15px;--awb-width-small:100%;--awb-order-small:0;--awb-spacing-right-small:30px;--awb-spacing-left-small:30px;\"><div class=\"fusion-column-wrapper fusion-column-has-shadow fusion-flex-justify-content-flex-start fusion-content-layout-column\"><div class=\"fusion-title title fusion-title-1 fusion-sep-none fusion-title-center fusion-title-text fusion-title-size-one\" style=\"--awb-text-color:var(--awb-color1);--awb-font-size:64px;\"><h1 class=\"fusion-title-heading title-heading-center fusion-responsive-typography-calculated\" style=\"margin:0;font-size:1em;--fontSize:64;line-height:1.03;\">Pr\u00e9stamos con Garant\u00eda Hipotecaria<\/h1><\/div><div class=\"fusion-text fusion-text-1\" style=\"--awb-content-alignment:center;--awb-font-size:22px;--awb-line-height:26px;--awb-text-color:var(--awb-color1);\"><p>\u00a1Financie todo lo que su coraz\u00f3n desee!<\/p>\n<p>\u00bfCu\u00e1l es su sue\u00f1o? \u00bfEst\u00e1 haciendo una renovaci\u00f3n? \u00bfAgregando una nueva piscina a su jard\u00edn trasero? \u00bfConsolidando la deuda de alto inter\u00e9s? \u00bfO simplemente financiando las vacaciones de sus sue\u00f1os?<\/p>\n<\/div><\/div><\/div><div class=\"fusion-layout-column fusion_builder_column fusion-builder-column-2 fusion_builder_column_1_4 1_4 fusion-flex-column\" style=\"--awb-padding-top:64px;--awb-padding-bottom:64px;--awb-overflow:hidden;--awb-bg-image:url(&#039;https:\/\/www.azcentralcu.org\/wp-content\/uploads\/2023\/11\/home-equity-banner_0.jpg&#039;);--awb-bg-position:center center;--awb-bg-size:cover;--awb-border-radius:100px 0px 0px 100px;--awb-width-large:25%;--awb-spacing-right-large:15px;--awb-spacing-left-large:15px;--awb-width-medium:25%;--awb-order-medium:0;--awb-spacing-right-medium:15px;--awb-spacing-left-medium:15px;--awb-width-small:100%;--awb-order-small:0;--awb-spacing-right-small:15px;--awb-spacing-left-small:30px;\"><div class=\"fusion-column-wrapper fusion-column-has-shadow fusion-flex-justify-content-center fusion-content-layout-column fusion-column-has-bg-image\" data-bg-url=\"https:\/\/www.azcentralcu.org\/wp-content\/uploads\/2023\/11\/home-equity-banner_0.jpg\"><div class=\"fusion-separator fusion-full-width-sep\" style=\"align-self: center;margin-left: auto;margin-right: auto;width:100%;\"><\/div><\/div><\/div><\/div><\/div><div class=\"fusion-fullwidth fullwidth-box fusion-builder-row-2 fusion-flex-container has-pattern-background has-mask-background nonhundred-percent-fullwidth non-hundred-percent-height-scrolling\" style=\"--awb-border-radius-top-left:0px;--awb-border-radius-top-right:0px;--awb-border-radius-bottom-right:0px;--awb-border-radius-bottom-left:0px;--awb-flex-wrap:wrap;\" ><div class=\"fusion-builder-row fusion-row fusion-flex-align-items-flex-start fusion-flex-content-wrap\" style=\"max-width:1248px;margin-left: calc(-4% \/ 2 );margin-right: calc(-4% \/ 2 );\"><div class=\"fusion-layout-column fusion_builder_column fusion-builder-column-3 fusion_builder_column_1_1 1_1 fusion-flex-column\" style=\"--awb-bg-size:cover;--awb-width-large:100%;--awb-spacing-right-large:1.92%;--awb-spacing-left-large:1.92%;--awb-width-medium:100%;--awb-order-medium:0;--awb-spacing-right-medium:1.92%;--awb-spacing-left-medium:1.92%;--awb-width-small:100%;--awb-order-small:0;--awb-spacing-right-small:1.92%;--awb-spacing-left-small:1.92%;\"><div class=\"fusion-column-wrapper fusion-column-has-shadow fusion-flex-justify-content-flex-start fusion-content-layout-column\"><div class=\"fusion-title title fusion-title-2 fusion-sep-none fusion-title-text fusion-title-size-div\" style=\"--awb-text-color:var(--awb-custom_color_1);--awb-margin-bottom:0px;--awb-font-size:24px;\"><div class=\"fusion-title-heading title-heading-left title-heading-tag fusion-responsive-typography-calculated\" style=\"font-family:&quot;Acier BAT Text Solid&quot;;font-style:normal;font-weight:400;margin:0;font-size:1em;--fontSize:24;line-height:var(--awb-typography4-line-height);\">Ra\u00cdces Profundas, Comunidad Fuerte:<\/div><\/div><div class=\"fusion-title title fusion-title-3 fusion-sep-none fusion-title-text fusion-title-size-two\"><h2 class=\"fusion-title-heading title-heading-left fusion-responsive-typography-calculated\" style=\"margin:0;--fontSize:46;line-height:var(--awb-typography2-line-height);\">Opciones de pr\u00e9stamos con<br \/><span style=\"font-size: 1em; background-color: rgba(0, 0, 0, 0);\">garant\u00eda hipotecaria<\/span><\/h2><\/div><\/div><\/div><div class=\"fusion-layout-column fusion_builder_column fusion-builder-column-4 fusion_builder_column_1_2 1_2 fusion-flex-column\" style=\"--awb-bg-size:cover;--awb-width-large:50%;--awb-spacing-right-large:3.84%;--awb-spacing-left-large:3.84%;--awb-width-medium:50%;--awb-order-medium:0;--awb-spacing-right-medium:3.84%;--awb-spacing-left-medium:3.84%;--awb-width-small:100%;--awb-order-small:0;--awb-spacing-right-small:1.92%;--awb-spacing-left-small:1.92%;\"><div class=\"fusion-column-wrapper fusion-column-has-shadow fusion-flex-justify-content-flex-start fusion-content-layout-column\"><div class=\"fusion-builder-row fusion-builder-row-inner fusion-row fusion-flex-align-items-flex-start fusion-flex-content-wrap\" style=\"width:104% !important;max-width:104% !important;margin-left: calc(-4% \/ 2 );margin-right: calc(-4% \/ 2 );\"><div class=\"fusion-layout-column fusion_builder_column_inner fusion-builder-nested-column-0 fusion_builder_column_inner_1_2 1_2 fusion-flex-column fusion-column-inner-bg-wrapper\" style=\"--awb-inner-bg-size:cover;--awb-width-large:50%;--awb-spacing-right-large:3.84%;--awb-spacing-left-large:3.84%;--awb-width-medium:50%;--awb-order-medium:0;--awb-spacing-right-medium:3.84%;--awb-spacing-left-medium:3.84%;--awb-width-small:100%;--awb-order-small:0;--awb-spacing-right-small:1.92%;--awb-spacing-left-small:1.92%;\"><span class=\"fusion-column-inner-bg hover-type-none\"><a class=\"fusion-column-anchor\" href=\"https:\/\/www.azcentralcu.org\/es\/prestamos\/financiacion-de-fondos-de-la-vivienda\/prestamo-con-garantia-hipotecaria-tasa-fija\/\"><span class=\"fusion-column-inner-bg-image\"><\/span><\/a><\/span><div class=\"fusion-column-wrapper fusion-column-has-shadow fusion-flex-justify-content-flex-start fusion-content-layout-column\"><div class=\"fusion-image-element \" style=\"text-align:center;--awb-margin-bottom:12px;--awb-max-width:64px;--awb-caption-title-font-family:var(--h2_typography-font-family);--awb-caption-title-font-weight:var(--h2_typography-font-weight);--awb-caption-title-font-style:var(--h2_typography-font-style);--awb-caption-title-size:var(--h2_typography-font-size);--awb-caption-title-transform:var(--h2_typography-text-transform);--awb-caption-title-line-height:var(--h2_typography-line-height);--awb-caption-title-letter-spacing:var(--h2_typography-letter-spacing);\"><span class=\" fusion-imageframe imageframe-none imageframe-1 hover-type-none\"><img decoding=\"async\" width=\"270\" height=\"270\" title=\"icon-shapes-13\" src=\"https:\/\/www.azcentralcu.org\/wp-content\/uploads\/2023\/11\/icon-shapes-13.svg\" alt class=\"img-responsive wp-image-2126\"\/><\/span><\/div><div class=\"fusion-title title fusion-title-4 fusion-sep-none fusion-title-center fusion-title-text fusion-title-size-div\" style=\"--awb-text-color:var(--awb-color5);--awb-margin-bottom:12px;--awb-font-size:21px;\"><div class=\"fusion-title-heading title-heading-center title-heading-tag fusion-responsive-typography-calculated\" style=\"font-family:&quot;Basic Sans Regular&quot;;font-style:normal;font-weight:400;margin:0;font-size:1em;--fontSize:21;--minFontSize:21;line-height:1.24;\">\t\t\tPr\u00e9stamo con garant\u00eda hipotecaria a tasa fija<\/div><\/div><div class=\"fusion-text fusion-text-2\"><p>Si actualmente est\u00e1 pagando una hipoteca o es propietario, un pr\u00e9stamo con garant\u00eda hipotecaria a tasa fija podr\u00eda ser la soluci\u00f3n perfecta para aprovechar un tipo de inter\u00e9s y un plazo fijo.<\/p>\n<\/div><\/div><\/div><div class=\"fusion-layout-column fusion_builder_column_inner fusion-builder-nested-column-1 fusion_builder_column_inner_1_2 1_2 fusion-flex-column fusion-column-inner-bg-wrapper\" style=\"--awb-inner-bg-size:cover;--awb-width-large:50%;--awb-spacing-right-large:3.84%;--awb-spacing-left-large:3.84%;--awb-width-medium:50%;--awb-order-medium:0;--awb-spacing-right-medium:3.84%;--awb-spacing-left-medium:3.84%;--awb-width-small:100%;--awb-order-small:0;--awb-spacing-right-small:1.92%;--awb-spacing-left-small:1.92%;\"><span class=\"fusion-column-inner-bg hover-type-none\"><a class=\"fusion-column-anchor\" href=\"https:\/\/www.azcentralcu.org\/es\/prestamos\/financiacion-de-fondos-de-la-vivienda\/tasas-heloc-arizona\/\"><span class=\"fusion-column-inner-bg-image\"><\/span><\/a><\/span><div class=\"fusion-column-wrapper fusion-column-has-shadow fusion-flex-justify-content-flex-start fusion-content-layout-column\"><div class=\"fusion-image-element \" style=\"text-align:center;--awb-margin-bottom:12px;--awb-max-width:64px;--awb-caption-title-font-family:var(--h2_typography-font-family);--awb-caption-title-font-weight:var(--h2_typography-font-weight);--awb-caption-title-font-style:var(--h2_typography-font-style);--awb-caption-title-size:var(--h2_typography-font-size);--awb-caption-title-transform:var(--h2_typography-text-transform);--awb-caption-title-line-height:var(--h2_typography-line-height);--awb-caption-title-letter-spacing:var(--h2_typography-letter-spacing);\"><span class=\" fusion-imageframe imageframe-none imageframe-2 hover-type-none\"><img decoding=\"async\" width=\"100\" height=\"100\" title=\"icon-shapes-9\" src=\"https:\/\/www.azcentralcu.org\/wp-content\/uploads\/2023\/11\/icon-shapes-9.svg\" alt class=\"img-responsive wp-image-2115\"\/><\/span><\/div><div class=\"fusion-title title fusion-title-5 fusion-sep-none fusion-title-center fusion-title-text fusion-title-size-div\" style=\"--awb-text-color:var(--awb-color5);--awb-margin-bottom:12px;--awb-font-size:21px;\"><div class=\"fusion-title-heading title-heading-center title-heading-tag fusion-responsive-typography-calculated\" style=\"font-family:&quot;Basic Sans Regular&quot;;font-style:normal;font-weight:400;margin:0;font-size:1em;--fontSize:21;--minFontSize:21;line-height:1.24;\">\t\t\tL\u00ednea de cr\u00e9dito con garant\u00eda hipotecaria (HELOC)<\/div><\/div><div class=\"fusion-text fusion-text-3\"><p>Una l\u00ednea de cr\u00e9dito con garant\u00eda hipotecaria (HELOC) le permite pedir dinero prestado utilizando como garant\u00eda el capital que ha acumulado en su vivienda.<\/p>\n<\/div><\/div><\/div><\/div><\/div><\/div><div class=\"fusion-layout-column fusion_builder_column fusion-builder-column-5 fusion_builder_column_1_2 1_2 fusion-flex-column\" style=\"--awb-bg-size:cover;--awb-width-large:50%;--awb-spacing-right-large:3.84%;--awb-spacing-left-large:3.84%;--awb-width-medium:50%;--awb-order-medium:0;--awb-spacing-right-medium:3.84%;--awb-spacing-left-medium:3.84%;--awb-width-small:100%;--awb-order-small:0;--awb-spacing-right-small:1.92%;--awb-spacing-left-small:1.92%;\"><div class=\"fusion-column-wrapper fusion-column-has-shadow fusion-flex-justify-content-flex-start fusion-content-layout-column\"><div class=\"fusion-image-element \" style=\"text-align:center;--awb-aspect-ratio: 100 \/ 120;--awb-max-width:400px;--awb-caption-title-font-family:var(--h2_typography-font-family);--awb-caption-title-font-weight:var(--h2_typography-font-weight);--awb-caption-title-font-style:var(--h2_typography-font-style);--awb-caption-title-size:var(--h2_typography-font-size);--awb-caption-title-transform:var(--h2_typography-text-transform);--awb-caption-title-line-height:var(--h2_typography-line-height);--awb-caption-title-letter-spacing:var(--h2_typography-letter-spacing);\"><div style=\"display:inline-block;width:400px;\"><span class=\" fusion-imageframe imageframe-none imageframe-3 hover-type-none has-aspect-ratio stars\" style=\"border-radius:100px;\"><img decoding=\"async\" width=\"1200\" height=\"800\" title=\"GettyImages-475868708\" src=\"https:\/\/www.azcentralcu.org\/wp-content\/uploads\/2023\/11\/GettyImages-475868708.jpg\" class=\"img-responsive wp-image-2140 img-with-aspect-ratio\" alt \/><\/span><\/div><\/div><\/div><\/div><\/div><\/div>\n<div class=\"fusion-fullwidth fullwidth-box fusion-builder-row-3 fusion-flex-container has-pattern-background has-mask-background nonhundred-percent-fullwidth non-hundred-percent-height-scrolling\" style=\"--awb-border-radius-top-left:0px;--awb-border-radius-top-right:0px;--awb-border-radius-bottom-right:0px;--awb-border-radius-bottom-left:0px;--awb-padding-top:0px;--awb-padding-bottom:0px;--awb-margin-bottom:60px;--awb-background-size:cover;--awb-flex-wrap:wrap;\" ><div class=\"fusion-builder-row fusion-row fusion-flex-align-items-center fusion-flex-justify-content-center fusion-flex-content-wrap\" style=\"max-width:1248px;margin-left: calc(-4% \/ 2 );margin-right: calc(-4% \/ 2 );\"><div class=\"fusion-layout-column fusion_builder_column fusion-builder-column-6 fusion_builder_column_1_1 1_1 fusion-flex-column\" style=\"--awb-padding-top:10%;--awb-padding-right:20px;--awb-padding-bottom:10%;--awb-padding-left:20px;--awb-overflow:hidden;--awb-bg-image:linear-gradient(180deg, rgba(0,58,92,0.7) 0%,rgba(0,58,92,0.7) 100%),url(https:\/\/www.azcentralcu.org\/wp-content\/uploads\/2023\/10\/desert-mountain.jpg);;--awb-bg-position:center center;--awb-bg-size:cover;--awb-border-radius:30px 30px 30px 30px;--awb-width-large:100%;--awb-spacing-right-large:1.92%;--awb-margin-bottom-large:0px;--awb-spacing-left-large:1.92%;--awb-width-medium:100%;--awb-order-medium:0;--awb-spacing-right-medium:1.92%;--awb-spacing-left-medium:1.92%;--awb-width-small:100%;--awb-order-small:0;--awb-spacing-right-small:1.92%;--awb-spacing-left-small:1.92%;\"><div class=\"fusion-column-wrapper fusion-column-has-shadow fusion-flex-justify-content-flex-start fusion-content-layout-column fusion-column-has-bg-image\" data-bg-url=\"https:\/\/www.azcentralcu.org\/wp-content\/uploads\/2023\/10\/desert-mountain.jpg\"><div class=\"fusion-title title fusion-title-6 fusion-sep-none fusion-title-center fusion-title-text fusion-title-size-three\" style=\"--awb-text-color:var(--awb-color1);--awb-margin-bottom:40px;\"><h3 class=\"fusion-title-heading title-heading-center fusion-responsive-typography-calculated\" style=\"margin:0;--fontSize:38;line-height:var(--awb-typography2-line-height);\">\u00a1Encuentra una sucursal cercana hoy!<\/h3><\/div><div style=\"text-align:center;\"><a class=\"fusion-button button-flat fusion-button-default-size button-custom fusion-button-default button-1 fusion-button-default-span fusion-button-default-type\" style=\"--button_accent_color:var(--awb-custom_color_13);--button_border_color:var(--awb-custom_color_13);--button_accent_hover_color:var(--awb-custom_color_1);--button_border_hover_color:var(--awb-custom_color_1);--button_gradient_top_color:var(--awb-custom_color_8);--button_gradient_bottom_color:var(--awb-custom_color_8);--button_gradient_top_color_hover:hsla(var(--awb-custom_color_5-h),calc(var(--awb-custom_color_5-s) - 5%),calc(var(--awb-custom_color_5-l) - 10%),var(--awb-custom_color_5-a));--button_gradient_bottom_color_hover:hsla(var(--awb-custom_color_5-h),calc(var(--awb-custom_color_5-s) - 5%),calc(var(--awb-custom_color_5-l) - 10%),var(--awb-custom_color_5-a));\" target=\"_self\" href=\"https:\/\/www.azcentralcu.org\/es\/ubicaciones\/\"><span class=\"fusion-button-text\">Aprende M\u00e1s<\/span><\/a><\/div><\/div><\/div><\/div><\/div>\n<\/p>\n","protected":false},"excerpt":{"rendered":"","protected":false},"author":1,"featured_media":0,"parent":3095,"menu_order":0,"comment_status":"closed","ping_status":"closed","template":"100-width.php","meta":{"footnotes":""},"acf":[],"yoast_head":"<!-- This site is optimized with the Yoast SEO plugin v21.7 - https:\/\/yoast.com\/wordpress\/plugins\/seo\/ -->\n<title>Tasas de Prestamos con Garantia Hipotecaria | AZ Central Credit Union<\/title>\n<meta name=\"description\" content=\"Arizona Central Credit Union tiene 9 ubicaciones convenientes en todo el estado. Explore nuestras tasas para prestamos con garantia hipotecaria y unase hoy!\" \/>\n<meta name=\"robots\" content=\"index, follow, max-snippet:-1, max-image-preview:large, max-video-preview:-1\" \/>\n<link rel=\"canonical\" href=\"https:\/\/www.azcentralcu.org\/es\/prestamos\/financiacion-de-fondos-de-la-vivienda\/\" \/>\n<meta property=\"og:locale\" content=\"es_ES\" \/>\n<meta property=\"og:type\" content=\"article\" \/>\n<meta property=\"og:title\" content=\"Tasas de Prestamos con Garantia Hipotecaria | AZ Central Credit Union\" \/>\n<meta property=\"og:description\" content=\"Arizona Central Credit Union tiene 9 ubicaciones convenientes en todo el estado. Explore nuestras tasas para prestamos con garantia hipotecaria y unase hoy!\" \/>\n<meta property=\"og:url\" content=\"https:\/\/www.azcentralcu.org\/es\/prestamos\/financiacion-de-fondos-de-la-vivienda\/\" \/>\n<meta property=\"og:site_name\" content=\"Arizona Central Credit Union\" \/>\n<meta property=\"article:modified_time\" content=\"2023-12-22T22:13:08+00:00\" \/>\n<meta name=\"twitter:card\" content=\"summary_large_image\" \/>\n<meta name=\"twitter:title\" content=\"Tasas de Prestamos con Garantia Hipotecaria | AZ Central Credit Union\" \/>\n<meta name=\"twitter:description\" content=\"Arizona Central Credit Union tiene 9 ubicaciones convenientes en todo el estado. Explore nuestras tasas para prestamos con garantia hipotecaria y unase hoy!\" \/>\n<meta name=\"twitter:label1\" content=\"Est. reading time\" \/>\n\t<meta name=\"twitter:data1\" content=\"2 minutes\" \/>\n<!-- \/ Yoast SEO plugin. -->","yoast_head_json":{"title":"Tasas de Prestamos con Garantia Hipotecaria | AZ Central Credit Union","description":"Arizona Central Credit Union tiene 9 ubicaciones convenientes en todo el estado. Explore nuestras tasas para prestamos con garantia hipotecaria y unase hoy!","robots":{"index":"index","follow":"follow","max-snippet":"max-snippet:-1","max-image-preview":"max-image-preview:large","max-video-preview":"max-video-preview:-1"},"canonical":"https:\/\/www.azcentralcu.org\/es\/prestamos\/financiacion-de-fondos-de-la-vivienda\/","og_locale":"es_ES","og_type":"article","og_title":"Tasas de Prestamos con Garantia Hipotecaria | AZ Central Credit Union","og_description":"Arizona Central Credit Union tiene 9 ubicaciones convenientes en todo el estado. Explore nuestras tasas para prestamos con garantia hipotecaria y unase hoy!","og_url":"https:\/\/www.azcentralcu.org\/es\/prestamos\/financiacion-de-fondos-de-la-vivienda\/","og_site_name":"Arizona Central Credit Union","article_modified_time":"2023-12-22T22:13:08+00:00","twitter_card":"summary_large_image","twitter_title":"Tasas de Prestamos con Garantia Hipotecaria | AZ Central Credit Union","twitter_description":"Arizona Central Credit Union tiene 9 ubicaciones convenientes en todo el estado. Explore nuestras tasas para prestamos con garantia hipotecaria y unase hoy!","twitter_misc":{"Est. reading time":"2 minutes"},"schema":{"@context":"https:\/\/schema.org","@graph":[{"@type":"WebPage","@id":"https:\/\/www.azcentralcu.org\/es\/prestamos\/financiacion-de-fondos-de-la-vivienda\/","url":"https:\/\/www.azcentralcu.org\/es\/prestamos\/financiacion-de-fondos-de-la-vivienda\/","name":"Tasas de Prestamos con Garantia Hipotecaria | AZ Central Credit Union","isPartOf":{"@id":"https:\/\/www.azcentralcu.org\/es\/#website"},"datePublished":"2023-11-14T23:12:09+00:00","dateModified":"2023-12-22T22:13:08+00:00","description":"Arizona Central Credit Union tiene 9 ubicaciones convenientes en todo el estado. Explore nuestras tasas para prestamos con garantia hipotecaria y unase hoy!","breadcrumb":{"@id":"https:\/\/www.azcentralcu.org\/es\/prestamos\/financiacion-de-fondos-de-la-vivienda\/#breadcrumb"},"inLanguage":"es-ES","potentialAction":[{"@type":"ReadAction","target":["https:\/\/www.azcentralcu.org\/es\/prestamos\/financiacion-de-fondos-de-la-vivienda\/"]}]},{"@type":"BreadcrumbList","@id":"https:\/\/www.azcentralcu.org\/es\/prestamos\/financiacion-de-fondos-de-la-vivienda\/#breadcrumb","itemListElement":[{"@type":"ListItem","position":1,"name":"Home","item":"https:\/\/www.azcentralcu.org\/es\/"},{"@type":"ListItem","position":2,"name":"Prestamos","item":"https:\/\/www.azcentralcu.org\/es\/prestamos\/"},{"@type":"ListItem","position":3,"name":"Pr\u00e9stamos con Garant\u00eda Hipotecaria"}]},{"@type":"WebSite","@id":"https:\/\/www.azcentralcu.org\/es\/#website","url":"https:\/\/www.azcentralcu.org\/es\/","name":"Arizona Central Credit Union","description":"","potentialAction":[{"@type":"SearchAction","target":{"@type":"EntryPoint","urlTemplate":"https:\/\/www.azcentralcu.org\/es\/?s={search_term_string}"},"query-input":"required name=search_term_string"}],"inLanguage":"es-ES"}]}},"_links":{"self":[{"href":"https:\/\/www.azcentralcu.org\/es\/wp-json\/wp\/v2\/pages\/3102"}],"collection":[{"href":"https:\/\/www.azcentralcu.org\/es\/wp-json\/wp\/v2\/pages"}],"about":[{"href":"https:\/\/www.azcentralcu.org\/es\/wp-json\/wp\/v2\/types\/page"}],"author":[{"embeddable":true,"href":"https:\/\/www.azcentralcu.org\/es\/wp-json\/wp\/v2\/users\/1"}],"replies":[{"embeddable":true,"href":"https:\/\/www.azcentralcu.org\/es\/wp-json\/wp\/v2\/comments?post=3102"}],"version-history":[{"count":2,"href":"https:\/\/www.azcentralcu.org\/es\/wp-json\/wp\/v2\/pages\/3102\/revisions"}],"predecessor-version":[{"id":3105,"href":"https:\/\/www.azcentralcu.org\/es\/wp-json\/wp\/v2\/pages\/3102\/revisions\/3105"}],"up":[{"embeddable":true,"href":"https:\/\/www.azcentralcu.org\/es\/wp-json\/wp\/v2\/pages\/3095"}],"wp:attachment":[{"href":"https:\/\/www.azcentralcu.org\/es\/wp-json\/wp\/v2\/media?parent=3102"}],"curies":[{"name":"wp","href":"https:\/\/api.w.org\/{rel}","templated":true}]}}