{"id":3058,"date":"2023-12-08T16:21:47","date_gmt":"2023-12-08T16:21:47","guid":{"rendered":"https:\/\/www.azcentralcu.org\/tasas-presentes\/business-deposit-rates\/"},"modified":"2024-03-12T20:28:16","modified_gmt":"2024-03-12T20:28:16","slug":"tasas-de-depositos-de-negocio","status":"publish","type":"page","link":"https:\/\/www.azcentralcu.org\/es\/tasas-presentes\/tasas-de-depositos-de-negocio\/","title":{"rendered":"Tasas de Dep\u00f3sitos de Negocio"},"content":{"rendered":"<p><div class=\"fusion-fullwidth fullwidth-box fusion-builder-row-1 fusion-flex-container has-pattern-background has-mask-background hundred-percent-fullwidth non-hundred-percent-height-scrolling\" style=\"--awb-border-radius-top-left:0px;--awb-border-radius-top-right:0px;--awb-border-radius-bottom-right:0px;--awb-border-radius-bottom-left:0px;--awb-padding-top:0px;--awb-padding-right:0px;--awb-padding-bottom:0px;--awb-padding-left:0px;--awb-flex-wrap:wrap;\" ><div class=\"fusion-builder-row fusion-row fusion-flex-align-items-stretch fusion-flex-content-wrap\" style=\"width:calc( 100% + 20px ) !important;max-width:calc( 100% + 20px ) !important;margin-left: calc(-20px \/ 2 );margin-right: calc(-20px \/ 2 );\"><div class=\"fusion-layout-column fusion_builder_column fusion-builder-column-0 fusion_builder_column_3_5 3_5 fusion-flex-column\" style=\"--awb-padding-top:96px;--awb-padding-right:15%;--awb-padding-bottom:96px;--awb-padding-left:15%;--awb-overflow:hidden;--awb-bg-color:var(--awb-custom_color_1);--awb-bg-color-hover:var(--awb-custom_color_1);--awb-bg-size:cover;--awb-border-radius:0px 100px 100px 0px;--awb-width-large:60%;--awb-spacing-right-large:10px;--awb-spacing-left-large:10px;--awb-width-medium:60%;--awb-order-medium:0;--awb-spacing-right-medium:10px;--awb-spacing-left-medium:10px;--awb-width-small:100%;--awb-order-small:0;--awb-spacing-right-small:24px;--awb-spacing-left-small:10px;\"><div class=\"fusion-column-wrapper fusion-column-has-shadow fusion-flex-justify-content-flex-start fusion-content-layout-column\"><div class=\"fusion-title title fusion-title-1 fusion-sep-none fusion-title-text fusion-title-size-one\" style=\"--awb-text-color:var(--awb-color1);--awb-margin-bottom:24px;--awb-font-size:64px;\"><h1 class=\"fusion-title-heading title-heading-left fusion-responsive-typography-calculated\" style=\"margin:0;font-size:1em;--fontSize:64;line-height:1.03;\">Tasas de Dep\u00f3sitos de Negocio<\/h1><\/div><div class=\"fusion-text fusion-text-1 fusion-text-no-margin\" style=\"--awb-font-size:22px;--awb-line-height:26px;--awb-text-color:var(--awb-color1);--awb-margin-bottom:32px;\"><p>Arizona Central Credit Union ofrece un conjunto completo de opciones bancarias para negocios. Conozca nuestros requisitos bancarios para<\/p>\n<ul>\n<li><a style=\"color: inherit;\" href=\"https:\/\/www.azcentralcu.org\/es\/bancario\/negocios\/value-checking-comercial\" target=\"_blank\" rel=\"noopener\">Cuentas de cheques para negocio<\/a><\/li>\n<li><a style=\"color: inherit;\" href=\"https:\/\/www.azcentralcu.org\/es\/bancario\/cuenta-de-member-share-comercial\" target=\"_blank\" rel=\"noopener\">Acciones de los miembros de negocio<\/a>\u00a0(Ahorros)<\/li>\n<li><a style=\"color: inherit;\" href=\"https:\/\/www.azcentralcu.org\/es\/bancario\/negocios\/cuenta-money-market-comercial\" target=\"_blank\" rel=\"noopener\">Cuentas del mercado monetario para negocio<\/a><\/li>\n<\/ul>\n<\/div><\/div><\/div><div class=\"fusion-layout-column fusion_builder_column fusion-builder-column-1 fusion_builder_column_2_5 2_5 fusion-flex-column\" style=\"--awb-padding-top:60px;--awb-padding-bottom:60px;--awb-overflow:hidden;--awb-bg-image:url(&#039;https:\/\/www.azcentralcu.org\/wp-content\/uploads\/2023\/11\/moutain-side.jpg&#039;);--awb-bg-position:center center;--awb-bg-size:cover;--awb-border-radius:100px 0px 0px 100px;--awb-width-large:40%;--awb-spacing-right-large:10px;--awb-spacing-left-large:10px;--awb-width-medium:40%;--awb-order-medium:0;--awb-spacing-right-medium:10px;--awb-spacing-left-medium:10px;--awb-width-small:100%;--awb-order-small:0;--awb-spacing-right-small:10px;--awb-spacing-left-small:24px;\"><div class=\"fusion-column-wrapper fusion-column-has-shadow fusion-flex-justify-content-flex-start fusion-content-layout-column fusion-column-has-bg-image\" data-bg-url=\"https:\/\/www.azcentralcu.org\/wp-content\/uploads\/2023\/11\/moutain-side.jpg\"><div class=\"fusion-separator fusion-full-width-sep\" style=\"align-self: center;margin-left: auto;margin-right: auto;width:100%;\"><\/div><\/div><\/div><\/div><\/div><div class=\"fusion-fullwidth fullwidth-box fusion-builder-row-2 fusion-flex-container has-pattern-background has-mask-background nonhundred-percent-fullwidth non-hundred-percent-height-scrolling\" style=\"--awb-border-radius-top-left:0px;--awb-border-radius-top-right:0px;--awb-border-radius-bottom-right:0px;--awb-border-radius-bottom-left:0px;--awb-flex-wrap:wrap;\" ><div class=\"fusion-builder-row fusion-row fusion-flex-align-items-flex-start fusion-flex-content-wrap\" style=\"max-width:1248px;margin-left: calc(-4% \/ 2 );margin-right: calc(-4% \/ 2 );\"><div class=\"fusion-layout-column fusion_builder_column fusion-builder-column-2 fusion_builder_column_1_1 1_1 fusion-flex-column\" style=\"--awb-bg-size:cover;--awb-width-large:100%;--awb-spacing-right-large:1.92%;--awb-spacing-left-large:1.92%;--awb-width-medium:100%;--awb-order-medium:0;--awb-spacing-right-medium:1.92%;--awb-spacing-left-medium:1.92%;--awb-width-small:100%;--awb-order-small:0;--awb-spacing-right-small:1.92%;--awb-spacing-left-small:1.92%;\"><div class=\"fusion-column-wrapper fusion-column-has-shadow fusion-flex-justify-content-flex-start fusion-content-layout-column\"><div class=\"fusion-title title fusion-title-2 fusion-sep-none fusion-title-text fusion-title-size-two\"><h2 class=\"fusion-title-heading title-heading-left fusion-responsive-typography-calculated\" style=\"margin:0;--fontSize:46;line-height:var(--awb-typography2-line-height);\">Cuentas de Cheques<\/h2><\/div><div class=\"fusion-text fusion-text-2\"><div class=\"table-1\">\n<table width=\"100%\">\n<thead>\n<tr>\n<th align=\"left\">Tipo de Cuenta<\/th>\n<th style=\"text-align: center;\" align=\"left\">M\u00ednimo Para Abrir<\/th>\n<th style=\"text-align: center;\" align=\"left\">Balance M\u00ednimo para obtener APY<\/th>\n<th style=\"text-align: center;\" align=\"left\">Tasas de Inter\u00e9s<\/th>\n<th style=\"text-align: center;\" align=\"left\">APY<\/th>\n<\/tr>\n<\/thead>\n<tbody>\n<tr>\n<td align=\"left\">Value Checking de Negocios<\/td>\n<td style=\"text-align: center;\" align=\"left\">$0.00<\/td>\n<td style=\"text-align: center;\" align=\"left\">N\/A<\/td>\n<td style=\"text-align: center;\" align=\"left\">N\/A<\/td>\n<td style=\"text-align: center;\" align=\"left\">N\/A<\/td>\n<\/tr>\n<tr>\n<td align=\"left\">Classic Checking de Negocios<\/td>\n<td style=\"text-align: center;\" align=\"left\">$0.00<\/td>\n<td style=\"text-align: center;\" align=\"left\">$2,500.00<\/td>\n<td style=\"text-align: center;\" align=\"left\">0.05%<\/td>\n<td align=\"left\">0.05%<\/td>\n<\/tr>\n<\/tbody>\n<\/table>\n<\/div>\n<\/div>\n<\/div><\/div><\/div><\/div><div class=\"fusion-fullwidth fullwidth-box fusion-builder-row-3 fusion-flex-container has-pattern-background has-mask-background nonhundred-percent-fullwidth non-hundred-percent-height-scrolling\" style=\"--awb-border-radius-top-left:0px;--awb-border-radius-top-right:0px;--awb-border-radius-bottom-right:0px;--awb-border-radius-bottom-left:0px;--awb-flex-wrap:wrap;\" ><div class=\"fusion-builder-row fusion-row fusion-flex-align-items-flex-start fusion-flex-content-wrap\" style=\"max-width:1248px;margin-left: calc(-4% \/ 2 );margin-right: calc(-4% \/ 2 );\"><div class=\"fusion-layout-column fusion_builder_column fusion-builder-column-3 fusion_builder_column_1_1 1_1 fusion-flex-column\" style=\"--awb-bg-size:cover;--awb-width-large:100%;--awb-spacing-right-large:1.92%;--awb-spacing-left-large:1.92%;--awb-width-medium:100%;--awb-order-medium:0;--awb-spacing-right-medium:1.92%;--awb-spacing-left-medium:1.92%;--awb-width-small:100%;--awb-order-small:0;--awb-spacing-right-small:1.92%;--awb-spacing-left-small:1.92%;\"><div class=\"fusion-column-wrapper fusion-column-has-shadow fusion-flex-justify-content-flex-start fusion-content-layout-column\"><div class=\"fusion-title title fusion-title-3 fusion-sep-none fusion-title-text fusion-title-size-two\"><h2 class=\"fusion-title-heading title-heading-left fusion-responsive-typography-calculated\" style=\"margin:0;--fontSize:46;line-height:var(--awb-typography2-line-height);\">Cuentas de Ahorros<\/h2><\/div><div class=\"fusion-text fusion-text-3\"><div class=\"table-1\">\n<table width=\"100%\">\n<thead>\n<tr>\n<th align=\"left\">Tipo de Cuenta<\/th>\n<th style=\"text-align: center;\" align=\"left\">M\u00ednimo Para Abrir<\/th>\n<th style=\"text-align: center;\" align=\"left\">Balance M\u00ednimo para obtener APY<\/th>\n<th style=\"text-align: center;\" align=\"left\">Tasas de Inter\u00e9s<\/th>\n<th style=\"text-align: center;\" align=\"left\">APY<\/th>\n<\/tr>\n<\/thead>\n<tbody>\n<tr>\n<td align=\"left\">Business Member Share<\/td>\n<td style=\"text-align: center;\" align=\"left\">$5.00<\/td>\n<td style=\"text-align: center;\" align=\"left\">$5.00<\/td>\n<td style=\"text-align: center;\" align=\"left\">0.10%<\/td>\n<td style=\"text-align: center;\" align=\"left\">0.10%<\/td>\n<\/tr>\n<tr>\n<td align=\"left\">Business Money Market<\/td>\n<td style=\"text-align: center;\" align=\"left\">$5,000.00<\/td>\n<td style=\"text-align: center;\" align=\"left\">$1.00<br \/>\n$50,000.00<br \/>\n$100,000.00 or more<\/td>\n<td style=\"text-align: center;\" align=\"left\">0.55%<br \/>\n0.65%<br \/>0.90%<\/td>\n<td style=\"text-align: center;\" align=\"left\">0.55%<br \/>\n0.65%<br \/>0.90%<\/td>\n<\/tr>\n<\/tbody>\n<\/table>\n<\/div>\n<\/div>\n<\/div><\/div><\/div><\/div><div class=\"fusion-fullwidth fullwidth-box fusion-builder-row-4 fusion-flex-container has-pattern-background has-mask-background nonhundred-percent-fullwidth non-hundred-percent-height-scrolling\" style=\"--awb-border-radius-top-left:0px;--awb-border-radius-top-right:0px;--awb-border-radius-bottom-right:0px;--awb-border-radius-bottom-left:0px;--awb-flex-wrap:wrap;\" ><div class=\"fusion-builder-row fusion-row fusion-flex-align-items-center fusion-flex-content-wrap\" style=\"max-width:1248px;margin-left: calc(-4% \/ 2 );margin-right: calc(-4% \/ 2 );\"><div class=\"fusion-layout-column fusion_builder_column fusion-builder-column-4 fusion_builder_column_1_2 1_2 fusion-flex-column\" style=\"--awb-bg-size:cover;--awb-width-large:50%;--awb-spacing-right-large:3.84%;--awb-spacing-left-large:3.84%;--awb-width-medium:50%;--awb-order-medium:0;--awb-spacing-right-medium:3.84%;--awb-spacing-left-medium:3.84%;--awb-width-small:100%;--awb-order-small:1;--awb-spacing-right-small:1.92%;--awb-spacing-left-small:1.92%;\"><div class=\"fusion-column-wrapper fusion-column-has-shadow fusion-flex-justify-content-flex-start fusion-content-layout-column\"><div class=\"fusion-title title fusion-title-4 fusion-sep-none fusion-title-text fusion-title-size-two\"><h2 class=\"fusion-title-heading title-heading-left fusion-responsive-typography-calculated\" style=\"margin:0;--fontSize:46;line-height:var(--awb-typography2-line-height);\">\u00bfPor qu\u00e9 elegir Arizona Central Credit Union para banco de negocios?<\/h2><\/div><div class=\"fusion-text fusion-text-4\"><p>Arizona Central Credit Union ha estado proporcionando a las familias de Arizona en Phoenix y a sus alrededores con pr\u00e9stamos y otros servicios financieros desde 1939. Tanto si usted ya tiene una cuenta o si s\u00f3lo busca comparar las tasas de inter\u00e9s, Arizona Central, el l\u00edder de la uni\u00f3n de cr\u00e9dito local de Arizona, estar\u00e1 aqu\u00ed para proteger y ayudarle a alcanzar su objetivo de libertad financiera. Arizona Central Credit Union tiene 9 sucursales en todo el estado de Arizona, incluyendo Phoenix, Glendale, Tempe, Chandler, Flagstaff, Tucson y Show Low. Los miembros tienen acceso a m\u00e1s de\u00a055,000+ cajeros autom\u00e1ticos sin recargo en todo el pa\u00eds a trav\u00e9s de las redes de cajeros autom\u00e1ticos compartidos de CO-OP. Arizona Central hace que el banco sea accesible y remunerante para todas las comunidades de AZ.<\/p>\n<\/div><\/div><\/div><div class=\"fusion-layout-column fusion_builder_column fusion-builder-column-5 fusion_builder_column_1_2 1_2 fusion-flex-column\" style=\"--awb-bg-size:cover;--awb-width-large:50%;--awb-spacing-right-large:3.84%;--awb-spacing-left-large:3.84%;--awb-width-medium:50%;--awb-order-medium:0;--awb-spacing-right-medium:3.84%;--awb-spacing-left-medium:3.84%;--awb-width-small:100%;--awb-order-small:0;--awb-spacing-right-small:1.92%;--awb-spacing-left-small:1.92%;\"><div class=\"fusion-column-wrapper fusion-column-has-shadow fusion-flex-justify-content-flex-start fusion-content-layout-column\"><div class=\"fusion-image-element \" style=\"text-align:center;--awb-aspect-ratio:1 \/ 1;--awb-max-width:420px;--awb-caption-title-font-family:var(--h2_typography-font-family);--awb-caption-title-font-weight:var(--h2_typography-font-weight);--awb-caption-title-font-style:var(--h2_typography-font-style);--awb-caption-title-size:var(--h2_typography-font-size);--awb-caption-title-transform:var(--h2_typography-text-transform);--awb-caption-title-line-height:var(--h2_typography-line-height);--awb-caption-title-letter-spacing:var(--h2_typography-letter-spacing);\"><div style=\"display:inline-block;width:420px;\"><span class=\" fusion-imageframe imageframe-none imageframe-1 hover-type-none has-aspect-ratio dots\" style=\"border-radius:999px;\"><img decoding=\"async\" width=\"470\" height=\"450\" title=\"GettyImages-878674886 (8)_3\" src=\"https:\/\/www.azcentralcu.org\/wp-content\/uploads\/2023\/11\/GettyImages-878674886-8_3.jpg\" class=\"img-responsive wp-image-2019 img-with-aspect-ratio\" alt \/><\/span><\/div><\/div><\/div><\/div><\/div><\/div><div class=\"fusion-fullwidth fullwidth-box fusion-builder-row-5 fusion-flex-container has-pattern-background has-mask-background nonhundred-percent-fullwidth non-hundred-percent-height-scrolling\" style=\"--awb-border-radius-top-left:0px;--awb-border-radius-top-right:0px;--awb-border-radius-bottom-right:0px;--awb-border-radius-bottom-left:0px;--awb-padding-top:0px;--awb-padding-bottom:0px;--awb-margin-bottom:60px;--awb-background-size:cover;--awb-flex-wrap:wrap;\" ><div class=\"fusion-builder-row fusion-row fusion-flex-align-items-center fusion-flex-justify-content-center fusion-flex-content-wrap\" style=\"max-width:1248px;margin-left: calc(-4% \/ 2 );margin-right: calc(-4% \/ 2 );\"><div class=\"fusion-layout-column fusion_builder_column fusion-builder-column-6 fusion_builder_column_1_1 1_1 fusion-flex-column\" style=\"--awb-padding-top:10%;--awb-padding-right:20px;--awb-padding-bottom:10%;--awb-padding-left:20px;--awb-overflow:hidden;--awb-bg-image:linear-gradient(180deg, rgba(0,58,92,0.7) 0%,rgba(0,58,92,0.7) 100%),url(https:\/\/www.azcentralcu.org\/wp-content\/uploads\/2023\/10\/desert-mountain.jpg);;--awb-bg-position:center center;--awb-bg-size:cover;--awb-border-radius:30px 30px 30px 30px;--awb-width-large:100%;--awb-spacing-right-large:1.92%;--awb-margin-bottom-large:0px;--awb-spacing-left-large:1.92%;--awb-width-medium:100%;--awb-order-medium:0;--awb-spacing-right-medium:1.92%;--awb-spacing-left-medium:1.92%;--awb-width-small:100%;--awb-order-small:0;--awb-spacing-right-small:1.92%;--awb-spacing-left-small:1.92%;\"><div class=\"fusion-column-wrapper fusion-column-has-shadow fusion-flex-justify-content-flex-start fusion-content-layout-column fusion-column-has-bg-image\" data-bg-url=\"https:\/\/www.azcentralcu.org\/wp-content\/uploads\/2023\/10\/desert-mountain.jpg\"><div class=\"fusion-title title fusion-title-5 fusion-sep-none fusion-title-center fusion-title-text fusion-title-size-three\" style=\"--awb-text-color:var(--awb-color1);--awb-margin-bottom:40px;\"><h3 class=\"fusion-title-heading title-heading-center fusion-responsive-typography-calculated\" style=\"margin:0;--fontSize:38;line-height:var(--awb-typography2-line-height);\">\u00a1Encuentra una sucursal cercana hoy!<\/h3><\/div><div style=\"text-align:center;\"><a class=\"fusion-button button-flat fusion-button-default-size button-custom fusion-button-default button-1 fusion-button-default-span fusion-button-default-type\" style=\"--button_accent_color:var(--awb-custom_color_13);--button_border_color:var(--awb-custom_color_13);--button_accent_hover_color:var(--awb-custom_color_1);--button_border_hover_color:var(--awb-custom_color_1);--button_gradient_top_color:var(--awb-custom_color_8);--button_gradient_bottom_color:var(--awb-custom_color_8);--button_gradient_top_color_hover:hsla(var(--awb-custom_color_5-h),calc(var(--awb-custom_color_5-s) - 5%),calc(var(--awb-custom_color_5-l) - 10%),var(--awb-custom_color_5-a));--button_gradient_bottom_color_hover:hsla(var(--awb-custom_color_5-h),calc(var(--awb-custom_color_5-s) - 5%),calc(var(--awb-custom_color_5-l) - 10%),var(--awb-custom_color_5-a));\" target=\"_self\" href=\"https:\/\/www.azcentralcu.org\/es\/ubicaciones\/\"><span class=\"fusion-button-text\">Aprende M\u00e1s<\/span><\/a><\/div><\/div><\/div><\/div><\/div>\n<\/p>\n","protected":false},"excerpt":{"rendered":"","protected":false},"author":1,"featured_media":0,"parent":3050,"menu_order":0,"comment_status":"closed","ping_status":"closed","template":"100-width.php","meta":{"footnotes":""},"acf":[],"yoast_head":"<!-- This site is optimized with the Yoast SEO plugin v21.7 - https:\/\/yoast.com\/wordpress\/plugins\/seo\/ -->\n<title>Tasas de Depositos de Negocio | Arizona Central Credit Union<\/title>\n<meta name=\"description\" content=\"Su negocio esta creciendo? Arizona Central Credit Union ofrece tasas competitivas para depositos de negocios. Busque una sucursal cerca de usted y unase hoy!\" \/>\n<meta name=\"robots\" content=\"index, follow, max-snippet:-1, max-image-preview:large, max-video-preview:-1\" \/>\n<link rel=\"canonical\" href=\"https:\/\/www.azcentralcu.org\/es\/tasas-presentes\/tasas-de-depositos-de-negocio\/\" \/>\n<meta property=\"og:locale\" content=\"es_ES\" \/>\n<meta property=\"og:type\" content=\"article\" \/>\n<meta property=\"og:title\" content=\"Tasas de Depositos de Negocio | Arizona Central Credit Union\" \/>\n<meta property=\"og:description\" content=\"Su negocio esta creciendo? Arizona Central Credit Union ofrece tasas competitivas para depositos de negocios. Busque una sucursal cerca de usted y unase hoy!\" \/>\n<meta property=\"og:url\" content=\"https:\/\/www.azcentralcu.org\/es\/tasas-presentes\/tasas-de-depositos-de-negocio\/\" \/>\n<meta property=\"og:site_name\" content=\"Arizona Central Credit Union\" \/>\n<meta property=\"article:modified_time\" content=\"2024-03-12T20:28:16+00:00\" \/>\n<meta name=\"twitter:card\" content=\"summary_large_image\" \/>\n<meta name=\"twitter:title\" content=\"Tasas de Depositos de Negocio | Arizona Central Credit Union\" \/>\n<meta name=\"twitter:description\" content=\"Su negocio esta creciendo? Arizona Central Credit Union ofrece tasas competitivas para depositos de negocios. Busque una sucursal cerca de usted y unase hoy!\" \/>\n<meta name=\"twitter:label1\" content=\"Est. reading time\" \/>\n\t<meta name=\"twitter:data1\" content=\"2 minutes\" \/>\n<!-- \/ Yoast SEO plugin. -->","yoast_head_json":{"title":"Tasas de Depositos de Negocio | Arizona Central Credit Union","description":"Su negocio esta creciendo? Arizona Central Credit Union ofrece tasas competitivas para depositos de negocios. Busque una sucursal cerca de usted y unase hoy!","robots":{"index":"index","follow":"follow","max-snippet":"max-snippet:-1","max-image-preview":"max-image-preview:large","max-video-preview":"max-video-preview:-1"},"canonical":"https:\/\/www.azcentralcu.org\/es\/tasas-presentes\/tasas-de-depositos-de-negocio\/","og_locale":"es_ES","og_type":"article","og_title":"Tasas de Depositos de Negocio | Arizona Central Credit Union","og_description":"Su negocio esta creciendo? Arizona Central Credit Union ofrece tasas competitivas para depositos de negocios. Busque una sucursal cerca de usted y unase hoy!","og_url":"https:\/\/www.azcentralcu.org\/es\/tasas-presentes\/tasas-de-depositos-de-negocio\/","og_site_name":"Arizona Central Credit Union","article_modified_time":"2024-03-12T20:28:16+00:00","twitter_card":"summary_large_image","twitter_title":"Tasas de Depositos de Negocio | Arizona Central Credit Union","twitter_description":"Su negocio esta creciendo? Arizona Central Credit Union ofrece tasas competitivas para depositos de negocios. Busque una sucursal cerca de usted y unase hoy!","twitter_misc":{"Est. reading time":"2 minutes"},"schema":{"@context":"https:\/\/schema.org","@graph":[{"@type":"WebPage","@id":"https:\/\/www.azcentralcu.org\/es\/tasas-presentes\/tasas-de-depositos-de-negocio\/","url":"https:\/\/www.azcentralcu.org\/es\/tasas-presentes\/tasas-de-depositos-de-negocio\/","name":"Tasas de Depositos de Negocio | Arizona Central Credit Union","isPartOf":{"@id":"https:\/\/www.azcentralcu.org\/es\/#website"},"datePublished":"2023-12-08T16:21:47+00:00","dateModified":"2024-03-12T20:28:16+00:00","description":"Su negocio esta creciendo? Arizona Central Credit Union ofrece tasas competitivas para depositos de negocios. Busque una sucursal cerca de usted y unase hoy!","breadcrumb":{"@id":"https:\/\/www.azcentralcu.org\/es\/tasas-presentes\/tasas-de-depositos-de-negocio\/#breadcrumb"},"inLanguage":"es-ES","potentialAction":[{"@type":"ReadAction","target":["https:\/\/www.azcentralcu.org\/es\/tasas-presentes\/tasas-de-depositos-de-negocio\/"]}]},{"@type":"BreadcrumbList","@id":"https:\/\/www.azcentralcu.org\/es\/tasas-presentes\/tasas-de-depositos-de-negocio\/#breadcrumb","itemListElement":[{"@type":"ListItem","position":1,"name":"Home","item":"https:\/\/www.azcentralcu.org\/es\/"},{"@type":"ListItem","position":2,"name":"Tasas Presentes","item":"https:\/\/www.azcentralcu.org\/es\/tasas-presentes\/"},{"@type":"ListItem","position":3,"name":"Tasas de Dep\u00f3sitos de Negocio"}]},{"@type":"WebSite","@id":"https:\/\/www.azcentralcu.org\/es\/#website","url":"https:\/\/www.azcentralcu.org\/es\/","name":"Arizona Central Credit Union","description":"","potentialAction":[{"@type":"SearchAction","target":{"@type":"EntryPoint","urlTemplate":"https:\/\/www.azcentralcu.org\/es\/?s={search_term_string}"},"query-input":"required name=search_term_string"}],"inLanguage":"es-ES"}]}},"_links":{"self":[{"href":"https:\/\/www.azcentralcu.org\/es\/wp-json\/wp\/v2\/pages\/3058"}],"collection":[{"href":"https:\/\/www.azcentralcu.org\/es\/wp-json\/wp\/v2\/pages"}],"about":[{"href":"https:\/\/www.azcentralcu.org\/es\/wp-json\/wp\/v2\/types\/page"}],"author":[{"embeddable":true,"href":"https:\/\/www.azcentralcu.org\/es\/wp-json\/wp\/v2\/users\/1"}],"replies":[{"embeddable":true,"href":"https:\/\/www.azcentralcu.org\/es\/wp-json\/wp\/v2\/comments?post=3058"}],"version-history":[{"count":7,"href":"https:\/\/www.azcentralcu.org\/es\/wp-json\/wp\/v2\/pages\/3058\/revisions"}],"predecessor-version":[{"id":4743,"href":"https:\/\/www.azcentralcu.org\/es\/wp-json\/wp\/v2\/pages\/3058\/revisions\/4743"}],"up":[{"embeddable":true,"href":"https:\/\/www.azcentralcu.org\/es\/wp-json\/wp\/v2\/pages\/3050"}],"wp:attachment":[{"href":"https:\/\/www.azcentralcu.org\/es\/wp-json\/wp\/v2\/media?parent=3058"}],"curies":[{"name":"wp","href":"https:\/\/api.w.org\/{rel}","templated":true}]}}