{"id":3042,"date":"2023-11-28T22:35:48","date_gmt":"2023-11-28T22:35:48","guid":{"rendered":"https:\/\/www.azcentralcu.org\/contact-us\/"},"modified":"2026-03-04T18:12:48","modified_gmt":"2026-03-04T18:12:48","slug":"contactenos","status":"publish","type":"page","link":"https:\/\/www.azcentralcu.org\/es\/contactenos\/","title":{"rendered":"Contacta con Nosotros"},"content":{"rendered":"<div class=\"fusion-fullwidth fullwidth-box fusion-builder-row-1 fusion-flex-container has-pattern-background has-mask-background nonhundred-percent-fullwidth non-hundred-percent-height-scrolling\" style=\"--awb-border-radius-top-left:0px;--awb-border-radius-top-right:0px;--awb-border-radius-bottom-right:0px;--awb-border-radius-bottom-left:0px;--awb-flex-wrap:wrap;\" ><div class=\"fusion-builder-row fusion-row fusion-flex-align-items-flex-start fusion-flex-content-wrap\" style=\"max-width:1248px;margin-left: calc(-4% \/ 2 );margin-right: calc(-4% \/ 2 );\"><div class=\"fusion-layout-column fusion_builder_column fusion-builder-column-0 fusion_builder_column_1_2 1_2 fusion-flex-column\" style=\"--awb-bg-size:cover;--awb-width-large:50%;--awb-spacing-right-large:3.84%;--awb-spacing-left-large:3.84%;--awb-width-medium:50%;--awb-order-medium:0;--awb-spacing-right-medium:3.84%;--awb-spacing-left-medium:3.84%;--awb-width-small:100%;--awb-order-small:0;--awb-spacing-right-small:1.92%;--awb-spacing-left-small:1.92%;\"><div class=\"fusion-column-wrapper fusion-column-has-shadow fusion-flex-justify-content-flex-start fusion-content-layout-column\"><div class=\"fusion-title title fusion-title-1 fusion-sep-none fusion-title-text fusion-title-size-two\"><h2 class=\"fusion-title-heading title-heading-left fusion-responsive-typography-calculated\" style=\"margin:0;--fontSize:46;line-height:var(--awb-typography2-line-height);\">Cont\u00e1ctenos<\/h2><\/div><div class=\"fusion-text fusion-text-1\"><p class=\"intro-blue\"><strong>(602) 264-6421<\/strong><br \/>\nLlamada Gratis:<strong>(866) 264-6421<\/strong><\/p>\n<p>l, m, j, v: 9:00 a.m. \u2013 5:30 p.m.<br \/>\nm: 10:00 a.m. \u2013 5:30 p.m.<\/p>\n<p>Nuestro Centro de Soluciones y equipos de pr\u00e9stamos est\u00e1n disponibles los s\u00e1bados a partir de 10:00 a.m. \u2013 2:00 p.m. al <strong>(602) 264-6421)<\/strong> o llamada gratia <strong>1-866-264-6421<\/strong>.<\/p>\n<p>P.O. Box 34520<br \/><span style=\"letter-spacing: 0.24px; background-color: rgba(0, 0, 0, 0);\">Phoenix, AZ 85067<\/span><\/p>\n<\/div><div ><a class=\"fusion-button button-flat fusion-button-default-size button-default fusion-button-default button-1 fusion-button-default-span fusion-button-default-type\" style=\"--button_margin-bottom:32px;\" target=\"_self\" href=\"\/locations\/branch-locations\/\"><span class=\"fusion-button-text\">Encontrar una Sucursal<\/span><\/a><\/div><div class=\"fusion-social-links fusion-social-links-1\" style=\"--awb-margin-top:0px;--awb-margin-right:0px;--awb-margin-bottom:32px;--awb-margin-left:0px;--awb-box-border-top:0px;--awb-box-border-right:0px;--awb-box-border-bottom:0px;--awb-box-border-left:0px;--awb-icon-colors-hover:var(--awb-color4);--awb-box-colors-hover:var(--awb-color1);--awb-box-border-color:var(--awb-color3);--awb-box-border-color-hover:var(--awb-color4);\"><div class=\"fusion-social-networks color-type-custom\"><div class=\"fusion-social-networks-wrapper\"><a class=\"fusion-social-network-icon fusion-tooltip fusion-facebook awb-icon-facebook\" style=\"color:var(--awb-custom_color_1);font-size:16px;\" data-placement=\"top\" data-title=\"Facebook\" data-toggle=\"tooltip\" title=\"Facebook\" aria-label=\"facebook\" target=\"_blank\" rel=\"noopener noreferrer\" href=\"https:\/\/www.facebook.com\/arizonacentralcreditunion\"><\/a><a class=\"fusion-social-network-icon fusion-tooltip fusion-twitter awb-icon-twitter\" style=\"color:var(--awb-custom_color_1);font-size:16px;\" data-placement=\"top\" data-title=\"Twitter\" data-toggle=\"tooltip\" title=\"Twitter\" aria-label=\"twitter\" target=\"_blank\" rel=\"noopener noreferrer\" href=\"https:\/\/twitter.com\/azcentralcu\"><\/a><a class=\"fusion-social-network-icon fusion-tooltip fusion-instagram awb-icon-instagram\" style=\"color:var(--awb-custom_color_1);font-size:16px;\" data-placement=\"top\" data-title=\"Instagram\" data-toggle=\"tooltip\" title=\"Instagram\" aria-label=\"instagram\" target=\"_blank\" rel=\"noopener noreferrer\" href=\"https:\/\/www.instagram.com\/azcentralcu\/\"><\/a><a class=\"fusion-social-network-icon fusion-tooltip fusion-youtube awb-icon-youtube\" style=\"color:var(--awb-custom_color_1);font-size:16px;\" data-placement=\"top\" data-title=\"YouTube\" data-toggle=\"tooltip\" title=\"YouTube\" aria-label=\"youtube\" target=\"_blank\" rel=\"noopener noreferrer\" href=\"https:\/\/www.youtube.com\/user\/azcentralcu\"><\/a><a class=\"fusion-social-network-icon fusion-tooltip fusion-linkedin awb-icon-linkedin\" style=\"color:var(--awb-custom_color_1);font-size:16px;\" data-placement=\"top\" data-title=\"LinkedIn\" data-toggle=\"tooltip\" title=\"LinkedIn\" aria-label=\"linkedin\" target=\"_blank\" rel=\"noopener noreferrer\" href=\"https:\/\/www.linkedin.com\/company\/arizona-central-credit-union\/\"><\/a><\/div><\/div><\/div><div class=\"fusion-title title fusion-title-2 fusion-sep-none fusion-title-text fusion-title-size-three\"><h3 class=\"fusion-title-heading title-heading-left fusion-responsive-typography-calculated\" style=\"margin:0;--fontSize:38;line-height:var(--awb-typography2-line-height);\">Programe una cita en una sucursal<\/h3><\/div><div class=\"fusion-text fusion-text-2\"><p>\u00a1Le ofrecemos la oportunidad de programar una cita para que sea m\u00e1s f\u00e1cil hacer negocios con nosotros! Sin embargo, siempre estamos aqu\u00ed para servirle y no se requieren citas.<\/p>\n<p>Haga clic <a href=\"\/lobby-appointment\/\">aqu\u00ed<\/a> para programar una cita en el lobby de una sucursal con nosotros, o puede llamarnos o completar el formulario de contacto. \u00a1Lo que sea m\u00e1s conveniente para usted, estamos aqu\u00ed para ayudarle!<\/p>\n<\/p>\n<h4>Solicitud para eliminar acceso a la cuenta<\/h4>\n<p>Google y Apple exigen que Arizona Central Credit Union proporcione a nuestros miembros la posibilidad de solicitar la eliminaci\u00f3n de su acceso a las cuentas de la aplicaci\u00f3n y a cualquier dato de miembro asociado en l\u00ednea. Si desea solicitar la eliminaci\u00f3n de su cuenta del banco m\u00f3vil y en l\u00ednea y otros datos relacionados, env\u00ede un formulario de contacto y elija la opci\u00f3n &#8220;Solicitar Eliminaci\u00f3n de Acceso &#8221; en el men\u00fa bajo Raz\u00f3n Por Contactarnos.<\/p>\n<\/div><\/div><\/div><div class=\"fusion-layout-column fusion_builder_column fusion-builder-column-1 fusion_builder_column_1_2 1_2 fusion-flex-column\" style=\"--awb-bg-size:cover;--awb-width-large:50%;--awb-spacing-right-large:3.84%;--awb-spacing-left-large:3.84%;--awb-width-medium:50%;--awb-order-medium:0;--awb-spacing-right-medium:3.84%;--awb-spacing-left-medium:3.84%;--awb-width-small:100%;--awb-order-small:0;--awb-spacing-right-small:1.92%;--awb-spacing-left-small:1.92%;\"><div class=\"fusion-column-wrapper fusion-column-has-shadow fusion-flex-justify-content-flex-start fusion-content-layout-column\"><div class=\"fusion-form fusion-form-builder fusion-form-form-wrapper fusion-form-3519\" style=\"--awb-tooltip-text-color:#ffffff;--awb-tooltip-background-color:#333333;\" data-form-id=\"3519\" data-config=\"{&quot;form_id&quot;:3519,&quot;form_post_id&quot;:3519,&quot;post_id&quot;:3042,&quot;form_type&quot;:&quot;ajax&quot;,&quot;confirmation_type&quot;:&quot;message&quot;,&quot;redirect_url&quot;:&quot;&quot;,&quot;field_labels&quot;:{&quot;nombre_completo&quot;:&quot;Nombre Completo&quot;,&quot;razon_para_contactarnos&quot;:&quot;Raz\\u00f3n Por Contactarnos&quot;,&quot;numero_de_telefono&quot;:&quot;N\\u00famero De Tel\\u00e9fono&quot;,&quot;correo_electronico&quot;:&quot;Correo Electr\\u00f3nico&quot;,&quot;metodo_de_contacto_preferido&quot;:&quot;M\\u00e9todo De Contacto Preferido&quot;,&quot;mejor_hora_para_contactar&quot;:&quot;Mejor Hora Para Contactar&quot;,&quot;mensaje&quot;:&quot;Mensaje&quot;},&quot;field_logics&quot;:{&quot;nombre_completo&quot;:&quot;&quot;,&quot;razon_para_contactarnos&quot;:&quot;&quot;,&quot;numero_de_telefono&quot;:&quot;&quot;,&quot;correo_electronico&quot;:&quot;&quot;,&quot;metodo_de_contacto_preferido&quot;:&quot;&quot;,&quot;mejor_hora_para_contactar&quot;:&quot;&quot;,&quot;mensaje&quot;:&quot;&quot;,&quot;notice_1&quot;:&quot;&quot;},&quot;field_types&quot;:{&quot;nombre_completo&quot;:&quot;text&quot;,&quot;razon_para_contactarnos&quot;:&quot;select&quot;,&quot;numero_de_telefono&quot;:&quot;phone_number&quot;,&quot;correo_electronico&quot;:&quot;email&quot;,&quot;metodo_de_contacto_preferido&quot;:&quot;radio&quot;,&quot;mejor_hora_para_contactar&quot;:&quot;radio&quot;,&quot;mensaje&quot;:&quot;textarea&quot;,&quot;submit_1&quot;:&quot;submit&quot;,&quot;notice_1&quot;:&quot;notice&quot;},&quot;nonce_method&quot;:&quot;ajax&quot;}\"><form action=\"https:\/\/www.azcentralcu.org\/es\/contactenos\/\" method=\"post\" class=\"fusion-form fusion-form-3519\"><div class=\"fusion-fullwidth fullwidth-box fusion-builder-row-1-1 fusion-flex-container has-pattern-background has-mask-background nonhundred-percent-fullwidth non-hundred-percent-height-scrolling\" style=\"--awb-border-radius-top-left:0px;--awb-border-radius-top-right:0px;--awb-border-radius-bottom-right:0px;--awb-border-radius-bottom-left:0px;--awb-flex-wrap:wrap;\" ><div class=\"fusion-builder-row fusion-row fusion-flex-align-items-flex-start fusion-flex-content-wrap\" style=\"width:104% !important;max-width:104% !important;margin-left: calc(-4% \/ 2 );margin-right: calc(-4% \/ 2 );\"><div class=\"fusion-layout-column fusion_builder_column fusion-builder-column-2 fusion_builder_column_1_1 1_1 fusion-flex-column\" style=\"--awb-bg-size:cover;--awb-width-large:100%;--awb-spacing-right-large:1.92%;--awb-spacing-left-large:1.92%;--awb-width-medium:100%;--awb-order-medium:0;--awb-spacing-right-medium:1.92%;--awb-spacing-left-medium:1.92%;--awb-width-small:100%;--awb-order-small:0;--awb-spacing-right-small:1.92%;--awb-spacing-left-small:1.92%;\"><div class=\"fusion-column-wrapper fusion-column-has-shadow fusion-flex-justify-content-flex-start fusion-content-layout-column\"><div class=\"fusion-text fusion-text-3\"><p>Para su protecci\u00f3n, no incluya el n\u00famero de cuenta ni la informaci\u00f3n en este mensaje.<\/p>\n<\/div><div class=\"fusion-form-field fusion-form-text-field fusion-form-label-above\" style=\"\" data-form-id=\"3519\"><div class=\"fusion-form-label-wrapper\"><label for=\"nombre_completo\">Nombre Completo <abbr class=\"fusion-form-element-required\" title=\"required\">*<\/abbr><\/label><\/div><div class=\"fusion-form-input-with-icon\"><i class=\"awb-form-icon fa-user fas\"><\/i><input type=\"text\" name=\"nombre_completo\" id=\"nombre_completo\" value=\"\"  class=\"fusion-form-input\" required=\"true\" aria-required=\"true\" data-holds-private-data=\"false\" minlength=\"0\"\/><\/div><\/div><div class=\"fusion-form-field fusion-form-select-field fusion-form-label-above\" style=\"\" data-form-id=\"3519\"><label for=\"razon_para_contactarnos\">Raz\u00f3n Por Contactarnos <abbr class=\"fusion-form-element-required\" title=\"required\">*<\/abbr><\/label><div class=\"fusion-form-input-with-icon\"><i class=\" fa-question fas\"><\/i><div class=\"fusion-select-wrapper\"><select tabindex=\"\" id=\"razon_para_contactarnos\" name=\"razon_para_contactarnos\" class=\"fusion-form-input\" required=\"true\" aria-required=\"true\" data-holds-private-data=\"false\"><option value=\"Pregunta General\" >Pregunta General<\/option><option value=\"Comentarios\" >Comentarios<\/option><option value=\"Solicitar Eliminaci\u00f3n de Acceso\" >Solicitar Eliminaci\u00f3n de Acceso<\/option><option value=\"Otro\" >Otro<\/option><\/select><div class=\"select-arrow\"><svg width=\"12\" height=\"8\" viewBox=\"0 0 12 8\" fill=\"none\" xmlns=\"http:\/\/www.w3.org\/2000\/svg\"> <path d=\"M1.5 1.75L6 6.25L10.5 1.75\" stroke=\"#6D6D6D\" stroke-width=\"2\" stroke-linecap=\"round\" stroke-linejoin=\"round\"\/> <\/svg><\/div><\/div><\/div><\/div><div class=\"fusion-form-field fusion-form-phone-number-field fusion-form-label-above\" style=\"\" data-form-id=\"3519\"><div class=\"fusion-form-label-wrapper\"><label for=\"numero_de_telefono\">N\u00famero De Tel\u00e9fono <abbr class=\"fusion-form-element-required\" title=\"required\">*<\/abbr><\/label><\/div><div class=\"fusion-form-input-with-icon\"><i class=\"awb-form-icon fa-phone-square-alt fas\"><\/i><input type=\"tel\" name=\"numero_de_telefono\" id=\"numero_de_telefono\" value=\"\"  class=\"fusion-form-input\" required=\"true\" aria-required=\"true\" data-holds-private-data=\"false\"\/><\/div><\/div><div class=\"fusion-form-field fusion-form-email-field fusion-form-label-above\" style=\"\" data-form-id=\"3519\"><div class=\"fusion-form-label-wrapper\"><label for=\"correo_electronico\">Correo Electr\u00f3nico <abbr class=\"fusion-form-element-required\" title=\"required\">*<\/abbr><\/label><\/div><div class=\"fusion-form-input-with-icon\"><i class=\"awb-form-icon fa-envelope fas\"><\/i><input type=\"email\" name=\"correo_electronico\" id=\"correo_electronico\" value=\"\"  class=\"fusion-form-input\" required=\"true\" aria-required=\"true\" data-holds-private-data=\"false\"\/><\/div><\/div><div class=\"fusion-form-field fusion-form-radio-field fusion-form-label-above\" style=\"\" data-form-id=\"3519\"><div class=\"fusion-form-label-wrapper\"><span class=\"label\">M\u00e9todo De Contacto Preferido<\/span><\/div><fieldset><div class=\"fusion-form-radio option-inline\"><input tabindex=\"\" id=\"radio-metodo_de_contacto_preferido-1-0\" type=\"radio\" value=\"Correo Electr\u00f3nico\" name=\"metodo_de_contacto_preferido\" class=\"fusion-form-input\" checked  data-holds-private-data=\"false\"\/><label for=\"radio-metodo_de_contacto_preferido-1-0\">Correo Electr\u00f3nico<\/label><\/div><div class=\"fusion-form-radio option-inline\"><input tabindex=\"\" id=\"radio-metodo_de_contacto_preferido-1-1\" type=\"radio\" value=\"Tel\u00e9fono\" name=\"metodo_de_contacto_preferido\" class=\"fusion-form-input\" data-holds-private-data=\"false\"\/><label for=\"radio-metodo_de_contacto_preferido-1-1\">Tel\u00e9fono<\/label><\/div><\/fieldset><\/div><div class=\"fusion-form-field fusion-form-radio-field fusion-form-label-above\" style=\"\" data-form-id=\"3519\"><div class=\"fusion-form-label-wrapper\"><span class=\"label\">Mejor Hora Para Contactar<\/span><\/div><fieldset><div class=\"fusion-form-radio option-inline\"><input tabindex=\"\" id=\"radio-mejor_hora_para_contactar-2-0\" type=\"radio\" value=\"Por la Ma\u00f1ana\" name=\"mejor_hora_para_contactar\" class=\"fusion-form-input\" checked  data-holds-private-data=\"false\"\/><label for=\"radio-mejor_hora_para_contactar-2-0\">Por la Ma\u00f1ana<\/label><\/div><div class=\"fusion-form-radio option-inline\"><input tabindex=\"\" id=\"radio-mejor_hora_para_contactar-2-1\" type=\"radio\" value=\"Por la Tarde\" name=\"mejor_hora_para_contactar\" class=\"fusion-form-input\" data-holds-private-data=\"false\"\/><label for=\"radio-mejor_hora_para_contactar-2-1\">Por la Tarde<\/label><\/div><\/fieldset><\/div><div class=\"fusion-form-field fusion-form-textarea-field fusion-form-label-above\" style=\"\" data-form-id=\"3519\"><label for=\"mensaje\">Mensaje<\/label><div class=\"fusion-form-input-with-icon\"><i class=\" fa-comment fas\"><\/i><textarea cols=\"40\"  minlength=\"0\"  rows=\"4\" tabindex=\"\" id=\"mensaje\" name=\"mensaje\" class=\"fusion-form-input\" data-holds-private-data=\"false\"><\/textarea><\/div><\/div><div class=\"fusion-form-field fusion-form-submit-field fusion-form-label-above\" style=\"\" data-form-id=\"3519\"><div ><button type=\"submit\" class=\"fusion-button button-flat fusion-button-default-size button-default fusion-button-default button-2 fusion-button-default-span  form-form-submit button-default\" data-form-number=\"3519\" tabindex=\"\"><span class=\"fusion-button-text\">Enviar<\/span><\/button><\/div><\/div><div class=\"form-submission-notices data-notice_1\" id=\"fusion-notices-1\"><div class=\"fusion-alert alert success alert-success fusion-alert-center fusion-form-response fusion-form-response-success awb-alert-native-link-color alert-dismissable awb-alert-close-boxed\" role=\"alert\"><div class=\"fusion-alert-content-wrapper\"><span class=\"alert-icon\"><i class=\"awb-icon-check-circle\" aria-hidden=\"true\"><\/i><\/span><span class=\"fusion-alert-content\">Gracias por tu mensaje. Ha sido enviado.<\/span><\/div><button type=\"button\" class=\"close toggle-alert\" data-dismiss=\"alert\" aria-label=\"Close\">&times;<\/button><\/div><div class=\"fusion-alert alert error alert-danger fusion-alert-center fusion-form-response fusion-form-response-error awb-alert-native-link-color alert-dismissable awb-alert-close-boxed\" role=\"alert\"><div class=\"fusion-alert-content-wrapper\"><span class=\"alert-icon\"><i class=\"awb-icon-exclamation-triangle\" aria-hidden=\"true\"><\/i><\/span><span class=\"fusion-alert-content\">Se produjo un error al intentar enviar su mensaje. Por favor, int\u00e9ntelo de nuevo m\u00e1s tarde.<\/span><\/div><button type=\"button\" class=\"close toggle-alert\" data-dismiss=\"alert\" aria-label=\"Close\">&times;<\/button><\/div><\/div><\/div><\/div><\/div><\/div><\/form><\/div><\/div><\/div><\/div><\/div>\n","protected":false},"excerpt":{"rendered":"","protected":false},"author":1,"featured_media":0,"parent":0,"menu_order":0,"comment_status":"closed","ping_status":"closed","template":"100-width.php","meta":{"footnotes":""},"acf":[],"yoast_head":"<!-- This site is optimized with the Yoast SEO plugin v21.7 - https:\/\/yoast.com\/wordpress\/plugins\/seo\/ -->\n<title>Contactenos | Arizona Central Credit Union<\/title>\n<meta name=\"description\" content=\"ACCU es una institucion financiera de servicio completo que pertenece y es operada localmente. Vea como podemos resolver sus necesidades bancarias y financieras.\" \/>\n<meta name=\"robots\" content=\"index, follow, max-snippet:-1, max-image-preview:large, max-video-preview:-1\" \/>\n<link rel=\"canonical\" href=\"https:\/\/www.azcentralcu.org\/es\/contactenos\/\" \/>\n<meta property=\"og:locale\" content=\"es_ES\" \/>\n<meta property=\"og:type\" content=\"article\" \/>\n<meta property=\"og:title\" content=\"Contactenos | Arizona Central Credit Union\" \/>\n<meta property=\"og:description\" content=\"ACCU es una institucion financiera de servicio completo que pertenece y es operada localmente. Vea como podemos resolver sus necesidades bancarias y financieras.\" \/>\n<meta property=\"og:url\" content=\"https:\/\/www.azcentralcu.org\/es\/contactenos\/\" \/>\n<meta property=\"og:site_name\" content=\"Arizona Central Credit Union\" \/>\n<meta property=\"article:modified_time\" content=\"2026-03-04T18:12:48+00:00\" \/>\n<meta name=\"twitter:card\" content=\"summary_large_image\" \/>\n<meta name=\"twitter:title\" content=\"Contactenos | Arizona Central Credit Union\" \/>\n<meta name=\"twitter:description\" content=\"ACCU es una institucion financiera de servicio completo que pertenece y es operada localmente. Vea como podemos resolver sus necesidades bancarias y financieras.\" \/>\n<meta name=\"twitter:label1\" content=\"Est. reading time\" \/>\n\t<meta name=\"twitter:data1\" content=\"1 minute\" \/>\n<!-- \/ Yoast SEO plugin. -->","yoast_head_json":{"title":"Contactenos | Arizona Central Credit Union","description":"ACCU es una institucion financiera de servicio completo que pertenece y es operada localmente. Vea como podemos resolver sus necesidades bancarias y financieras.","robots":{"index":"index","follow":"follow","max-snippet":"max-snippet:-1","max-image-preview":"max-image-preview:large","max-video-preview":"max-video-preview:-1"},"canonical":"https:\/\/www.azcentralcu.org\/es\/contactenos\/","og_locale":"es_ES","og_type":"article","og_title":"Contactenos | Arizona Central Credit Union","og_description":"ACCU es una institucion financiera de servicio completo que pertenece y es operada localmente. Vea como podemos resolver sus necesidades bancarias y financieras.","og_url":"https:\/\/www.azcentralcu.org\/es\/contactenos\/","og_site_name":"Arizona Central Credit Union","article_modified_time":"2026-03-04T18:12:48+00:00","twitter_card":"summary_large_image","twitter_title":"Contactenos | Arizona Central Credit Union","twitter_description":"ACCU es una institucion financiera de servicio completo que pertenece y es operada localmente. Vea como podemos resolver sus necesidades bancarias y financieras.","twitter_misc":{"Est. reading time":"1 minute"},"schema":{"@context":"https:\/\/schema.org","@graph":[{"@type":"WebPage","@id":"https:\/\/www.azcentralcu.org\/es\/contactenos\/","url":"https:\/\/www.azcentralcu.org\/es\/contactenos\/","name":"Contactenos | Arizona Central Credit Union","isPartOf":{"@id":"https:\/\/www.azcentralcu.org\/es\/#website"},"datePublished":"2023-11-28T22:35:48+00:00","dateModified":"2026-03-04T18:12:48+00:00","description":"ACCU es una institucion financiera de servicio completo que pertenece y es operada localmente. Vea como podemos resolver sus necesidades bancarias y financieras.","breadcrumb":{"@id":"https:\/\/www.azcentralcu.org\/es\/contactenos\/#breadcrumb"},"inLanguage":"es-ES","potentialAction":[{"@type":"ReadAction","target":["https:\/\/www.azcentralcu.org\/es\/contactenos\/"]}]},{"@type":"BreadcrumbList","@id":"https:\/\/www.azcentralcu.org\/es\/contactenos\/#breadcrumb","itemListElement":[{"@type":"ListItem","position":1,"name":"Home","item":"https:\/\/www.azcentralcu.org\/es\/"},{"@type":"ListItem","position":2,"name":"Contacta con Nosotros"}]},{"@type":"WebSite","@id":"https:\/\/www.azcentralcu.org\/es\/#website","url":"https:\/\/www.azcentralcu.org\/es\/","name":"Arizona Central Credit Union","description":"","potentialAction":[{"@type":"SearchAction","target":{"@type":"EntryPoint","urlTemplate":"https:\/\/www.azcentralcu.org\/es\/?s={search_term_string}"},"query-input":"required name=search_term_string"}],"inLanguage":"es-ES"}]}},"_links":{"self":[{"href":"https:\/\/www.azcentralcu.org\/es\/wp-json\/wp\/v2\/pages\/3042"}],"collection":[{"href":"https:\/\/www.azcentralcu.org\/es\/wp-json\/wp\/v2\/pages"}],"about":[{"href":"https:\/\/www.azcentralcu.org\/es\/wp-json\/wp\/v2\/types\/page"}],"author":[{"embeddable":true,"href":"https:\/\/www.azcentralcu.org\/es\/wp-json\/wp\/v2\/users\/1"}],"replies":[{"embeddable":true,"href":"https:\/\/www.azcentralcu.org\/es\/wp-json\/wp\/v2\/comments?post=3042"}],"version-history":[{"count":8,"href":"https:\/\/www.azcentralcu.org\/es\/wp-json\/wp\/v2\/pages\/3042\/revisions"}],"predecessor-version":[{"id":12319,"href":"https:\/\/www.azcentralcu.org\/es\/wp-json\/wp\/v2\/pages\/3042\/revisions\/12319"}],"wp:attachment":[{"href":"https:\/\/www.azcentralcu.org\/es\/wp-json\/wp\/v2\/media?parent=3042"}],"curies":[{"name":"wp","href":"https:\/\/api.w.org\/{rel}","templated":true}]}}