{"id":3034,"date":"2023-11-10T20:37:08","date_gmt":"2023-11-10T20:37:08","guid":{"rendered":"https:\/\/www.azcentralcu.org\/bancario\/wire-transfers\/"},"modified":"2024-10-04T18:38:36","modified_gmt":"2024-10-04T18:38:36","slug":"transferencias-bancarias-electronicas","status":"publish","type":"page","link":"https:\/\/www.azcentralcu.org\/es\/bancario\/transferencias-bancarias-electronicas\/","title":{"rendered":"Transferencias Bancarias y Electr\u00f3nicas"},"content":{"rendered":"<p><div class=\"fusion-fullwidth fullwidth-box fusion-builder-row-1 fusion-flex-container has-pattern-background has-mask-background hundred-percent-fullwidth non-hundred-percent-height-scrolling\" style=\"--awb-border-radius-top-left:0px;--awb-border-radius-top-right:0px;--awb-border-radius-bottom-right:0px;--awb-border-radius-bottom-left:0px;--awb-padding-top:0px;--awb-padding-right:0px;--awb-padding-bottom:0px;--awb-padding-left:0px;--awb-min-height:0px;--awb-flex-wrap:nowrap;--awb-flex-wrap-small:wrap;\" ><div class=\"fusion-builder-row fusion-row fusion-flex-align-items-stretch fusion-flex-content-wrap\" style=\"width:calc( 100% + 20px ) !important;max-width:calc( 100% + 20px ) !important;margin-left: calc(-20px \/ 2 );margin-right: calc(-20px \/ 2 );\"><div class=\"fusion-layout-column fusion_builder_column fusion-builder-column-0 fusion-flex-column fusion-flex-align-self-stretch fusion-no-small-visibility fusion-no-medium-visibility\" style=\"--awb-bg-color:var(--awb-custom_color_1);--awb-bg-color-hover:var(--awb-custom_color_1);--awb-bg-size:cover;--awb-width-large:5%;--awb-flex-grow:1;--awb-spacing-right-large:0px;--awb-margin-bottom-large:20px;--awb-spacing-left-large:10px;--awb-width-medium:5%;--awb-order-medium:0;--awb-spacing-right-medium:0px;--awb-spacing-left-medium:10px;--awb-width-small:100%;--awb-order-small:0;--awb-spacing-right-small:10px;--awb-spacing-left-small:10px;\"><div class=\"fusion-column-wrapper fusion-column-has-shadow fusion-flex-justify-content-flex-start fusion-content-layout-column\"><\/div><\/div><div class=\"fusion-layout-column fusion_builder_column fusion-builder-column-1 fusion-flex-column fusion-flex-align-self-stretch\" style=\"--awb-padding-top:80px;--awb-padding-right:20%;--awb-padding-bottom:80px;--awb-padding-left:20px;--awb-padding-left-medium:20px;--awb-overflow:hidden;--awb-bg-color:var(--awb-custom_color_1);--awb-bg-color-hover:var(--awb-custom_color_1);--awb-bg-size:cover;--awb-border-radius:0px 100px 100px 0px;--awb-width-large:700px;--awb-flex-grow:1;--awb-spacing-right-large:10px;--awb-margin-bottom-large:20px;--awb-spacing-left-large:0px;--awb-width-medium:60%;--awb-order-medium:0;--awb-spacing-right-medium:10px;--awb-spacing-left-medium:10px;--awb-width-small:100%;--awb-order-small:0;--awb-spacing-right-small:24px;--awb-spacing-left-small:10px;\"><div class=\"fusion-column-wrapper fusion-column-has-shadow fusion-flex-justify-content-center fusion-content-layout-column\"><div class=\"fusion-title title fusion-title-1 fusion-sep-none fusion-title-text fusion-title-size-one\" style=\"--awb-text-color:var(--awb-color1);--awb-font-size:64px;\"><h1 class=\"fusion-title-heading title-heading-left fusion-responsive-typography-calculated\" style=\"margin:0;font-size:1em;--fontSize:64;line-height:1.03;\">Transferencias Bancarias y Electr\u00f3nicas<\/h1><\/div><div class=\"fusion-text fusion-text-1\" style=\"--awb-font-size:22px;--awb-text-color:var(--awb-color1);\"><p>Comience un plan de ahorro autom\u00e1tico, programe pagos de pr\u00e9stamos electr\u00f3nicos o transfiera dinero a otro pa\u00eds. Nuestros servicios de transferencias electr\u00f3nicas pueden simplificar su vida financiera.<\/p>\n<\/div><\/div><\/div><div class=\"fusion-layout-column fusion_builder_column fusion-builder-column-2 fusion-flex-column\" style=\"--awb-padding-top:60px;--awb-padding-bottom:60px;--awb-overflow:hidden;--awb-bg-image:url(&#039;https:\/\/www.azcentralcu.org\/wp-content\/uploads\/2023\/11\/GettyImages-1155607974.jpg&#039;);--awb-bg-position:center center;--awb-bg-position-small:center center;--awb-bg-repeat-small:no-repeat;--awb-bg-size:cover;--awb-bg-size-small:cover;--awb-border-radius:100px 0px 0px 100px;--awb-width-large:500px;--awb-flex-grow:1;--awb-spacing-right-large:10px;--awb-margin-bottom-large:24px;--awb-spacing-left-large:10px;--awb-width-medium:500px;--awb-order-medium:0;--awb-spacing-right-medium:10px;--awb-spacing-left-medium:10px;--awb-width-small:100%;--awb-order-small:0;--awb-spacing-right-small:10px;--awb-spacing-left-small:24px;\"><div class=\"fusion-column-wrapper fusion-column-has-shadow fusion-flex-justify-content-flex-start fusion-content-layout-column fusion-column-has-bg-image\" data-bg-url=\"https:\/\/www.azcentralcu.org\/wp-content\/uploads\/2023\/11\/GettyImages-1155607974.jpg\"><div class=\"fusion-separator fusion-full-width-sep\" style=\"align-self: center;margin-left: auto;margin-right: auto;width:100%;\"><\/div><\/div><\/div><\/div><\/div><div class=\"fusion-fullwidth fullwidth-box fusion-builder-row-2 fusion-flex-container has-pattern-background has-mask-background nonhundred-percent-fullwidth non-hundred-percent-height-scrolling\" style=\"--awb-border-radius-top-left:0px;--awb-border-radius-top-right:0px;--awb-border-radius-bottom-right:0px;--awb-border-radius-bottom-left:0px;--awb-flex-wrap:wrap;\" ><div class=\"fusion-builder-row fusion-row fusion-flex-align-items-center fusion-flex-content-wrap\" style=\"max-width:1248px;margin-left: calc(-4% \/ 2 );margin-right: calc(-4% \/ 2 );\"><div class=\"fusion-layout-column fusion_builder_column fusion-builder-column-3 fusion_builder_column_1_2 1_2 fusion-flex-column\" style=\"--awb-bg-size:cover;--awb-width-large:50%;--awb-spacing-right-large:3.84%;--awb-spacing-left-large:3.84%;--awb-width-medium:50%;--awb-order-medium:0;--awb-spacing-right-medium:3.84%;--awb-spacing-left-medium:3.84%;--awb-width-small:100%;--awb-order-small:1;--awb-spacing-right-small:1.92%;--awb-spacing-left-small:1.92%;\"><div class=\"fusion-column-wrapper fusion-column-has-shadow fusion-flex-justify-content-flex-start fusion-content-layout-column\"><div class=\"fusion-title title fusion-title-2 fusion-sep-none fusion-title-text fusion-title-size-two\"><h2 class=\"fusion-title-heading title-heading-left fusion-responsive-typography-calculated\" style=\"margin:0;--fontSize:46;line-height:var(--awb-typography2-line-height);\">Transferencias Bancarias<\/h2><\/div><div class=\"fusion-text fusion-text-2\"><p>Transferencias Bancarias Entrantes &#8211;<\/p>\n<ol>\n<li>Enviar a:<b><br \/>\nArizona Central Credit Union<\/b><br \/>\nN\u00famero de Ruta y Tr\u00e1nsito: <b>322172441<\/b><b><br \/>\n2020 N. Central Ave., Suite 300<br \/>\nPhoenix, AZ 85004<\/b><\/li>\n<li><u>Para garantizar que se realice el cr\u00e9dito por transferencia electr\u00f3nica,<\/u> aseg\u00farese de incluir el nombre y n\u00famero de cuenta del miembro recibiendo.<\/li>\n<\/ol>\n<p>Transferencias Bancarias Salientes &#8211;<\/p>\n<p>Pase por una de nuestras sucursales o ll\u00e1menos al <strong>(602)264-6421<\/strong> o llamada gratuita al <strong>(866) 264-6421<\/strong> para m\u00e1s detalles.<\/p>\n<\/div><\/div><\/div><div class=\"fusion-layout-column fusion_builder_column fusion-builder-column-4 fusion_builder_column_1_2 1_2 fusion-flex-column\" style=\"--awb-bg-size:cover;--awb-width-large:50%;--awb-spacing-right-large:3.84%;--awb-spacing-left-large:3.84%;--awb-width-medium:50%;--awb-order-medium:0;--awb-spacing-right-medium:3.84%;--awb-spacing-left-medium:3.84%;--awb-width-small:100%;--awb-order-small:0;--awb-spacing-right-small:1.92%;--awb-spacing-left-small:1.92%;\"><div class=\"fusion-column-wrapper fusion-column-has-shadow fusion-flex-justify-content-flex-start fusion-content-layout-column\"><div class=\"fusion-image-element \" style=\"text-align:center;--awb-aspect-ratio:1 \/ 1;--awb-max-width:420px;--awb-caption-title-font-family:var(--h2_typography-font-family);--awb-caption-title-font-weight:var(--h2_typography-font-weight);--awb-caption-title-font-style:var(--h2_typography-font-style);--awb-caption-title-size:var(--h2_typography-font-size);--awb-caption-title-transform:var(--h2_typography-text-transform);--awb-caption-title-line-height:var(--h2_typography-line-height);--awb-caption-title-letter-spacing:var(--h2_typography-letter-spacing);\"><div style=\"display:inline-block;width:420px;\"><span class=\" fusion-imageframe imageframe-none imageframe-1 hover-type-none has-aspect-ratio dots\" style=\"border-radius:999px;\"><img decoding=\"async\" width=\"470\" height=\"450\" title=\"GettyImages-1132134138\" src=\"https:\/\/www.azcentralcu.org\/wp-content\/uploads\/2023\/11\/GettyImages-1132134138.jpg\" class=\"img-responsive wp-image-2100 img-with-aspect-ratio\" alt \/><\/span><\/div><\/div><\/div><\/div><\/div><\/div><div class=\"fusion-fullwidth fullwidth-box fusion-builder-row-3 fusion-flex-container has-pattern-background has-mask-background nonhundred-percent-fullwidth non-hundred-percent-height-scrolling\" style=\"--awb-border-radius-top-left:0px;--awb-border-radius-top-right:0px;--awb-border-radius-bottom-right:0px;--awb-border-radius-bottom-left:0px;--awb-flex-wrap:wrap;\" ><div class=\"fusion-builder-row fusion-row fusion-flex-align-items-center fusion-flex-content-wrap\" style=\"max-width:1248px;margin-left: calc(-4% \/ 2 );margin-right: calc(-4% \/ 2 );\"><div class=\"fusion-layout-column fusion_builder_column fusion-builder-column-5 fusion_builder_column_1_2 1_2 fusion-flex-column\" style=\"--awb-bg-size:cover;--awb-width-large:50%;--awb-spacing-right-large:3.84%;--awb-spacing-left-large:3.84%;--awb-width-medium:50%;--awb-order-medium:0;--awb-spacing-right-medium:3.84%;--awb-spacing-left-medium:3.84%;--awb-width-small:100%;--awb-order-small:0;--awb-spacing-right-small:1.92%;--awb-spacing-left-small:1.92%;\"><div class=\"fusion-column-wrapper fusion-column-has-shadow fusion-flex-justify-content-flex-start fusion-content-layout-column\"><div class=\"fusion-image-element \" style=\"text-align:center;--awb-aspect-ratio:1 \/ 1;--awb-max-width:420px;--awb-caption-title-font-family:var(--h2_typography-font-family);--awb-caption-title-font-weight:var(--h2_typography-font-weight);--awb-caption-title-font-style:var(--h2_typography-font-style);--awb-caption-title-size:var(--h2_typography-font-size);--awb-caption-title-transform:var(--h2_typography-text-transform);--awb-caption-title-line-height:var(--h2_typography-line-height);--awb-caption-title-letter-spacing:var(--h2_typography-letter-spacing);\"><div style=\"display:inline-block;width:420px;\"><span class=\" fusion-imageframe imageframe-none imageframe-2 hover-type-none has-aspect-ratio stars\" style=\"border-radius:999px;\"><img decoding=\"async\" width=\"470\" height=\"450\" title=\"GettyImages-994164766\" src=\"https:\/\/www.azcentralcu.org\/wp-content\/uploads\/2023\/11\/GettyImages-994164766-1.jpg\" class=\"img-responsive wp-image-2101 img-with-aspect-ratio\" alt \/><\/span><\/div><\/div><\/div><\/div><div class=\"fusion-layout-column fusion_builder_column fusion-builder-column-6 fusion_builder_column_1_2 1_2 fusion-flex-column\" style=\"--awb-bg-size:cover;--awb-width-large:50%;--awb-spacing-right-large:3.84%;--awb-spacing-left-large:3.84%;--awb-width-medium:50%;--awb-order-medium:0;--awb-spacing-right-medium:3.84%;--awb-spacing-left-medium:3.84%;--awb-width-small:100%;--awb-order-small:0;--awb-spacing-right-small:1.92%;--awb-spacing-left-small:1.92%;\"><div class=\"fusion-column-wrapper fusion-column-has-shadow fusion-flex-justify-content-flex-start fusion-content-layout-column\"><div class=\"fusion-title title fusion-title-3 fusion-sep-none fusion-title-text fusion-title-size-two\"><h2 class=\"fusion-title-heading title-heading-left fusion-responsive-typography-calculated\" style=\"margin:0;--fontSize:46;line-height:var(--awb-typography2-line-height);\">Transferencias de Fondos<\/h2><\/div><div class=\"fusion-text fusion-text-3\"><p>Transferir fondos entre cuentas nunca ha sido tan f\u00e1cil. Simplemente inicie sesi\u00f3n en eBRANCH (el inicio de sesi\u00f3n est\u00e1 arriba en la esquina superior derecha) para elegir entre varias opciones convenientes:<\/p>\n<ul>\n<li><strong>Transferencias manuales \u00fanicas<\/strong>: para transferencias inmediatas en tiempo real, haga clic en \u201cTransferencia de cuenta\u201d y luego en el enlace \u201cRealizar una transferencia\u201d<\/li>\n<li><strong>Transferencias autom\u00e1ticas<\/strong>\u00a0&#8211; \u00bfTiene un balance monetario recurrente que desea hacer regularmente (como un pago de pr\u00e9stamo o un objetivo de ahorro)? Utilice esta funci\u00f3n para configurar la trasferencia de fondos autom\u00e1ticamente para que nunca lo olvide.<\/li>\n<li><strong>Transferencias programadas<\/strong>\u00a0\u2013 Para transferir fondos entre sus propias cuentas en las fechas y\/o frecuencia que necesite, haga clic en el enlace \u201cTransferencias programadas\u201d.<\/li>\n<li><strong>Transferencias de miembro a miembro<\/strong>\u00a0\u2013 Transfiera f\u00e1cilmente dinero de su cuenta a otro miembro de Arizona Central. Inicie sesi\u00f3n en eBRANCH, haga clic en \u201cMover Dinero\u201d en la barra de navegaci\u00f3n superior y haga clic en \u201cenviar dinero al miembro\u201d. El miembro al que transfiere fondos deber\u00e1 proporcionarle su n\u00famero de miembro para completar la transacci\u00f3n.<\/li>\n<li><strong>Transferencias externas\u00a0<\/strong>\u2013 Es r\u00e1pido, f\u00e1cil y seguro mover dinero entre sus cuentas de Arizona Central y cuentas en otras instituciones financieras. Simplemente haga clic en \u201cTransferencia externa\u201d desde el men\u00fa principal en eBRANCH.<\/li>\n<\/ul>\n<\/div><\/div><\/div><\/div><\/div><\/p>\n","protected":false},"excerpt":{"rendered":"","protected":false},"author":1,"featured_media":0,"parent":2765,"menu_order":0,"comment_status":"closed","ping_status":"closed","template":"100-width.php","meta":{"footnotes":""},"acf":[],"yoast_head":"<!-- This site is optimized with the Yoast SEO plugin v21.7 - https:\/\/yoast.com\/wordpress\/plugins\/seo\/ -->\n<title>Transferencia Bancaria por Internet | Transferir Fondos | ACCU<\/title>\n<meta name=\"description\" content=\"Necesita programar pagos electronicos o transferir fondos? ACCU tiene un sistema conveniente de transferencia bancaria por Internet. Registrese hoy!\" \/>\n<meta name=\"robots\" content=\"index, follow, max-snippet:-1, max-image-preview:large, max-video-preview:-1\" \/>\n<link rel=\"canonical\" href=\"https:\/\/www.azcentralcu.org\/es\/bancario\/transferencias-bancarias-electronicas\/\" \/>\n<meta property=\"og:locale\" content=\"es_ES\" \/>\n<meta property=\"og:type\" content=\"article\" \/>\n<meta property=\"og:title\" content=\"Transferencia Bancaria por Internet | Transferir Fondos | ACCU\" \/>\n<meta property=\"og:description\" content=\"Necesita programar pagos electronicos o transferir fondos? ACCU tiene un sistema conveniente de transferencia bancaria por Internet. Registrese hoy!\" \/>\n<meta property=\"og:url\" content=\"https:\/\/www.azcentralcu.org\/es\/bancario\/transferencias-bancarias-electronicas\/\" \/>\n<meta property=\"og:site_name\" content=\"Arizona Central Credit Union\" \/>\n<meta property=\"article:modified_time\" content=\"2024-10-04T18:38:36+00:00\" \/>\n<meta name=\"twitter:card\" content=\"summary_large_image\" \/>\n<meta name=\"twitter:title\" content=\"Transferencia Bancaria por Internet | Transferir Fondos | ACCU\" \/>\n<meta name=\"twitter:description\" content=\"Necesita programar pagos electronicos o transferir fondos? ACCU tiene un sistema conveniente de transferencia bancaria por Internet. Registrese hoy!\" \/>\n<meta name=\"twitter:label1\" content=\"Est. reading time\" \/>\n\t<meta name=\"twitter:data1\" content=\"4 minutes\" \/>\n<!-- \/ Yoast SEO plugin. -->","yoast_head_json":{"title":"Transferencia Bancaria por Internet | Transferir Fondos | ACCU","description":"Necesita programar pagos electronicos o transferir fondos? ACCU tiene un sistema conveniente de transferencia bancaria por Internet. Registrese hoy!","robots":{"index":"index","follow":"follow","max-snippet":"max-snippet:-1","max-image-preview":"max-image-preview:large","max-video-preview":"max-video-preview:-1"},"canonical":"https:\/\/www.azcentralcu.org\/es\/bancario\/transferencias-bancarias-electronicas\/","og_locale":"es_ES","og_type":"article","og_title":"Transferencia Bancaria por Internet | Transferir Fondos | ACCU","og_description":"Necesita programar pagos electronicos o transferir fondos? ACCU tiene un sistema conveniente de transferencia bancaria por Internet. Registrese hoy!","og_url":"https:\/\/www.azcentralcu.org\/es\/bancario\/transferencias-bancarias-electronicas\/","og_site_name":"Arizona Central Credit Union","article_modified_time":"2024-10-04T18:38:36+00:00","twitter_card":"summary_large_image","twitter_title":"Transferencia Bancaria por Internet | Transferir Fondos | ACCU","twitter_description":"Necesita programar pagos electronicos o transferir fondos? ACCU tiene un sistema conveniente de transferencia bancaria por Internet. Registrese hoy!","twitter_misc":{"Est. reading time":"4 minutes"},"schema":{"@context":"https:\/\/schema.org","@graph":[{"@type":"WebPage","@id":"https:\/\/www.azcentralcu.org\/es\/bancario\/transferencias-bancarias-electronicas\/","url":"https:\/\/www.azcentralcu.org\/es\/bancario\/transferencias-bancarias-electronicas\/","name":"Transferencia Bancaria por Internet | Transferir Fondos | ACCU","isPartOf":{"@id":"https:\/\/www.azcentralcu.org\/es\/#website"},"datePublished":"2023-11-10T20:37:08+00:00","dateModified":"2024-10-04T18:38:36+00:00","description":"Necesita programar pagos electronicos o transferir fondos? ACCU tiene un sistema conveniente de transferencia bancaria por Internet. Registrese hoy!","breadcrumb":{"@id":"https:\/\/www.azcentralcu.org\/es\/bancario\/transferencias-bancarias-electronicas\/#breadcrumb"},"inLanguage":"es-ES","potentialAction":[{"@type":"ReadAction","target":["https:\/\/www.azcentralcu.org\/es\/bancario\/transferencias-bancarias-electronicas\/"]}]},{"@type":"BreadcrumbList","@id":"https:\/\/www.azcentralcu.org\/es\/bancario\/transferencias-bancarias-electronicas\/#breadcrumb","itemListElement":[{"@type":"ListItem","position":1,"name":"Home","item":"https:\/\/www.azcentralcu.org\/es\/"},{"@type":"ListItem","position":2,"name":"Bancario","item":"https:\/\/www.azcentralcu.org\/es\/bancario\/"},{"@type":"ListItem","position":3,"name":"Transferencias Bancarias y Electr\u00f3nicas"}]},{"@type":"WebSite","@id":"https:\/\/www.azcentralcu.org\/es\/#website","url":"https:\/\/www.azcentralcu.org\/es\/","name":"Arizona Central Credit Union","description":"","potentialAction":[{"@type":"SearchAction","target":{"@type":"EntryPoint","urlTemplate":"https:\/\/www.azcentralcu.org\/es\/?s={search_term_string}"},"query-input":"required name=search_term_string"}],"inLanguage":"es-ES"}]}},"_links":{"self":[{"href":"https:\/\/www.azcentralcu.org\/es\/wp-json\/wp\/v2\/pages\/3034"}],"collection":[{"href":"https:\/\/www.azcentralcu.org\/es\/wp-json\/wp\/v2\/pages"}],"about":[{"href":"https:\/\/www.azcentralcu.org\/es\/wp-json\/wp\/v2\/types\/page"}],"author":[{"embeddable":true,"href":"https:\/\/www.azcentralcu.org\/es\/wp-json\/wp\/v2\/users\/1"}],"replies":[{"embeddable":true,"href":"https:\/\/www.azcentralcu.org\/es\/wp-json\/wp\/v2\/comments?post=3034"}],"version-history":[{"count":4,"href":"https:\/\/www.azcentralcu.org\/es\/wp-json\/wp\/v2\/pages\/3034\/revisions"}],"predecessor-version":[{"id":7114,"href":"https:\/\/www.azcentralcu.org\/es\/wp-json\/wp\/v2\/pages\/3034\/revisions\/7114"}],"up":[{"embeddable":true,"href":"https:\/\/www.azcentralcu.org\/es\/wp-json\/wp\/v2\/pages\/2765"}],"wp:attachment":[{"href":"https:\/\/www.azcentralcu.org\/es\/wp-json\/wp\/v2\/media?parent=3034"}],"curies":[{"name":"wp","href":"https:\/\/api.w.org\/{rel}","templated":true}]}}