{"id":2990,"date":"2023-11-10T16:59:26","date_gmt":"2023-11-10T16:59:26","guid":{"rendered":"https:\/\/www.azcentralcu.org\/bancario\/la-banca-movil\/text-message-banking\/"},"modified":"2023-12-22T20:27:41","modified_gmt":"2023-12-22T20:27:41","slug":"banca-de-texto-sms","status":"publish","type":"page","link":"https:\/\/www.azcentralcu.org\/es\/bancario\/la-banca-movil\/banca-de-texto-sms\/","title":{"rendered":"Banca por Texto y SMS"},"content":{"rendered":"<p><div class=\"fusion-fullwidth fullwidth-box fusion-builder-row-1 fusion-flex-container has-pattern-background has-mask-background hundred-percent-fullwidth non-hundred-percent-height-scrolling\" style=\"--awb-border-radius-top-left:0px;--awb-border-radius-top-right:0px;--awb-border-radius-bottom-right:0px;--awb-border-radius-bottom-left:0px;--awb-padding-top:0px;--awb-padding-right:0px;--awb-padding-bottom:0px;--awb-padding-left:0px;--awb-min-height:0px;--awb-flex-wrap:nowrap;--awb-flex-wrap-small:wrap;\" ><div class=\"fusion-builder-row fusion-row fusion-flex-align-items-stretch fusion-flex-content-wrap\" style=\"width:calc( 100% + 20px ) !important;max-width:calc( 100% + 20px ) !important;margin-left: calc(-20px \/ 2 );margin-right: calc(-20px \/ 2 );\"><div class=\"fusion-layout-column fusion_builder_column fusion-builder-column-0 fusion-flex-column fusion-flex-align-self-stretch fusion-no-small-visibility fusion-no-medium-visibility\" style=\"--awb-bg-color:var(--awb-custom_color_1);--awb-bg-color-hover:var(--awb-custom_color_1);--awb-bg-size:cover;--awb-width-large:5%;--awb-flex-grow:1;--awb-spacing-right-large:0px;--awb-margin-bottom-large:20px;--awb-spacing-left-large:10px;--awb-width-medium:5%;--awb-order-medium:0;--awb-spacing-right-medium:0px;--awb-spacing-left-medium:10px;--awb-width-small:100%;--awb-order-small:0;--awb-spacing-right-small:10px;--awb-spacing-left-small:10px;\"><div class=\"fusion-column-wrapper fusion-column-has-shadow fusion-flex-justify-content-flex-start fusion-content-layout-column\"><\/div><\/div><div class=\"fusion-layout-column fusion_builder_column fusion-builder-column-1 fusion-flex-column fusion-flex-align-self-stretch\" style=\"--awb-padding-top:80px;--awb-padding-right:20%;--awb-padding-bottom:80px;--awb-padding-left:20px;--awb-padding-left-medium:20px;--awb-overflow:hidden;--awb-bg-color:var(--awb-custom_color_1);--awb-bg-color-hover:var(--awb-custom_color_1);--awb-bg-size:cover;--awb-border-radius:0px 100px 100px 0px;--awb-width-large:700px;--awb-flex-grow:1;--awb-spacing-right-large:10px;--awb-margin-bottom-large:20px;--awb-spacing-left-large:0px;--awb-width-medium:60%;--awb-order-medium:0;--awb-spacing-right-medium:10px;--awb-spacing-left-medium:10px;--awb-width-small:100%;--awb-order-small:0;--awb-spacing-right-small:24px;--awb-spacing-left-small:10px;\"><div class=\"fusion-column-wrapper fusion-column-has-shadow fusion-flex-justify-content-center fusion-content-layout-column\"><div class=\"fusion-title title fusion-title-1 fusion-sep-none fusion-title-text fusion-title-size-one\" style=\"--awb-text-color:var(--awb-color1);--awb-font-size:64px;\"><h1 class=\"fusion-title-heading title-heading-left fusion-responsive-typography-calculated\" style=\"margin:0;font-size:1em;--fontSize:64;line-height:1.03;\">Banca por Texto y SMS<\/h1><\/div><div class=\"fusion-text fusion-text-1\" style=\"--awb-font-size:22px;--awb-text-color:var(--awb-color1);\"><p>El servicio de mensajes de texto le permite verificar de forma segura los balances y transacciones de su cuenta y realizar transferencias a trav\u00e9s de un simple mensaje de texto.<\/p>\n<\/div><\/div><\/div><div class=\"fusion-layout-column fusion_builder_column fusion-builder-column-2 fusion-flex-column\" style=\"--awb-padding-top:60px;--awb-padding-bottom:60px;--awb-overflow:hidden;--awb-bg-image:url(&#039;https:\/\/www.azcentralcu.org\/wp-content\/uploads\/2023\/11\/GettyImages-1025767556.jpg&#039;);--awb-bg-position:center center;--awb-bg-position-small:center center;--awb-bg-repeat-small:no-repeat;--awb-bg-size:cover;--awb-bg-size-small:cover;--awb-border-radius:100px 0px 0px 100px;--awb-width-large:500px;--awb-flex-grow:1;--awb-spacing-right-large:10px;--awb-margin-bottom-large:24px;--awb-spacing-left-large:10px;--awb-width-medium:500px;--awb-order-medium:0;--awb-spacing-right-medium:10px;--awb-spacing-left-medium:10px;--awb-width-small:100%;--awb-order-small:0;--awb-spacing-right-small:10px;--awb-spacing-left-small:24px;\"><div class=\"fusion-column-wrapper fusion-column-has-shadow fusion-flex-justify-content-flex-start fusion-content-layout-column fusion-column-has-bg-image\" data-bg-url=\"https:\/\/www.azcentralcu.org\/wp-content\/uploads\/2023\/11\/GettyImages-1025767556.jpg\"><div class=\"fusion-separator fusion-full-width-sep\" style=\"align-self: center;margin-left: auto;margin-right: auto;width:100%;\"><\/div><\/div><\/div><\/div><\/div><div class=\"fusion-fullwidth fullwidth-box fusion-builder-row-2 fusion-flex-container has-pattern-background has-mask-background nonhundred-percent-fullwidth non-hundred-percent-height-scrolling\" style=\"--awb-border-radius-top-left:0px;--awb-border-radius-top-right:0px;--awb-border-radius-bottom-right:0px;--awb-border-radius-bottom-left:0px;--awb-flex-wrap:wrap;\" ><div class=\"fusion-builder-row fusion-row fusion-flex-align-items-center fusion-flex-content-wrap\" style=\"max-width:1248px;margin-left: calc(-4% \/ 2 );margin-right: calc(-4% \/ 2 );\"><div class=\"fusion-layout-column fusion_builder_column fusion-builder-column-3 fusion_builder_column_1_2 1_2 fusion-flex-column\" style=\"--awb-bg-size:cover;--awb-width-large:50%;--awb-spacing-right-large:3.84%;--awb-spacing-left-large:3.84%;--awb-width-medium:50%;--awb-order-medium:0;--awb-spacing-right-medium:3.84%;--awb-spacing-left-medium:3.84%;--awb-width-small:100%;--awb-order-small:1;--awb-spacing-right-small:1.92%;--awb-spacing-left-small:1.92%;\"><div class=\"fusion-column-wrapper fusion-column-has-shadow fusion-flex-justify-content-flex-start fusion-content-layout-column\"><div class=\"fusion-title title fusion-title-2 fusion-sep-none fusion-title-text fusion-title-size-two\"><h2 class=\"fusion-title-heading title-heading-left fusion-responsive-typography-calculated\" style=\"margin:0;--fontSize:46;line-height:var(--awb-typography2-line-height);\">Como Empezar<\/h2><\/div><div class=\"fusion-text fusion-text-2\"><p><strong>Paso 1: Inicie sesi\u00f3n y active<\/strong><\/p>\n<ul>\n<li>Inicie sesi\u00f3n en eBRANCH (el inicio de sesi\u00f3n est\u00e1 arriba en la esquina superior derecha)<\/li>\n<li>Elija Mobile Banking &amp; Alerts en el menu, y luego elija el bot\u00f3n Activar<\/li>\n<\/ul>\n<p><strong>Paso 2: Configure su tel\u00e9fono<\/strong><\/p>\n<ul>\n<li>Ingrese su n\u00famero de tel\u00e9fono celular.<\/li>\n<li>Se enviar\u00e1 a su tel\u00e9fono un mensaje de texto con un c\u00f3digo de activaci\u00f3n \u00fanico. Ingrese este c\u00f3digo de activaci\u00f3n en la ventana emergente dentro de eBRANCH<\/li>\n<li>Una vez verificado, seleccione sus preferencias. Active n\u00fameros de tel\u00e9fono adicionales repitiendo estos pasos.<\/li>\n<\/ul>\n<p><strong>Paso 3: Comience a enviar mensajes de texto al 454545<\/strong><\/p>\n<p>Envi\u00e9 un mensaje de texto de la lista a continuaci\u00f3n, y le enviaremos la respuesta nuevamente a su tel\u00e9fono.<sup>1<\/sup><\/p>\n<p>BAL \u2013 Balance de cuenta primaria<br \/>\nBAL ALL \u2013 Todos los balances de cuenta<br \/>\nBAL CHK \u2013 Balances de cuenta de cheques<br \/>\nBAL SAV \u2013 Balances de cuenta de ahorro<br \/>\nLAST \u2013 \u00daltimas 5 transacciones<br \/>\nTRANS (CANTIDAD) \u2013 Transferir el balance especificado a la cuenta principal<br \/>\nSTOP \u2013 Desactivar servicio<br \/>\nHELP \u2013 Ayuda con los comandos<\/p>\n<\/div><\/div><\/div><div class=\"fusion-layout-column fusion_builder_column fusion-builder-column-4 fusion_builder_column_1_2 1_2 fusion-flex-column\" style=\"--awb-bg-size:cover;--awb-width-large:50%;--awb-spacing-right-large:3.84%;--awb-spacing-left-large:3.84%;--awb-width-medium:50%;--awb-order-medium:0;--awb-spacing-right-medium:3.84%;--awb-spacing-left-medium:3.84%;--awb-width-small:100%;--awb-order-small:0;--awb-spacing-right-small:1.92%;--awb-spacing-left-small:1.92%;\"><div class=\"fusion-column-wrapper fusion-column-has-shadow fusion-flex-justify-content-flex-start fusion-content-layout-column\"><div class=\"fusion-image-element \" style=\"text-align:center;--awb-aspect-ratio:1 \/ 1;--awb-max-width:420px;--awb-caption-title-font-family:var(--h2_typography-font-family);--awb-caption-title-font-weight:var(--h2_typography-font-weight);--awb-caption-title-font-style:var(--h2_typography-font-style);--awb-caption-title-size:var(--h2_typography-font-size);--awb-caption-title-transform:var(--h2_typography-text-transform);--awb-caption-title-line-height:var(--h2_typography-line-height);--awb-caption-title-letter-spacing:var(--h2_typography-letter-spacing);\"><div style=\"display:inline-block;width:420px;\"><span class=\" fusion-imageframe imageframe-none imageframe-1 hover-type-none has-aspect-ratio dots\" style=\"border-radius:999px;\"><img decoding=\"async\" width=\"470\" height=\"450\" title=\"GettyImages-614508926\" src=\"https:\/\/www.azcentralcu.org\/wp-content\/uploads\/2023\/11\/GettyImages-614508926.jpg\" class=\"img-responsive wp-image-2079 img-with-aspect-ratio\" alt \/><\/span><\/div><\/div><\/div><\/div><\/div><\/div><div class=\"fusion-fullwidth fullwidth-box fusion-builder-row-3 fusion-flex-container has-pattern-background has-mask-background nonhundred-percent-fullwidth non-hundred-percent-height-scrolling\" style=\"--awb-border-radius-top-left:0px;--awb-border-radius-top-right:0px;--awb-border-radius-bottom-right:0px;--awb-border-radius-bottom-left:0px;--awb-flex-wrap:wrap;\" ><div class=\"fusion-builder-row fusion-row fusion-flex-align-items-flex-start fusion-flex-content-wrap\" style=\"max-width:1248px;margin-left: calc(-4% \/ 2 );margin-right: calc(-4% \/ 2 );\"><div class=\"fusion-layout-column fusion_builder_column fusion-builder-column-5 fusion_builder_column_1_1 1_1 fusion-flex-column\" style=\"--awb-bg-size:cover;--awb-width-large:100%;--awb-spacing-right-large:1.92%;--awb-spacing-left-large:1.92%;--awb-width-medium:100%;--awb-order-medium:0;--awb-spacing-right-medium:1.92%;--awb-spacing-left-medium:1.92%;--awb-width-small:100%;--awb-order-small:0;--awb-spacing-right-small:1.92%;--awb-spacing-left-small:1.92%;\"><div class=\"fusion-column-wrapper fusion-column-has-shadow fusion-flex-justify-content-flex-start fusion-content-layout-column\"><div class=\"fusion-text fusion-text-3\" style=\"--awb-font-size:12px;\"><ol>\n<li>Se pueden aplicar tarifas de mensajes y datos. P\u00f3ngase en contacto con su operador de telefon\u00eda m\u00f3vil para m\u00e1s detalles.<\/li>\n<\/ol>\n<\/div><\/div><\/div><\/div><\/div><\/p>\n","protected":false},"excerpt":{"rendered":"","protected":false},"author":1,"featured_media":0,"parent":2973,"menu_order":0,"comment_status":"closed","ping_status":"closed","template":"100-width.php","meta":{"footnotes":""},"acf":[],"yoast_head":"<!-- This site is optimized with the Yoast SEO plugin v21.7 - https:\/\/yoast.com\/wordpress\/plugins\/seo\/ -->\n<title>Banca por Texto y SMS | Banca de Mensajes de Texto | ACCU<\/title>\n<meta name=\"description\" content=\"ACCU ofrece servicios bancarios por texto y SMS. Utilice nuestro sistema de banco de mensajes de texto y facilite la banca. Registrese en linea ahora!\" \/>\n<meta name=\"robots\" content=\"index, follow, max-snippet:-1, max-image-preview:large, max-video-preview:-1\" \/>\n<link rel=\"canonical\" href=\"https:\/\/www.azcentralcu.org\/es\/bancario\/la-banca-movil\/banca-de-texto-sms\/\" \/>\n<meta property=\"og:locale\" content=\"es_ES\" \/>\n<meta property=\"og:type\" content=\"article\" \/>\n<meta property=\"og:title\" content=\"Banca por Texto y SMS | Banca de Mensajes de Texto | ACCU\" \/>\n<meta property=\"og:description\" content=\"ACCU ofrece servicios bancarios por texto y SMS. Utilice nuestro sistema de banco de mensajes de texto y facilite la banca. Registrese en linea ahora!\" \/>\n<meta property=\"og:url\" content=\"https:\/\/www.azcentralcu.org\/es\/bancario\/la-banca-movil\/banca-de-texto-sms\/\" \/>\n<meta property=\"og:site_name\" content=\"Arizona Central Credit Union\" \/>\n<meta property=\"article:modified_time\" content=\"2023-12-22T20:27:41+00:00\" \/>\n<meta name=\"twitter:card\" content=\"summary_large_image\" \/>\n<meta name=\"twitter:title\" content=\"Banca por Texto y SMS | Banca de Mensajes de Texto | ACCU\" \/>\n<meta name=\"twitter:description\" content=\"ACCU ofrece servicios bancarios por texto y SMS. Utilice nuestro sistema de banco de mensajes de texto y facilite la banca. Registrese en linea ahora!\" \/>\n<meta name=\"twitter:label1\" content=\"Est. reading time\" \/>\n\t<meta name=\"twitter:data1\" content=\"2 minutes\" \/>\n<!-- \/ Yoast SEO plugin. -->","yoast_head_json":{"title":"Banca por Texto y SMS | Banca de Mensajes de Texto | ACCU","description":"ACCU ofrece servicios bancarios por texto y SMS. Utilice nuestro sistema de banco de mensajes de texto y facilite la banca. Registrese en linea ahora!","robots":{"index":"index","follow":"follow","max-snippet":"max-snippet:-1","max-image-preview":"max-image-preview:large","max-video-preview":"max-video-preview:-1"},"canonical":"https:\/\/www.azcentralcu.org\/es\/bancario\/la-banca-movil\/banca-de-texto-sms\/","og_locale":"es_ES","og_type":"article","og_title":"Banca por Texto y SMS | Banca de Mensajes de Texto | ACCU","og_description":"ACCU ofrece servicios bancarios por texto y SMS. Utilice nuestro sistema de banco de mensajes de texto y facilite la banca. Registrese en linea ahora!","og_url":"https:\/\/www.azcentralcu.org\/es\/bancario\/la-banca-movil\/banca-de-texto-sms\/","og_site_name":"Arizona Central Credit Union","article_modified_time":"2023-12-22T20:27:41+00:00","twitter_card":"summary_large_image","twitter_title":"Banca por Texto y SMS | Banca de Mensajes de Texto | ACCU","twitter_description":"ACCU ofrece servicios bancarios por texto y SMS. Utilice nuestro sistema de banco de mensajes de texto y facilite la banca. Registrese en linea ahora!","twitter_misc":{"Est. reading time":"2 minutes"},"schema":{"@context":"https:\/\/schema.org","@graph":[{"@type":"WebPage","@id":"https:\/\/www.azcentralcu.org\/es\/bancario\/la-banca-movil\/banca-de-texto-sms\/","url":"https:\/\/www.azcentralcu.org\/es\/bancario\/la-banca-movil\/banca-de-texto-sms\/","name":"Banca por Texto y SMS | Banca de Mensajes de Texto | ACCU","isPartOf":{"@id":"https:\/\/www.azcentralcu.org\/es\/#website"},"datePublished":"2023-11-10T16:59:26+00:00","dateModified":"2023-12-22T20:27:41+00:00","description":"ACCU ofrece servicios bancarios por texto y SMS. Utilice nuestro sistema de banco de mensajes de texto y facilite la banca. Registrese en linea ahora!","breadcrumb":{"@id":"https:\/\/www.azcentralcu.org\/es\/bancario\/la-banca-movil\/banca-de-texto-sms\/#breadcrumb"},"inLanguage":"es-ES","potentialAction":[{"@type":"ReadAction","target":["https:\/\/www.azcentralcu.org\/es\/bancario\/la-banca-movil\/banca-de-texto-sms\/"]}]},{"@type":"BreadcrumbList","@id":"https:\/\/www.azcentralcu.org\/es\/bancario\/la-banca-movil\/banca-de-texto-sms\/#breadcrumb","itemListElement":[{"@type":"ListItem","position":1,"name":"Home","item":"https:\/\/www.azcentralcu.org\/es\/"},{"@type":"ListItem","position":2,"name":"Bancario","item":"https:\/\/www.azcentralcu.org\/es\/bancario\/"},{"@type":"ListItem","position":3,"name":"Banco M\u00f3vil","item":"https:\/\/www.azcentralcu.org\/es\/bancario\/la-banca-movil\/"},{"@type":"ListItem","position":4,"name":"Banca por Texto y SMS"}]},{"@type":"WebSite","@id":"https:\/\/www.azcentralcu.org\/es\/#website","url":"https:\/\/www.azcentralcu.org\/es\/","name":"Arizona Central Credit Union","description":"","potentialAction":[{"@type":"SearchAction","target":{"@type":"EntryPoint","urlTemplate":"https:\/\/www.azcentralcu.org\/es\/?s={search_term_string}"},"query-input":"required name=search_term_string"}],"inLanguage":"es-ES"}]}},"_links":{"self":[{"href":"https:\/\/www.azcentralcu.org\/es\/wp-json\/wp\/v2\/pages\/2990"}],"collection":[{"href":"https:\/\/www.azcentralcu.org\/es\/wp-json\/wp\/v2\/pages"}],"about":[{"href":"https:\/\/www.azcentralcu.org\/es\/wp-json\/wp\/v2\/types\/page"}],"author":[{"embeddable":true,"href":"https:\/\/www.azcentralcu.org\/es\/wp-json\/wp\/v2\/users\/1"}],"replies":[{"embeddable":true,"href":"https:\/\/www.azcentralcu.org\/es\/wp-json\/wp\/v2\/comments?post=2990"}],"version-history":[{"count":2,"href":"https:\/\/www.azcentralcu.org\/es\/wp-json\/wp\/v2\/pages\/2990\/revisions"}],"predecessor-version":[{"id":2992,"href":"https:\/\/www.azcentralcu.org\/es\/wp-json\/wp\/v2\/pages\/2990\/revisions\/2992"}],"up":[{"embeddable":true,"href":"https:\/\/www.azcentralcu.org\/es\/wp-json\/wp\/v2\/pages\/2973"}],"wp:attachment":[{"href":"https:\/\/www.azcentralcu.org\/es\/wp-json\/wp\/v2\/media?parent=2990"}],"curies":[{"name":"wp","href":"https:\/\/api.w.org\/{rel}","templated":true}]}}