{"id":2981,"date":"2023-11-10T15:56:50","date_gmt":"2023-11-10T15:56:50","guid":{"rendered":"https:\/\/www.azcentralcu.org\/bancario\/la-banca-movil\/ebranch-online-banking\/"},"modified":"2025-11-12T21:01:43","modified_gmt":"2025-11-12T21:01:43","slug":"ebranch-banca-en-linea","status":"publish","type":"page","link":"https:\/\/www.azcentralcu.org\/es\/bancario\/la-banca-movil\/ebranch-banca-en-linea\/","title":{"rendered":"eBRANCH Banco en L\u00ednea"},"content":{"rendered":"<p><div class=\"fusion-fullwidth fullwidth-box fusion-builder-row-1 fusion-flex-container has-pattern-background has-mask-background hundred-percent-fullwidth non-hundred-percent-height-scrolling\" style=\"--awb-border-radius-top-left:0px;--awb-border-radius-top-right:0px;--awb-border-radius-bottom-right:0px;--awb-border-radius-bottom-left:0px;--awb-padding-top:0px;--awb-padding-right:0px;--awb-padding-bottom:0px;--awb-padding-left:0px;--awb-min-height:0px;--awb-flex-wrap:nowrap;--awb-flex-wrap-small:wrap;\" ><div class=\"fusion-builder-row fusion-row fusion-flex-align-items-stretch fusion-flex-content-wrap\" style=\"width:calc( 100% + 20px ) !important;max-width:calc( 100% + 20px ) !important;margin-left: calc(-20px \/ 2 );margin-right: calc(-20px \/ 2 );\"><div class=\"fusion-layout-column fusion_builder_column fusion-builder-column-0 fusion-flex-column fusion-flex-align-self-stretch fusion-no-small-visibility fusion-no-medium-visibility\" style=\"--awb-bg-color:var(--awb-custom_color_1);--awb-bg-color-hover:var(--awb-custom_color_1);--awb-bg-size:cover;--awb-width-large:5%;--awb-flex-grow:1;--awb-spacing-right-large:0px;--awb-margin-bottom-large:20px;--awb-spacing-left-large:10px;--awb-width-medium:5%;--awb-order-medium:0;--awb-spacing-right-medium:0px;--awb-spacing-left-medium:10px;--awb-width-small:100%;--awb-order-small:0;--awb-spacing-right-small:10px;--awb-spacing-left-small:10px;\"><div class=\"fusion-column-wrapper fusion-column-has-shadow fusion-flex-justify-content-flex-start fusion-content-layout-column\"><\/div><\/div><div class=\"fusion-layout-column fusion_builder_column fusion-builder-column-1 fusion-flex-column fusion-flex-align-self-stretch\" style=\"--awb-padding-top:80px;--awb-padding-right:20%;--awb-padding-bottom:80px;--awb-padding-left:20px;--awb-padding-left-medium:20px;--awb-overflow:hidden;--awb-bg-color:var(--awb-custom_color_1);--awb-bg-color-hover:var(--awb-custom_color_1);--awb-bg-size:cover;--awb-border-radius:0px 100px 100px 0px;--awb-width-large:700px;--awb-flex-grow:1;--awb-spacing-right-large:10px;--awb-margin-bottom-large:20px;--awb-spacing-left-large:0px;--awb-width-medium:60%;--awb-order-medium:0;--awb-spacing-right-medium:10px;--awb-spacing-left-medium:10px;--awb-width-small:100%;--awb-order-small:0;--awb-spacing-right-small:24px;--awb-spacing-left-small:10px;\"><div class=\"fusion-column-wrapper fusion-column-has-shadow fusion-flex-justify-content-center fusion-content-layout-column\"><div class=\"fusion-title title fusion-title-1 fusion-sep-none fusion-title-text fusion-title-size-one\" style=\"--awb-text-color:var(--awb-color1);--awb-font-size:64px;\"><h1 class=\"fusion-title-heading title-heading-left fusion-responsive-typography-calculated\" style=\"margin:0;font-size:1em;--fontSize:64;line-height:1.03;\">eBRANCH Banco en L\u00ednea<\/h1><\/div><div class=\"fusion-text fusion-text-1\" style=\"--awb-font-size:22px;--awb-text-color:var(--awb-color1);\"><p>Acceda a tu cuenta en cualquier momento, d\u00eda o noche, con los servicios bancarios en l\u00ednea gratis de Arizona Central.<\/p>\n<\/div><\/div><\/div><div class=\"fusion-layout-column fusion_builder_column fusion-builder-column-2 fusion-flex-column\" style=\"--awb-padding-top:60px;--awb-padding-bottom:60px;--awb-overflow:hidden;--awb-bg-image:url(&#039;https:\/\/www.azcentralcu.org\/wp-content\/uploads\/2023\/11\/11-eBRANCH.jpg&#039;);--awb-bg-position:right center;--awb-bg-position-small:center center;--awb-bg-repeat-small:no-repeat;--awb-bg-size:cover;--awb-bg-size-small:cover;--awb-border-radius:100px 0px 0px 100px;--awb-width-large:500px;--awb-flex-grow:1;--awb-spacing-right-large:10px;--awb-margin-bottom-large:24px;--awb-spacing-left-large:10px;--awb-width-medium:500px;--awb-order-medium:0;--awb-spacing-right-medium:10px;--awb-spacing-left-medium:10px;--awb-width-small:100%;--awb-order-small:0;--awb-spacing-right-small:10px;--awb-spacing-left-small:24px;\"><div class=\"fusion-column-wrapper fusion-column-has-shadow fusion-flex-justify-content-flex-start fusion-content-layout-column fusion-column-has-bg-image\" data-bg-url=\"https:\/\/www.azcentralcu.org\/wp-content\/uploads\/2023\/11\/11-eBRANCH.jpg\"><div class=\"fusion-separator fusion-full-width-sep\" style=\"align-self: center;margin-left: auto;margin-right: auto;width:100%;\"><\/div><\/div><\/div><\/div><\/div><div class=\"fusion-fullwidth fullwidth-box fusion-builder-row-2 fusion-flex-container has-pattern-background has-mask-background nonhundred-percent-fullwidth non-hundred-percent-height-scrolling\" style=\"--awb-border-radius-top-left:0px;--awb-border-radius-top-right:0px;--awb-border-radius-bottom-right:0px;--awb-border-radius-bottom-left:0px;--awb-flex-wrap:wrap;\" ><div class=\"fusion-builder-row fusion-row fusion-flex-align-items-center fusion-flex-content-wrap\" style=\"max-width:1248px;margin-left: calc(-4% \/ 2 );margin-right: calc(-4% \/ 2 );\"><div class=\"fusion-layout-column fusion_builder_column fusion-builder-column-3 fusion_builder_column_1_2 1_2 fusion-flex-column\" style=\"--awb-bg-size:cover;--awb-width-large:50%;--awb-spacing-right-large:3.84%;--awb-spacing-left-large:3.84%;--awb-width-medium:50%;--awb-order-medium:0;--awb-spacing-right-medium:3.84%;--awb-spacing-left-medium:3.84%;--awb-width-small:100%;--awb-order-small:0;--awb-spacing-right-small:1.92%;--awb-spacing-left-small:1.92%;\"><div class=\"fusion-column-wrapper fusion-column-has-shadow fusion-flex-justify-content-flex-start fusion-content-layout-column\"><div class=\"fusion-image-element \" style=\"text-align:center;--awb-aspect-ratio:1 \/ 1;--awb-max-width:420px;--awb-caption-title-font-family:var(--h2_typography-font-family);--awb-caption-title-font-weight:var(--h2_typography-font-weight);--awb-caption-title-font-style:var(--h2_typography-font-style);--awb-caption-title-size:var(--h2_typography-font-size);--awb-caption-title-transform:var(--h2_typography-text-transform);--awb-caption-title-line-height:var(--h2_typography-line-height);--awb-caption-title-letter-spacing:var(--h2_typography-letter-spacing);\"><div style=\"display:inline-block;width:420px;\"><span class=\" fusion-imageframe imageframe-none imageframe-1 hover-type-none has-aspect-ratio circles\" style=\"border-radius:90px;\"><img decoding=\"async\" width=\"470\" height=\"450\" title=\"Online Banking-Web Module-SP\" src=\"https:\/\/www.azcentralcu.org\/wp-content\/uploads\/2025\/06\/Online-Banking-Web-Module-SP.png\" class=\"img-responsive wp-image-9756 img-with-aspect-ratio\" alt \/><\/span><\/div><\/div><\/div><\/div><div class=\"fusion-layout-column fusion_builder_column fusion-builder-column-4 fusion_builder_column_1_2 1_2 fusion-flex-column\" style=\"--awb-bg-size:cover;--awb-width-large:50%;--awb-spacing-right-large:3.84%;--awb-spacing-left-large:3.84%;--awb-width-medium:50%;--awb-order-medium:0;--awb-spacing-right-medium:3.84%;--awb-spacing-left-medium:3.84%;--awb-width-small:100%;--awb-order-small:0;--awb-spacing-right-small:1.92%;--awb-spacing-left-small:1.92%;\"><div class=\"fusion-column-wrapper fusion-column-has-shadow fusion-flex-justify-content-flex-start fusion-content-layout-column\"><div class=\"fusion-title title fusion-title-2 fusion-sep-none fusion-title-text fusion-title-size-two\"><h2 class=\"fusion-title-heading title-heading-left fusion-responsive-typography-calculated\" style=\"margin:0;--fontSize:46;line-height:var(--awb-typography2-line-height);\">Experimenta el banco en l\u00ednea como nunca antes <img decoding=\"async\" draggable=\"false\" role=\"img\" class=\"emoji\" alt=\"\ud83d\udcb0\" src=\"https:\/\/s.w.org\/images\/core\/emoji\/14.0.0\/svg\/1f4b0.svg\"><\/h2><\/div><div class=\"fusion-text fusion-text-2\"><p><b>\u00a1Con las funciones que necesitas, navegaci\u00f3n sencilla y mensajes clave para que nunca te pierdas nada!<\/b><\/p>\n<ul>\n<li>Mantente al tanto con <u>mensajes clave<\/u> desde el principio<\/li>\n<li><i>Personaliza el nombre<\/i> con el que te recibir\u00e1n al iniciar sesi\u00f3n<\/li>\n<li>Consulta tu <u>puntaje crediticio<\/u> al instante con el widget plegable de SavvyMoney en la p\u00e1gina de inicio<\/li>\n<li><i>Consulta la fecha de vencimiento y la informaci\u00f3n<\/i> de vencimientos directamente desde el widget de Cuentas<\/li>\n<li>Consulta tus <i>cinco<\/i> transacciones m\u00e1s recientes sin tener que acceder a una cuenta<\/li>\n<li>Nombra tus cuentas a lo mejor se adapte a ti: \u00bfpresupuestar para un bolso, zapatos o nueva ropa? Ll\u00e1malo<i> &#8220;Lujos de mami&#8221;<\/i><\/li>\n<\/ul>\n<p><b>\u00bfA\u00fan no te has registrado para eBRANCH banco en l\u00ednea?<\/b><\/p>\n<\/div><div ><a class=\"fusion-button button-flat fusion-button-default-size button-default fusion-button-default button-1 fusion-button-default-span fusion-button-default-type\" target=\"_self\" href=\"\/join-us-today\/\"><span class=\"fusion-button-text\">Reg\u00cdstrate Ahora<\/span><\/a><\/div><\/div><\/div><\/div><\/div><div class=\"fusion-fullwidth fullwidth-box fusion-builder-row-3 fusion-flex-container has-pattern-background has-mask-background nonhundred-percent-fullwidth non-hundred-percent-height-scrolling\" style=\"--awb-border-radius-top-left:0px;--awb-border-radius-top-right:0px;--awb-border-radius-bottom-right:0px;--awb-border-radius-bottom-left:0px;--awb-flex-wrap:wrap;\" ><div class=\"fusion-builder-row fusion-row fusion-flex-align-items-center fusion-flex-content-wrap\" style=\"max-width:1248px;margin-left: calc(-4% \/ 2 );margin-right: calc(-4% \/ 2 );\"><div class=\"fusion-layout-column fusion_builder_column fusion-builder-column-5 fusion_builder_column_1_2 1_2 fusion-flex-column\" style=\"--awb-bg-size:cover;--awb-width-large:50%;--awb-spacing-right-large:3.84%;--awb-spacing-left-large:3.84%;--awb-width-medium:50%;--awb-order-medium:0;--awb-spacing-right-medium:3.84%;--awb-spacing-left-medium:3.84%;--awb-width-small:100%;--awb-order-small:1;--awb-spacing-right-small:1.92%;--awb-spacing-left-small:1.92%;\"><div class=\"fusion-column-wrapper fusion-column-has-shadow fusion-flex-justify-content-flex-start fusion-content-layout-column\"><div class=\"fusion-title title fusion-title-3 fusion-sep-none fusion-title-text fusion-title-size-two\"><h2 class=\"fusion-title-heading title-heading-left fusion-responsive-typography-calculated\" style=\"margin:0;--fontSize:46;line-height:var(--awb-typography2-line-height);\">Reg\u00edstrate para Banco en L\u00ednea de eBRANCH<\/h2><\/div><div class=\"fusion-text fusion-text-3\"><p>Accede a eBRANCH haciendo clic en el bot\u00f3n de Login (inicio de sesi\u00f3n) en la barra de navegaci\u00f3n en la esquina superior derecha.<\/p>\n<ul>\n<li>Si es la primera vez que inicia sesi\u00f3n, est\u00e1s requerido a ingresar <i>nombre de usuario, contrase\u00f1a, apellido, n\u00famero de seguro social\/identificaci\u00f3n de identidad, n\u00famero de cuenta;<\/i> y aceptar el acuerdo de firma electr\u00f3nica y los t\u00e9rminos y condiciones de servicio antes de completar el registro.<\/li>\n<li>Una vez completado, <i>confirma tu informaci\u00f3n de contacto<\/i> por mensaje de texto, llamada, o correo electr\u00f3nico para finalizar el acceso a tu cuenta.<\/li>\n<li>Si tienes alg\u00fan problema al registrarte, comun\u00edcate con nuestro <b>Centro de Soluciones al (602) 264-6421<\/b> para obtener ayuda.<\/li>\n<\/ul>\n<ul>\n<\/ul>\n<\/div><div class=\"fusion-title title fusion-title-4 fusion-sep-none fusion-title-text fusion-title-size-three\"><h3 class=\"fusion-title-heading title-heading-left fusion-responsive-typography-calculated\" style=\"font-family:&quot;Basic Sans SemiBold&quot;;font-style:normal;font-weight:400;margin:0;--fontSize:38;line-height:var(--awb-typography2-line-height);\">Configura Transferencias Autom\u00e1ticas<\/h3><\/div><div class=\"fusion-text fusion-text-4\"><p>\u00a1Aumente sus ahorros mientras duerme! Una vez que haya terminado de configurar su nueva cuenta en eBRANCH, \u00a1no olvide configurar transferencias recurrentes autom\u00e1ticas desde su cuenta de cheques a su cuenta de ahorros para una manera m\u00e1s f\u00e1cil de ahorrar! Aqu\u00ed le mostramos c\u00f3mo comenzar:<\/p>\n<p>1. Inicie sesi\u00f3n en <a href=\"https:\/\/www.azcentralcuonline.org\/dbank\/live\/app\/login\/consumer\"><em><u>eBRANCH<\/u><\/em><\/a><\/p>\n<p>2. Seleccione <u><em>Mover Dinero<\/em><\/u> y haga clic en <em><u>Hacer una Transferencia<\/u><\/em><\/p>\n<p>3. Seleccione las cuentas que desea transferir <u><em>De y A<\/em><\/u><span style=\"letter-spacing: 0.24px; background-color: rgba(0, 0, 0, 0);\"> junto con la <\/span><u style=\"letter-spacing: 0.24px; background-color: rgba(0, 0, 0, 0);\"><em>Cantidad<\/em><\/u><\/p>\n<p>4. Haga clic en <u><em>Repetir Transferencia<\/em><\/u><\/p>\n<p>5. Programe su <u><em>frecuencia de transferencia<\/em><\/u>. \u00a1Es f\u00e1cil!<\/p>\n<\/div><\/div><\/div><div class=\"fusion-layout-column fusion_builder_column fusion-builder-column-6 fusion_builder_column_1_2 1_2 fusion-flex-column\" style=\"--awb-bg-size:cover;--awb-width-large:50%;--awb-spacing-right-large:3.84%;--awb-spacing-left-large:3.84%;--awb-width-medium:50%;--awb-order-medium:0;--awb-spacing-right-medium:3.84%;--awb-spacing-left-medium:3.84%;--awb-width-small:100%;--awb-order-small:0;--awb-spacing-right-small:1.92%;--awb-spacing-left-small:1.92%;\"><div class=\"fusion-column-wrapper fusion-column-has-shadow fusion-flex-justify-content-flex-start fusion-content-layout-column\"><div class=\"fusion-image-element \" style=\"text-align:center;--awb-aspect-ratio:1 \/ 1;--awb-max-width:420px;--awb-caption-title-font-family:var(--h2_typography-font-family);--awb-caption-title-font-weight:var(--h2_typography-font-weight);--awb-caption-title-font-style:var(--h2_typography-font-style);--awb-caption-title-size:var(--h2_typography-font-size);--awb-caption-title-transform:var(--h2_typography-text-transform);--awb-caption-title-line-height:var(--h2_typography-line-height);--awb-caption-title-letter-spacing:var(--h2_typography-letter-spacing);\"><div style=\"display:inline-block;width:420px;\"><span class=\" fusion-imageframe imageframe-none imageframe-2 hover-type-none has-aspect-ratio dots\" style=\"border-radius:999px;\"><img decoding=\"async\" width=\"470\" height=\"450\" title=\"Young Adult Woman Doing Mobile Deposit With Smartphone\" src=\"https:\/\/www.azcentralcu.org\/wp-content\/uploads\/2023\/11\/ebranch-online-1.jpg\" class=\"img-responsive wp-image-2037 img-with-aspect-ratio\" alt \/><\/span><\/div><\/div><\/div><\/div><\/div><\/div><div class=\"fusion-fullwidth fullwidth-box fusion-builder-row-4 fusion-flex-container has-pattern-background has-mask-background nonhundred-percent-fullwidth non-hundred-percent-height-scrolling\" style=\"--awb-border-radius-top-left:0px;--awb-border-radius-top-right:0px;--awb-border-radius-bottom-right:0px;--awb-border-radius-bottom-left:0px;--awb-flex-wrap:wrap;\" ><div class=\"fusion-builder-row fusion-row fusion-flex-align-items-center fusion-flex-content-wrap\" style=\"max-width:1248px;margin-left: calc(-4% \/ 2 );margin-right: calc(-4% \/ 2 );\"><div class=\"fusion-layout-column fusion_builder_column fusion-builder-column-7 fusion_builder_column_1_2 1_2 fusion-flex-column\" style=\"--awb-bg-size:cover;--awb-width-large:50%;--awb-spacing-right-large:3.84%;--awb-spacing-left-large:3.84%;--awb-width-medium:50%;--awb-order-medium:0;--awb-spacing-right-medium:3.84%;--awb-spacing-left-medium:3.84%;--awb-width-small:100%;--awb-order-small:0;--awb-spacing-right-small:1.92%;--awb-spacing-left-small:1.92%;\"><div class=\"fusion-column-wrapper fusion-column-has-shadow fusion-flex-justify-content-flex-start fusion-content-layout-column\"><div class=\"fusion-image-element \" style=\"text-align:center;--awb-aspect-ratio:1 \/ 1;--awb-max-width:420px;--awb-caption-title-font-family:var(--h2_typography-font-family);--awb-caption-title-font-weight:var(--h2_typography-font-weight);--awb-caption-title-font-style:var(--h2_typography-font-style);--awb-caption-title-size:var(--h2_typography-font-size);--awb-caption-title-transform:var(--h2_typography-text-transform);--awb-caption-title-line-height:var(--h2_typography-line-height);--awb-caption-title-letter-spacing:var(--h2_typography-letter-spacing);\"><div style=\"display:inline-block;width:420px;\"><span class=\" fusion-imageframe imageframe-none imageframe-3 hover-type-none has-aspect-ratio stars\" style=\"border-radius:999px;\"><img decoding=\"async\" width=\"470\" height=\"450\" title=\"Young Caucasian businesswoman doing on on line payment\" src=\"https:\/\/www.azcentralcu.org\/wp-content\/uploads\/2023\/11\/services-1.jpg\" class=\"img-responsive wp-image-2017 img-with-aspect-ratio\" alt \/><\/span><\/div><\/div><\/div><\/div><div class=\"fusion-layout-column fusion_builder_column fusion-builder-column-8 fusion_builder_column_1_2 1_2 fusion-flex-column\" style=\"--awb-bg-size:cover;--awb-width-large:50%;--awb-spacing-right-large:3.84%;--awb-spacing-left-large:3.84%;--awb-width-medium:50%;--awb-order-medium:0;--awb-spacing-right-medium:3.84%;--awb-spacing-left-medium:3.84%;--awb-width-small:100%;--awb-order-small:0;--awb-spacing-right-small:1.92%;--awb-spacing-left-small:1.92%;\"><div class=\"fusion-column-wrapper fusion-column-has-shadow fusion-flex-justify-content-flex-start fusion-content-layout-column\"><div class=\"fusion-title title fusion-title-5 fusion-sep-none fusion-title-text fusion-title-size-two\"><h2 class=\"fusion-title-heading title-heading-left fusion-responsive-typography-calculated\" style=\"margin:0;--fontSize:46;line-height:var(--awb-typography2-line-height);\">Servicios que puedes completar en eBRANCH<\/h2><\/div><div class=\"fusion-text fusion-text-5\"><ul>\n<li><strong>Pago de facturas en l\u00ednea GRATIS<\/strong> \u2013 La manera m\u00e1s r\u00e1pida, m\u00e1s ecol\u00f3gica y m\u00e1s conveniente de pagar sus cuentas a tiempo, siempre. No m\u00e1s sellos, viajes a la oficina de correos o tarifas por pagos atrasados. Una vez en eBRANCH, seleccione la opci\u00f3n \u201cPago de facturas\u201d.<\/li>\n<li><strong>Estado de cuenta GRATIS<\/strong> \u2013 Disfrute de la tranquilidad de que nadie tendr\u00e1 acceso a la informaci\u00f3n de su cuenta a trav\u00e9s de su buz\u00f3n de correo. Disfrute de estas versiones seguras y en l\u00ednea de sus estados de cuenta. Una vez en eBRANCH, seleccione \u201ceStatements &amp; Notices\u201d. Una nueva ventana se abrir\u00e1. Elija \u201cOpciones de inscripci\u00f3n\u201d para registrarse y actualizar sus preferencias.<\/li>\n<li><strong>Administraci\u00f3n de Cuenta<\/strong> \u2013 Recupera la informaci\u00f3n de balance e historial de cuentas, visualice e imprima copias de cheques cancelados, cancele en pago de un cheque (se aplican tarifas).<\/li>\n<li><strong>Dep\u00f3sito M\u00f3vil de Cheques<\/strong> \u2013 Evite las visitas innecesarias a una sucursal o cajero autom\u00e1tico utilizando nuestra capacidad de distancia. Transitado a trav\u00e9s de eBRANCH el uso de la funcionalidad de la c\u00e1mara en su tel\u00e9fono inteligente o tableta, ahora puede depositar cheques en cualquier lugar, en cualquier momento.<\/li>\n<li><strong>Transfiera fondos entre sus propias cuentas<\/strong> \u2013 Mueva dinero f\u00e1cilmente entre sus propias cuentas. Tambi\u00e9n puede configurar transferencias de fondos a sus cuentas con otras instituciones financieras. Una vez en eBRANCH, seleccione \u201cTransferencia externa\u201d el en men\u00fa Mover Dinero.<\/li>\n<li><strong>Transferir fondos a otros miembros<\/strong> \u2013 Ahora es posible transferir fondos f\u00e1cilmente a otros miembros de Arizona Central a trav\u00e9s de eBRANCH.<\/li>\n<li><b>Zelle\u00ae<\/b> \u2013 \u00a1Nos hemos asociado con Zelle\u00ae para ofrecerle una manera R\u00c1PIDA y F\u00c1CIL de enviar y recibir dinero con amigos y familiares! Una vez en eBRANCH, seleccione &#8220;Enviar dinero con Zelle\u00ae&#8221; en el men\u00fa Move Money.<\/li>\n<li><strong>Pago de Pr\u00e9stamo<\/strong> \u2013 Configure f\u00e1cilmente el pago autom\u00e1tico a cualquiera de sus pr\u00e9stamos de Arizona Central.<\/li>\n<li><strong>Alertas de cuenta GRATIS<\/strong> \u2013 Siempre sepa lo que est\u00e1 sucediendo en su cuenta al configurar sus alertas de cuenta personalizadas.<\/li>\n<li><strong>Administraci\u00f3n de Presupuestos GRATIS<\/strong> &#8211; Aproveche nuestro software de presupuestos GRATIS. Una vez en eBRANCH, seleccione \u201cManage Money\u201d y luego, \u201cMoney Management\u201d y estar\u00e1 en camino.<\/li>\n<li><b>Disputas de transacciones GRATIS &#8211;<\/b> Envi\u00e9 c\u00f3modamente un formulario de disputa de transacciones en linea. Simplemente haga clic en &#8220;Additional Services&#8221; en eBRANCH.<\/li>\n<\/ul>\n<\/div><\/div><\/div><\/div><\/div><\/p>\n","protected":false},"excerpt":{"rendered":"","protected":false},"author":1,"featured_media":0,"parent":2973,"menu_order":0,"comment_status":"closed","ping_status":"closed","template":"100-width.php","meta":{"footnotes":""},"acf":[],"yoast_head":"<!-- This site is optimized with the Yoast SEO plugin v21.7 - https:\/\/yoast.com\/wordpress\/plugins\/seo\/ -->\n<title>eBRANCH Banca en Linea | Arizona Central Credit Union<\/title>\n<meta name=\"description\" content=\"Acceda a su cuenta en cualquier momento con los servicios bancarios en linea gratuitos de ACCU. Vea nuestro eBRANCH pago de facturas en linea y registrese hoy!\" \/>\n<meta name=\"robots\" content=\"index, follow, max-snippet:-1, max-image-preview:large, max-video-preview:-1\" \/>\n<link rel=\"canonical\" href=\"https:\/\/www.azcentralcu.org\/es\/bancario\/la-banca-movil\/ebranch-banca-en-linea\/\" \/>\n<meta property=\"og:locale\" content=\"es_ES\" \/>\n<meta property=\"og:type\" content=\"article\" \/>\n<meta property=\"og:title\" content=\"eBRANCH Banca en Linea | Arizona Central Credit Union\" \/>\n<meta property=\"og:description\" content=\"Acceda a su cuenta en cualquier momento con los servicios bancarios en linea gratuitos de ACCU. Vea nuestro eBRANCH pago de facturas en linea y registrese hoy!\" \/>\n<meta property=\"og:url\" content=\"https:\/\/www.azcentralcu.org\/es\/bancario\/la-banca-movil\/ebranch-banca-en-linea\/\" \/>\n<meta property=\"og:site_name\" content=\"Arizona Central Credit Union\" \/>\n<meta property=\"article:modified_time\" content=\"2025-11-12T21:01:43+00:00\" \/>\n<meta property=\"og:image\" content=\"https:\/\/s.w.org\/images\/core\/emoji\/14.0.0\/svg\/1f4b0.svg\" \/>\n<meta name=\"twitter:card\" content=\"summary_large_image\" \/>\n<meta name=\"twitter:title\" content=\"eBRANCH Banca en Linea | Arizona Central Credit Union\" \/>\n<meta name=\"twitter:description\" content=\"Acceda a su cuenta en cualquier momento con los servicios bancarios en linea gratuitos de ACCU. Vea nuestro eBRANCH pago de facturas en linea y registrese hoy!\" \/>\n<meta name=\"twitter:label1\" content=\"Est. reading time\" \/>\n\t<meta name=\"twitter:data1\" content=\"3 minutes\" \/>\n<!-- \/ Yoast SEO plugin. -->","yoast_head_json":{"title":"eBRANCH Banca en Linea | Arizona Central Credit Union","description":"Acceda a su cuenta en cualquier momento con los servicios bancarios en linea gratuitos de ACCU. Vea nuestro eBRANCH pago de facturas en linea y registrese hoy!","robots":{"index":"index","follow":"follow","max-snippet":"max-snippet:-1","max-image-preview":"max-image-preview:large","max-video-preview":"max-video-preview:-1"},"canonical":"https:\/\/www.azcentralcu.org\/es\/bancario\/la-banca-movil\/ebranch-banca-en-linea\/","og_locale":"es_ES","og_type":"article","og_title":"eBRANCH Banca en Linea | Arizona Central Credit Union","og_description":"Acceda a su cuenta en cualquier momento con los servicios bancarios en linea gratuitos de ACCU. Vea nuestro eBRANCH pago de facturas en linea y registrese hoy!","og_url":"https:\/\/www.azcentralcu.org\/es\/bancario\/la-banca-movil\/ebranch-banca-en-linea\/","og_site_name":"Arizona Central Credit Union","article_modified_time":"2025-11-12T21:01:43+00:00","og_image":[{"url":"https:\/\/s.w.org\/images\/core\/emoji\/14.0.0\/svg\/1f4b0.svg"}],"twitter_card":"summary_large_image","twitter_title":"eBRANCH Banca en Linea | Arizona Central Credit Union","twitter_description":"Acceda a su cuenta en cualquier momento con los servicios bancarios en linea gratuitos de ACCU. Vea nuestro eBRANCH pago de facturas en linea y registrese hoy!","twitter_misc":{"Est. reading time":"3 minutes"},"schema":{"@context":"https:\/\/schema.org","@graph":[{"@type":"WebPage","@id":"https:\/\/www.azcentralcu.org\/es\/bancario\/la-banca-movil\/ebranch-banca-en-linea\/","url":"https:\/\/www.azcentralcu.org\/es\/bancario\/la-banca-movil\/ebranch-banca-en-linea\/","name":"eBRANCH Banca en Linea | Arizona Central Credit Union","isPartOf":{"@id":"https:\/\/www.azcentralcu.org\/es\/#website"},"datePublished":"2023-11-10T15:56:50+00:00","dateModified":"2025-11-12T21:01:43+00:00","description":"Acceda a su cuenta en cualquier momento con los servicios bancarios en linea gratuitos de ACCU. Vea nuestro eBRANCH pago de facturas en linea y registrese hoy!","breadcrumb":{"@id":"https:\/\/www.azcentralcu.org\/es\/bancario\/la-banca-movil\/ebranch-banca-en-linea\/#breadcrumb"},"inLanguage":"es-ES","potentialAction":[{"@type":"ReadAction","target":["https:\/\/www.azcentralcu.org\/es\/bancario\/la-banca-movil\/ebranch-banca-en-linea\/"]}]},{"@type":"BreadcrumbList","@id":"https:\/\/www.azcentralcu.org\/es\/bancario\/la-banca-movil\/ebranch-banca-en-linea\/#breadcrumb","itemListElement":[{"@type":"ListItem","position":1,"name":"Home","item":"https:\/\/www.azcentralcu.org\/es\/"},{"@type":"ListItem","position":2,"name":"Bancario","item":"https:\/\/www.azcentralcu.org\/es\/bancario\/"},{"@type":"ListItem","position":3,"name":"Banco M\u00f3vil","item":"https:\/\/www.azcentralcu.org\/es\/bancario\/la-banca-movil\/"},{"@type":"ListItem","position":4,"name":"eBRANCH Banco en L\u00ednea"}]},{"@type":"WebSite","@id":"https:\/\/www.azcentralcu.org\/es\/#website","url":"https:\/\/www.azcentralcu.org\/es\/","name":"Arizona Central Credit Union","description":"","potentialAction":[{"@type":"SearchAction","target":{"@type":"EntryPoint","urlTemplate":"https:\/\/www.azcentralcu.org\/es\/?s={search_term_string}"},"query-input":"required name=search_term_string"}],"inLanguage":"es-ES"}]}},"_links":{"self":[{"href":"https:\/\/www.azcentralcu.org\/es\/wp-json\/wp\/v2\/pages\/2981"}],"collection":[{"href":"https:\/\/www.azcentralcu.org\/es\/wp-json\/wp\/v2\/pages"}],"about":[{"href":"https:\/\/www.azcentralcu.org\/es\/wp-json\/wp\/v2\/types\/page"}],"author":[{"embeddable":true,"href":"https:\/\/www.azcentralcu.org\/es\/wp-json\/wp\/v2\/users\/1"}],"replies":[{"embeddable":true,"href":"https:\/\/www.azcentralcu.org\/es\/wp-json\/wp\/v2\/comments?post=2981"}],"version-history":[{"count":11,"href":"https:\/\/www.azcentralcu.org\/es\/wp-json\/wp\/v2\/pages\/2981\/revisions"}],"predecessor-version":[{"id":11725,"href":"https:\/\/www.azcentralcu.org\/es\/wp-json\/wp\/v2\/pages\/2981\/revisions\/11725"}],"up":[{"embeddable":true,"href":"https:\/\/www.azcentralcu.org\/es\/wp-json\/wp\/v2\/pages\/2973"}],"wp:attachment":[{"href":"https:\/\/www.azcentralcu.org\/es\/wp-json\/wp\/v2\/media?parent=2981"}],"curies":[{"name":"wp","href":"https:\/\/api.w.org\/{rel}","templated":true}]}}