{"id":2929,"date":"2023-11-10T20:27:25","date_gmt":"2023-11-10T20:27:25","guid":{"rendered":"https:\/\/www.azcentralcu.org\/bancario\/cuenta-de-member-share-comercial\/payroll-ach-services\/"},"modified":"2023-12-22T18:00:17","modified_gmt":"2023-12-22T18:00:17","slug":"nomina-y-servicios-de-ach","status":"publish","type":"page","link":"https:\/\/www.azcentralcu.org\/es\/bancario\/cuenta-de-member-share-comercial\/nomina-y-servicios-de-ach\/","title":{"rendered":"Servicios de N\u00f3mina de Sueldos"},"content":{"rendered":"<p><div class=\"fusion-fullwidth fullwidth-box fusion-builder-row-1 fusion-flex-container has-pattern-background has-mask-background hundred-percent-fullwidth non-hundred-percent-height-scrolling\" style=\"--awb-border-radius-top-left:0px;--awb-border-radius-top-right:0px;--awb-border-radius-bottom-right:0px;--awb-border-radius-bottom-left:0px;--awb-padding-top:0px;--awb-padding-right:0px;--awb-padding-bottom:0px;--awb-padding-left:0px;--awb-min-height:0px;--awb-flex-wrap:nowrap;--awb-flex-wrap-small:wrap;\" ><div class=\"fusion-builder-row fusion-row fusion-flex-align-items-stretch fusion-flex-content-wrap\" style=\"width:calc( 100% + 20px ) !important;max-width:calc( 100% + 20px ) !important;margin-left: calc(-20px \/ 2 );margin-right: calc(-20px \/ 2 );\"><div class=\"fusion-layout-column fusion_builder_column fusion-builder-column-0 fusion-flex-column fusion-flex-align-self-stretch fusion-no-small-visibility fusion-no-medium-visibility\" style=\"--awb-bg-color:var(--awb-custom_color_1);--awb-bg-color-hover:var(--awb-custom_color_1);--awb-bg-size:cover;--awb-width-large:5%;--awb-flex-grow:1;--awb-spacing-right-large:0px;--awb-margin-bottom-large:20px;--awb-spacing-left-large:10px;--awb-width-medium:5%;--awb-order-medium:0;--awb-spacing-right-medium:0px;--awb-spacing-left-medium:10px;--awb-width-small:100%;--awb-order-small:0;--awb-spacing-right-small:10px;--awb-spacing-left-small:10px;\"><div class=\"fusion-column-wrapper fusion-column-has-shadow fusion-flex-justify-content-flex-start fusion-content-layout-column\"><\/div><\/div><div class=\"fusion-layout-column fusion_builder_column fusion-builder-column-1 fusion-flex-column fusion-flex-align-self-stretch\" style=\"--awb-padding-top:80px;--awb-padding-right:20%;--awb-padding-bottom:80px;--awb-padding-left:20px;--awb-padding-left-medium:20px;--awb-overflow:hidden;--awb-bg-color:var(--awb-custom_color_1);--awb-bg-color-hover:var(--awb-custom_color_1);--awb-bg-size:cover;--awb-border-radius:0px 100px 100px 0px;--awb-width-large:700px;--awb-flex-grow:1;--awb-spacing-right-large:10px;--awb-margin-bottom-large:20px;--awb-spacing-left-large:0px;--awb-width-medium:60%;--awb-order-medium:0;--awb-spacing-right-medium:10px;--awb-spacing-left-medium:10px;--awb-width-small:100%;--awb-order-small:0;--awb-spacing-right-small:24px;--awb-spacing-left-small:10px;\"><div class=\"fusion-column-wrapper fusion-column-has-shadow fusion-flex-justify-content-center fusion-content-layout-column\"><div class=\"fusion-title title fusion-title-1 fusion-sep-none fusion-title-text fusion-title-size-one\" style=\"--awb-text-color:var(--awb-color1);--awb-font-size:64px;\"><h1 class=\"fusion-title-heading title-heading-left fusion-responsive-typography-calculated\" style=\"margin:0;font-size:1em;--fontSize:64;line-height:1.03;\">Servicios de N\u00f3mina de Sueldos<\/h1><\/div><div class=\"fusion-text fusion-text-1\" style=\"--awb-font-size:22px;--awb-text-color:var(--awb-color1);\"><p>Ahorre tiempo y conc\u00e9ntrese en las prioridades m\u00e1s altas &#8211; pagando a sus empleados con la conveniencia del dep\u00f3sito directo, \u00a1donde sea que realicen operaciones bancarias!<\/p>\n<\/div><\/div><\/div><div class=\"fusion-layout-column fusion_builder_column fusion-builder-column-2 fusion-flex-column\" style=\"--awb-padding-top:60px;--awb-padding-bottom:60px;--awb-overflow:hidden;--awb-bg-image:url(&#039;https:\/\/www.azcentralcu.org\/wp-content\/uploads\/2023\/11\/17-Payroll-ACH-Services.jpg&#039;);--awb-bg-position:right center;--awb-bg-position-small:center center;--awb-bg-repeat-small:no-repeat;--awb-bg-size:cover;--awb-bg-size-small:cover;--awb-border-radius:100px 0px 0px 100px;--awb-width-large:500px;--awb-flex-grow:1;--awb-spacing-right-large:10px;--awb-margin-bottom-large:24px;--awb-spacing-left-large:10px;--awb-width-medium:500px;--awb-order-medium:0;--awb-spacing-right-medium:10px;--awb-spacing-left-medium:10px;--awb-width-small:100%;--awb-order-small:0;--awb-spacing-right-small:10px;--awb-spacing-left-small:24px;\"><div class=\"fusion-column-wrapper fusion-column-has-shadow fusion-flex-justify-content-flex-start fusion-content-layout-column fusion-column-has-bg-image\" data-bg-url=\"https:\/\/www.azcentralcu.org\/wp-content\/uploads\/2023\/11\/17-Payroll-ACH-Services.jpg\"><div class=\"fusion-separator fusion-full-width-sep\" style=\"align-self: center;margin-left: auto;margin-right: auto;width:100%;\"><\/div><\/div><\/div><\/div><\/div><div class=\"fusion-fullwidth fullwidth-box fusion-builder-row-2 fusion-flex-container has-pattern-background has-mask-background nonhundred-percent-fullwidth non-hundred-percent-height-scrolling\" style=\"--awb-border-radius-top-left:0px;--awb-border-radius-top-right:0px;--awb-border-radius-bottom-right:0px;--awb-border-radius-bottom-left:0px;--awb-flex-wrap:wrap;\" ><div class=\"fusion-builder-row fusion-row fusion-flex-align-items-center fusion-flex-content-wrap\" style=\"max-width:1248px;margin-left: calc(-4% \/ 2 );margin-right: calc(-4% \/ 2 );\"><div class=\"fusion-layout-column fusion_builder_column fusion-builder-column-3 fusion_builder_column_1_2 1_2 fusion-flex-column\" style=\"--awb-bg-size:cover;--awb-width-large:50%;--awb-spacing-right-large:3.84%;--awb-spacing-left-large:3.84%;--awb-width-medium:50%;--awb-order-medium:0;--awb-spacing-right-medium:3.84%;--awb-spacing-left-medium:3.84%;--awb-width-small:100%;--awb-order-small:1;--awb-spacing-right-small:1.92%;--awb-spacing-left-small:1.92%;\"><div class=\"fusion-column-wrapper fusion-column-has-shadow fusion-flex-justify-content-flex-start fusion-content-layout-column\"><div class=\"fusion-title title fusion-title-2 fusion-sep-none fusion-title-text fusion-title-size-two\"><h2 class=\"fusion-title-heading title-heading-left fusion-responsive-typography-calculated\" style=\"margin:0;--fontSize:46;line-height:var(--awb-typography2-line-height);\">Servicios de N\u00f3mina<\/h2><\/div><div class=\"fusion-text fusion-text-2\"><ul>\n<li>N\u00f3mina a tiempo, cada vez<\/li>\n<li>Simplifica la reconciliaci\u00f3n<\/li>\n<li>Reduce el riesgo de fraude<\/li>\n<li>Ahorra tiempo de administraci\u00f3n<\/li>\n<li>Ahorra costos de procesamiento<\/li>\n<\/ul>\n<p><strong>Tarifas y Requisitos:<\/strong><\/p>\n<ul>\n<li>Requiere una cuenta de miembro de negocio<\/li>\n<li>Baja tarifa mensual de $45 m\u00e1s $0.10 por transacci\u00f3n<\/li>\n<\/ul>\n<\/div><\/div><\/div><div class=\"fusion-layout-column fusion_builder_column fusion-builder-column-4 fusion_builder_column_1_2 1_2 fusion-flex-column\" style=\"--awb-bg-size:cover;--awb-width-large:50%;--awb-spacing-right-large:3.84%;--awb-spacing-left-large:3.84%;--awb-width-medium:50%;--awb-order-medium:0;--awb-spacing-right-medium:3.84%;--awb-spacing-left-medium:3.84%;--awb-width-small:100%;--awb-order-small:0;--awb-spacing-right-small:1.92%;--awb-spacing-left-small:1.92%;\"><div class=\"fusion-column-wrapper fusion-column-has-shadow fusion-flex-justify-content-flex-start fusion-content-layout-column\"><div class=\"fusion-image-element \" style=\"text-align:center;--awb-aspect-ratio:1 \/ 1;--awb-max-width:420px;--awb-caption-title-font-family:var(--h2_typography-font-family);--awb-caption-title-font-weight:var(--h2_typography-font-weight);--awb-caption-title-font-style:var(--h2_typography-font-style);--awb-caption-title-size:var(--h2_typography-font-size);--awb-caption-title-transform:var(--h2_typography-text-transform);--awb-caption-title-line-height:var(--h2_typography-line-height);--awb-caption-title-letter-spacing:var(--h2_typography-letter-spacing);\"><div style=\"display:inline-block;width:420px;\"><span class=\" fusion-imageframe imageframe-none imageframe-1 hover-type-none has-aspect-ratio dots\" style=\"border-radius:999px;\"><img decoding=\"async\" width=\"470\" height=\"450\" title=\"GettyImages-915664774\" src=\"https:\/\/www.azcentralcu.org\/wp-content\/uploads\/2023\/11\/GettyImages-915664774.jpg\" class=\"img-responsive wp-image-2098 img-with-aspect-ratio\" alt \/><\/span><\/div><\/div><\/div><\/div><\/div><\/div><div class=\"fusion-fullwidth fullwidth-box fusion-builder-row-3 fusion-flex-container has-pattern-background has-mask-background nonhundred-percent-fullwidth non-hundred-percent-height-scrolling\" style=\"--awb-border-radius-top-left:0px;--awb-border-radius-top-right:0px;--awb-border-radius-bottom-right:0px;--awb-border-radius-bottom-left:0px;--awb-flex-wrap:wrap;\" ><div class=\"fusion-builder-row fusion-row fusion-flex-align-items-center fusion-flex-content-wrap\" style=\"max-width:1248px;margin-left: calc(-4% \/ 2 );margin-right: calc(-4% \/ 2 );\"><div class=\"fusion-layout-column fusion_builder_column fusion-builder-column-5 fusion_builder_column_1_2 1_2 fusion-flex-column\" style=\"--awb-bg-size:cover;--awb-width-large:50%;--awb-spacing-right-large:3.84%;--awb-spacing-left-large:3.84%;--awb-width-medium:50%;--awb-order-medium:0;--awb-spacing-right-medium:3.84%;--awb-spacing-left-medium:3.84%;--awb-width-small:100%;--awb-order-small:0;--awb-spacing-right-small:1.92%;--awb-spacing-left-small:1.92%;\"><div class=\"fusion-column-wrapper fusion-column-has-shadow fusion-flex-justify-content-flex-start fusion-content-layout-column\"><div class=\"fusion-image-element \" style=\"text-align:center;--awb-aspect-ratio:1 \/ 1;--awb-max-width:420px;--awb-caption-title-font-family:var(--h2_typography-font-family);--awb-caption-title-font-weight:var(--h2_typography-font-weight);--awb-caption-title-font-style:var(--h2_typography-font-style);--awb-caption-title-size:var(--h2_typography-font-size);--awb-caption-title-transform:var(--h2_typography-text-transform);--awb-caption-title-line-height:var(--h2_typography-line-height);--awb-caption-title-letter-spacing:var(--h2_typography-letter-spacing);\"><div style=\"display:inline-block;width:420px;\"><span class=\" fusion-imageframe imageframe-none imageframe-2 hover-type-none has-aspect-ratio stars\" style=\"border-radius:999px;\"><img decoding=\"async\" width=\"470\" height=\"450\" title=\"GettyImages-970557238\" src=\"https:\/\/www.azcentralcu.org\/wp-content\/uploads\/2023\/11\/GettyImages-970557238.jpg\" class=\"img-responsive wp-image-2094 img-with-aspect-ratio\" alt \/><\/span><\/div><\/div><\/div><\/div><div class=\"fusion-layout-column fusion_builder_column fusion-builder-column-6 fusion_builder_column_1_2 1_2 fusion-flex-column\" style=\"--awb-bg-size:cover;--awb-width-large:50%;--awb-spacing-right-large:3.84%;--awb-spacing-left-large:3.84%;--awb-width-medium:50%;--awb-order-medium:0;--awb-spacing-right-medium:3.84%;--awb-spacing-left-medium:3.84%;--awb-width-small:100%;--awb-order-small:0;--awb-spacing-right-small:1.92%;--awb-spacing-left-small:1.92%;\"><div class=\"fusion-column-wrapper fusion-column-has-shadow fusion-flex-justify-content-flex-start fusion-content-layout-column\"><div class=\"fusion-title title fusion-title-3 fusion-sep-none fusion-title-text fusion-title-size-two\"><h2 class=\"fusion-title-heading title-heading-left fusion-responsive-typography-calculated\" style=\"margin:0;--fontSize:46;line-height:var(--awb-typography2-line-height);\">Servicios de ACH<\/h2><\/div><div class=\"fusion-text fusion-text-3 fusion-text-no-margin\" style=\"--awb-margin-bottom:32px;\"><ul>\n<li>Pagar a los vendedores a tiempo, todo el tiempo<\/li>\n<li>Simplifica las cuentas por pagar<\/li>\n<li>Ahorra tiempo y dinero en el procesamiento<\/li>\n<li>Procesa transacciones en l\u00ednea a trav\u00e9s de un sitio web seguro<\/li>\n<\/ul>\n<p>Debido a la naturaleza especializada de estos servicios, por favor env\u00ede un correo electr\u00f3nico a\u00a0<a title=\"Opens in a new window\" href=\"mailto:businesslendingteam@azcentralcu.org\" target=\"_blank\" rel=\"noopener\">businesslendingteam@azcentralcu.org<\/a>\u00a0para recibir m\u00e1s informaci\u00f3n.<\/p>\n<p>Descarga la aplicaci\u00f3n ACHieve Origination hoy mismo.<\/p>\n<div class=\"link-button\"><a title=\"Opens in a new window\" href=\"https:\/\/southwest.enterprisebanker.com\/wcmfd\/wcmpw\/CustomerLogin\" target=\"_blank\" rel=\"noopener\">Iniciar ACHieve<\/a><\/div>\n<div class=\"footnote-container\">\n<p>Al hacer clic en \u2018Iniciar ACHieve\u2019, ser\u00e1 dirigido a una aplicaci\u00f3n en ingl\u00e9s. Si prefiere completar la solicitud por tel\u00e9fono con un representante que hable espa\u00f1ol, ll\u00e1menos al\u00a0<strong>602-264-6421<\/strong>\u00a0o llamada gratuita al\u00a0<strong>866-264-6421<\/strong>.<\/p>\n<\/div>\n<\/div><div ><a class=\"fusion-button button-flat fusion-button-default-size button-default fusion-button-default button-1 fusion-button-default-span fusion-button-default-type\" target=\"_blank\" rel=\"noopener noreferrer\" href=\"https:\/\/southwest.enterprisebanker.com\/wcmfd\/wcmpw\/CustomerLogin\"><span class=\"fusion-button-text\">ACHieve Login<\/span><\/a><\/div><\/div><\/div><\/div><\/div><\/p>\n","protected":false},"excerpt":{"rendered":"","protected":false},"author":1,"featured_media":0,"parent":2913,"menu_order":0,"comment_status":"closed","ping_status":"closed","template":"100-width.php","meta":{"footnotes":""},"acf":[],"yoast_head":"<!-- This site is optimized with the Yoast SEO plugin v21.7 - https:\/\/yoast.com\/wordpress\/plugins\/seo\/ -->\n<title>Servicios de Nomina de Sueldos | Servicios de Pago de ACH | ACCU<\/title>\n<meta name=\"description\" content=\"Necesita pagar a sus empleados con servicios de deposito directo? ACCU ofrece servicios convenientes de nomina de sueldos ACH. unase a nosotros hoy!\" \/>\n<meta name=\"robots\" content=\"index, follow, max-snippet:-1, max-image-preview:large, max-video-preview:-1\" \/>\n<link rel=\"canonical\" href=\"https:\/\/www.azcentralcu.org\/es\/bancario\/cuenta-de-member-share-comercial\/nomina-y-servicios-de-ach\/\" \/>\n<meta property=\"og:locale\" content=\"es_ES\" \/>\n<meta property=\"og:type\" content=\"article\" \/>\n<meta property=\"og:title\" content=\"Servicios de Nomina de Sueldos | Servicios de Pago de ACH | ACCU\" \/>\n<meta property=\"og:description\" content=\"Necesita pagar a sus empleados con servicios de deposito directo? ACCU ofrece servicios convenientes de nomina de sueldos ACH. unase a nosotros hoy!\" \/>\n<meta property=\"og:url\" content=\"https:\/\/www.azcentralcu.org\/es\/bancario\/cuenta-de-member-share-comercial\/nomina-y-servicios-de-ach\/\" \/>\n<meta property=\"og:site_name\" content=\"Arizona Central Credit Union\" \/>\n<meta property=\"article:modified_time\" content=\"2023-12-22T18:00:17+00:00\" \/>\n<meta name=\"twitter:card\" content=\"summary_large_image\" \/>\n<meta name=\"twitter:title\" content=\"Servicios de Nomina de Sueldos | Servicios de Pago de ACH | ACCU\" \/>\n<meta name=\"twitter:description\" content=\"Necesita pagar a sus empleados con servicios de deposito directo? ACCU ofrece servicios convenientes de nomina de sueldos ACH. unase a nosotros hoy!\" \/>\n<meta name=\"twitter:label1\" content=\"Est. reading time\" \/>\n\t<meta name=\"twitter:data1\" content=\"2 minutes\" \/>\n<!-- \/ Yoast SEO plugin. -->","yoast_head_json":{"title":"Servicios de Nomina de Sueldos | Servicios de Pago de ACH | ACCU","description":"Necesita pagar a sus empleados con servicios de deposito directo? ACCU ofrece servicios convenientes de nomina de sueldos ACH. unase a nosotros hoy!","robots":{"index":"index","follow":"follow","max-snippet":"max-snippet:-1","max-image-preview":"max-image-preview:large","max-video-preview":"max-video-preview:-1"},"canonical":"https:\/\/www.azcentralcu.org\/es\/bancario\/cuenta-de-member-share-comercial\/nomina-y-servicios-de-ach\/","og_locale":"es_ES","og_type":"article","og_title":"Servicios de Nomina de Sueldos | Servicios de Pago de ACH | ACCU","og_description":"Necesita pagar a sus empleados con servicios de deposito directo? ACCU ofrece servicios convenientes de nomina de sueldos ACH. unase a nosotros hoy!","og_url":"https:\/\/www.azcentralcu.org\/es\/bancario\/cuenta-de-member-share-comercial\/nomina-y-servicios-de-ach\/","og_site_name":"Arizona Central Credit Union","article_modified_time":"2023-12-22T18:00:17+00:00","twitter_card":"summary_large_image","twitter_title":"Servicios de Nomina de Sueldos | Servicios de Pago de ACH | ACCU","twitter_description":"Necesita pagar a sus empleados con servicios de deposito directo? ACCU ofrece servicios convenientes de nomina de sueldos ACH. unase a nosotros hoy!","twitter_misc":{"Est. reading time":"2 minutes"},"schema":{"@context":"https:\/\/schema.org","@graph":[{"@type":"WebPage","@id":"https:\/\/www.azcentralcu.org\/es\/bancario\/cuenta-de-member-share-comercial\/nomina-y-servicios-de-ach\/","url":"https:\/\/www.azcentralcu.org\/es\/bancario\/cuenta-de-member-share-comercial\/nomina-y-servicios-de-ach\/","name":"Servicios de Nomina de Sueldos | Servicios de Pago de ACH | ACCU","isPartOf":{"@id":"https:\/\/www.azcentralcu.org\/es\/#website"},"datePublished":"2023-11-10T20:27:25+00:00","dateModified":"2023-12-22T18:00:17+00:00","description":"Necesita pagar a sus empleados con servicios de deposito directo? ACCU ofrece servicios convenientes de nomina de sueldos ACH. unase a nosotros hoy!","breadcrumb":{"@id":"https:\/\/www.azcentralcu.org\/es\/bancario\/cuenta-de-member-share-comercial\/nomina-y-servicios-de-ach\/#breadcrumb"},"inLanguage":"es-ES","potentialAction":[{"@type":"ReadAction","target":["https:\/\/www.azcentralcu.org\/es\/bancario\/cuenta-de-member-share-comercial\/nomina-y-servicios-de-ach\/"]}]},{"@type":"BreadcrumbList","@id":"https:\/\/www.azcentralcu.org\/es\/bancario\/cuenta-de-member-share-comercial\/nomina-y-servicios-de-ach\/#breadcrumb","itemListElement":[{"@type":"ListItem","position":1,"name":"Home","item":"https:\/\/www.azcentralcu.org\/es\/"},{"@type":"ListItem","position":2,"name":"Bancario","item":"https:\/\/www.azcentralcu.org\/es\/bancario\/"},{"@type":"ListItem","position":3,"name":"Cuenta de Member Share Comercial","item":"https:\/\/www.azcentralcu.org\/es\/banking\/business-member-share-account\/"},{"@type":"ListItem","position":4,"name":"Servicios de N\u00f3mina de Sueldos"}]},{"@type":"WebSite","@id":"https:\/\/www.azcentralcu.org\/es\/#website","url":"https:\/\/www.azcentralcu.org\/es\/","name":"Arizona Central Credit Union","description":"","potentialAction":[{"@type":"SearchAction","target":{"@type":"EntryPoint","urlTemplate":"https:\/\/www.azcentralcu.org\/es\/?s={search_term_string}"},"query-input":"required name=search_term_string"}],"inLanguage":"es-ES"}]}},"_links":{"self":[{"href":"https:\/\/www.azcentralcu.org\/es\/wp-json\/wp\/v2\/pages\/2929"}],"collection":[{"href":"https:\/\/www.azcentralcu.org\/es\/wp-json\/wp\/v2\/pages"}],"about":[{"href":"https:\/\/www.azcentralcu.org\/es\/wp-json\/wp\/v2\/types\/page"}],"author":[{"embeddable":true,"href":"https:\/\/www.azcentralcu.org\/es\/wp-json\/wp\/v2\/users\/1"}],"replies":[{"embeddable":true,"href":"https:\/\/www.azcentralcu.org\/es\/wp-json\/wp\/v2\/comments?post=2929"}],"version-history":[{"count":2,"href":"https:\/\/www.azcentralcu.org\/es\/wp-json\/wp\/v2\/pages\/2929\/revisions"}],"predecessor-version":[{"id":2935,"href":"https:\/\/www.azcentralcu.org\/es\/wp-json\/wp\/v2\/pages\/2929\/revisions\/2935"}],"up":[{"embeddable":true,"href":"https:\/\/www.azcentralcu.org\/es\/wp-json\/wp\/v2\/pages\/2913"}],"wp:attachment":[{"href":"https:\/\/www.azcentralcu.org\/es\/wp-json\/wp\/v2\/media?parent=2929"}],"curies":[{"name":"wp","href":"https:\/\/api.w.org\/{rel}","templated":true}]}}