{"id":2911,"date":"2023-11-10T16:19:38","date_gmt":"2023-11-10T16:19:38","guid":{"rendered":"https:\/\/www.azcentralcu.org\/apple-pay\/"},"modified":"2024-05-15T22:57:49","modified_gmt":"2024-05-15T22:57:49","slug":"apple-pay-sp","status":"publish","type":"page","link":"https:\/\/www.azcentralcu.org\/es\/apple-pay-sp\/","title":{"rendered":"Apple Pay"},"content":{"rendered":"<p><div class=\"fusion-fullwidth fullwidth-box fusion-builder-row-1 fusion-flex-container has-pattern-background has-mask-background hundred-percent-fullwidth non-hundred-percent-height-scrolling\" style=\"--awb-border-radius-top-left:0px;--awb-border-radius-top-right:0px;--awb-border-radius-bottom-right:0px;--awb-border-radius-bottom-left:0px;--awb-padding-top:0px;--awb-padding-right:0px;--awb-padding-bottom:0px;--awb-padding-left:0px;--awb-min-height:0px;--awb-flex-wrap:nowrap;--awb-flex-wrap-small:wrap;\" ><div class=\"fusion-builder-row fusion-row fusion-flex-align-items-stretch fusion-flex-content-wrap\" style=\"width:calc( 100% + 20px ) !important;max-width:calc( 100% + 20px ) !important;margin-left: calc(-20px \/ 2 );margin-right: calc(-20px \/ 2 );\"><div class=\"fusion-layout-column fusion_builder_column fusion-builder-column-0 fusion-flex-column fusion-flex-align-self-stretch fusion-no-small-visibility fusion-no-medium-visibility\" style=\"--awb-bg-color:var(--awb-custom_color_1);--awb-bg-color-hover:var(--awb-custom_color_1);--awb-bg-size:cover;--awb-width-large:5%;--awb-flex-grow:1;--awb-spacing-right-large:0px;--awb-margin-bottom-large:20px;--awb-spacing-left-large:10px;--awb-width-medium:5%;--awb-order-medium:0;--awb-spacing-right-medium:0px;--awb-spacing-left-medium:10px;--awb-width-small:100%;--awb-order-small:0;--awb-spacing-right-small:10px;--awb-spacing-left-small:10px;\"><div class=\"fusion-column-wrapper fusion-column-has-shadow fusion-flex-justify-content-flex-start fusion-content-layout-column\"><\/div><\/div><div class=\"fusion-layout-column fusion_builder_column fusion-builder-column-1 fusion-flex-column fusion-flex-align-self-stretch\" style=\"--awb-padding-top:80px;--awb-padding-right:20%;--awb-padding-bottom:80px;--awb-padding-left:20px;--awb-padding-left-medium:20px;--awb-overflow:hidden;--awb-bg-color:var(--awb-custom_color_1);--awb-bg-color-hover:var(--awb-custom_color_1);--awb-bg-size:cover;--awb-border-radius:0px 100px 100px 0px;--awb-width-large:700px;--awb-flex-grow:1;--awb-spacing-right-large:10px;--awb-margin-bottom-large:20px;--awb-spacing-left-large:0px;--awb-width-medium:60%;--awb-order-medium:0;--awb-spacing-right-medium:10px;--awb-spacing-left-medium:10px;--awb-width-small:100%;--awb-order-small:0;--awb-spacing-right-small:24px;--awb-spacing-left-small:10px;\"><div class=\"fusion-column-wrapper fusion-column-has-shadow fusion-flex-justify-content-center fusion-content-layout-column\"><div class=\"fusion-title title fusion-title-1 fusion-sep-none fusion-title-text fusion-title-size-div\" style=\"--awb-text-color:var(--awb-color1);--awb-font-size:38px;\"><div class=\"fusion-title-heading title-heading-left title-heading-tag fusion-responsive-typography-calculated\" style=\"font-family:&quot;Acier BAT Text Outline&quot;;font-style:normal;font-weight:400;margin:0;font-size:1em;--fontSize:38;line-height:var(--awb-typography4-line-height);\">Soluciones de Pago Simples<\/div><\/div><div class=\"fusion-title title fusion-title-2 fusion-sep-none fusion-title-text fusion-title-size-one\" style=\"--awb-text-color:var(--awb-color1);--awb-font-size:64px;\"><h1 class=\"fusion-title-heading title-heading-left fusion-responsive-typography-calculated\" style=\"margin:0;font-size:1em;--fontSize:64;line-height:1.03;\">Apple Pay<\/h1><\/div><div class=\"fusion-text fusion-text-1\" style=\"--awb-font-size:22px;--awb-text-color:var(--awb-color1);\"><p>Apple Pay est\u00e1 disponible para su uso con todas las tarjetas de d\u00e9bito y cr\u00e9dito de consumidor de Arizona Central Credit Union, incluyendo tarjetas de d\u00e9bito de la cuenta de ahorro para la salud (HSA).<\/p>\n<\/div><\/div><\/div><div class=\"fusion-layout-column fusion_builder_column fusion-builder-column-2 fusion-flex-column\" style=\"--awb-padding-top:60px;--awb-padding-bottom:60px;--awb-overflow:hidden;--awb-bg-image:url(&#039;https:\/\/www.azcentralcu.org\/wp-content\/uploads\/2023\/11\/Apple-Pay-banner.jpeg&#039;);--awb-bg-position:center center;--awb-bg-position-small:center center;--awb-bg-repeat-small:no-repeat;--awb-bg-size:cover;--awb-bg-size-small:cover;--awb-border-radius:100px 0px 0px 100px;--awb-width-large:500px;--awb-flex-grow:1;--awb-spacing-right-large:10px;--awb-margin-bottom-large:24px;--awb-spacing-left-large:10px;--awb-width-medium:500px;--awb-order-medium:0;--awb-spacing-right-medium:10px;--awb-spacing-left-medium:10px;--awb-width-small:100%;--awb-order-small:0;--awb-spacing-right-small:10px;--awb-spacing-left-small:24px;\"><div class=\"fusion-column-wrapper fusion-column-has-shadow fusion-flex-justify-content-flex-start fusion-content-layout-column fusion-column-has-bg-image\" data-bg-url=\"https:\/\/www.azcentralcu.org\/wp-content\/uploads\/2023\/11\/Apple-Pay-banner.jpeg\"><div class=\"fusion-separator fusion-full-width-sep\" style=\"align-self: center;margin-left: auto;margin-right: auto;width:100%;\"><\/div><\/div><\/div><\/div><\/div><div class=\"fusion-fullwidth fullwidth-box fusion-builder-row-2 fusion-flex-container has-pattern-background has-mask-background nonhundred-percent-fullwidth non-hundred-percent-height-scrolling\" style=\"--awb-border-radius-top-left:0px;--awb-border-radius-top-right:0px;--awb-border-radius-bottom-right:0px;--awb-border-radius-bottom-left:0px;--awb-flex-wrap:wrap;\" ><div class=\"fusion-builder-row fusion-row fusion-flex-align-items-center fusion-flex-content-wrap\" style=\"max-width:1248px;margin-left: calc(-4% \/ 2 );margin-right: calc(-4% \/ 2 );\"><div class=\"fusion-layout-column fusion_builder_column fusion-builder-column-3 fusion_builder_column_1_2 1_2 fusion-flex-column\" style=\"--awb-bg-size:cover;--awb-width-large:50%;--awb-spacing-right-large:3.84%;--awb-spacing-left-large:3.84%;--awb-width-medium:50%;--awb-order-medium:0;--awb-spacing-right-medium:3.84%;--awb-spacing-left-medium:3.84%;--awb-width-small:100%;--awb-order-small:1;--awb-spacing-right-small:1.92%;--awb-spacing-left-small:1.92%;\"><div class=\"fusion-column-wrapper fusion-column-has-shadow fusion-flex-justify-content-flex-start fusion-content-layout-column\"><div class=\"fusion-title title fusion-title-3 fusion-sep-none fusion-title-text fusion-title-size-two\"><h2 class=\"fusion-title-heading title-heading-left fusion-responsive-typography-calculated\" style=\"margin:0;--fontSize:46;line-height:var(--awb-typography2-line-height);\">Apple Pay<\/h2><\/div><div class=\"fusion-text fusion-text-2\"><p><i>Una opci\u00f3n de pago seguro y sin contacto<\/i><\/p>\n<p>Todo lo que hacemos para brindarle soluciones simples tiene en cuenta la seguridad de su activo m\u00e1s valioso, su identidad. Puede respirar tranquilo sabiendo que las transacciones de Apple Pay est\u00e1n autorizadas con la seguridad de huella Touch ID\u2122, Face ID, o su c\u00f3digo de acceso y las transacciones nunca usan su n\u00famero real de tarjeta de cr\u00e9dito y d\u00e9bito.<\/p>\n<p>Apple Pay ofrece una soluci\u00f3n simple para c\u00f3mo pagar con una sorprendente tecnolog\u00eda de pago sin contacto y caracter\u00edsticas de seguridad \u00fanicas integradas en su iPhone\u00ae (6, 6 Plus o m\u00e1s nuevo), iPad\u00ae (Air 2 o m\u00e1s nuevo), iPad\u00ae Mini (3 o m\u00e1s nuevo), y Apple\u00ae Watch. \u00daselo para pagar de forma segura en todo el mundo en las tiendas y aplicaciones participantes.<\/p>\n<p>\u00bfDonde puedo usar <a title=\"Opens in a new window\" href=\"https:\/\/www.apple.com\/apple-pay\/where-to-use\/\" target=\"_blank\" rel=\"noopener\">Apple Pay<\/a>?<\/p>\n<p><strong>\u00a1Comenzar es f\u00e1cil!<\/strong><\/p>\n<ol>\n<li>\nAseg\u00farese de que su iPhone (6, 6 Plus o m\u00e1s nuevo), iPad (Air 2 o m\u00e1s nuevo), iPad Mini (3 o m\u00e1s nuevo), or Apple Watch tengan el \u00faltimo iOS.<\/li>\n<li>Agregue su tarjeta de cr\u00e9dito o d\u00e9bito Visa de consumidor de Arizona Central Credit Union a Apple Pay.<\/li>\n<li>\u00daselo dentro de las aplicaciones o sostenga su dispositivo cerca de un lector sin contacto con su dedo en Touch ID.<\/li>\n<\/ol>\n<\/div><\/div><\/div><div class=\"fusion-layout-column fusion_builder_column fusion-builder-column-4 fusion_builder_column_1_2 1_2 fusion-flex-column\" style=\"--awb-bg-size:cover;--awb-width-large:50%;--awb-spacing-right-large:3.84%;--awb-spacing-left-large:3.84%;--awb-width-medium:50%;--awb-order-medium:0;--awb-spacing-right-medium:3.84%;--awb-spacing-left-medium:3.84%;--awb-width-small:100%;--awb-order-small:0;--awb-spacing-right-small:1.92%;--awb-spacing-left-small:1.92%;\"><div class=\"fusion-column-wrapper fusion-column-has-shadow fusion-flex-justify-content-flex-start fusion-content-layout-column\"><div class=\"fusion-image-element \" style=\"text-align:center;--awb-aspect-ratio:1 \/ 1;--awb-max-width:420px;--awb-caption-title-font-family:var(--h2_typography-font-family);--awb-caption-title-font-weight:var(--h2_typography-font-weight);--awb-caption-title-font-style:var(--h2_typography-font-style);--awb-caption-title-size:var(--h2_typography-font-size);--awb-caption-title-transform:var(--h2_typography-text-transform);--awb-caption-title-line-height:var(--h2_typography-line-height);--awb-caption-title-letter-spacing:var(--h2_typography-letter-spacing);\"><div style=\"display:inline-block;width:420px;\"><span class=\" fusion-imageframe imageframe-none imageframe-1 hover-type-none has-aspect-ratio dots\" style=\"border-radius:999px;\"><img decoding=\"async\" width=\"470\" height=\"450\" title=\"apple-pay-person\" src=\"https:\/\/www.azcentralcu.org\/wp-content\/uploads\/2023\/11\/apple-pay-person.jpg\" class=\"img-responsive wp-image-2070 img-with-aspect-ratio\" alt \/><\/span><\/div><\/div><\/div><\/div><\/div><\/div><div class=\"fusion-fullwidth fullwidth-box fusion-builder-row-3 fusion-flex-container has-pattern-background has-mask-background nonhundred-percent-fullwidth non-hundred-percent-height-scrolling\" style=\"--awb-border-radius-top-left:0px;--awb-border-radius-top-right:0px;--awb-border-radius-bottom-right:0px;--awb-border-radius-bottom-left:0px;--awb-flex-wrap:wrap;\" ><div class=\"fusion-builder-row fusion-row fusion-flex-align-items-center fusion-flex-content-wrap\" style=\"max-width:1248px;margin-left: calc(-4% \/ 2 );margin-right: calc(-4% \/ 2 );\"><div class=\"fusion-layout-column fusion_builder_column fusion-builder-column-5 fusion_builder_column_1_2 1_2 fusion-flex-column\" style=\"--awb-bg-size:cover;--awb-width-large:50%;--awb-spacing-right-large:3.84%;--awb-spacing-left-large:3.84%;--awb-width-medium:50%;--awb-order-medium:0;--awb-spacing-right-medium:3.84%;--awb-spacing-left-medium:3.84%;--awb-width-small:100%;--awb-order-small:0;--awb-spacing-right-small:1.92%;--awb-spacing-left-small:1.92%;\"><div class=\"fusion-column-wrapper fusion-column-has-shadow fusion-flex-justify-content-flex-start fusion-content-layout-column\"><div class=\"fusion-image-element \" style=\"text-align:center;--awb-aspect-ratio:1 \/ 1;--awb-max-width:420px;--awb-caption-title-font-family:var(--h2_typography-font-family);--awb-caption-title-font-weight:var(--h2_typography-font-weight);--awb-caption-title-font-style:var(--h2_typography-font-style);--awb-caption-title-size:var(--h2_typography-font-size);--awb-caption-title-transform:var(--h2_typography-text-transform);--awb-caption-title-line-height:var(--h2_typography-line-height);--awb-caption-title-letter-spacing:var(--h2_typography-letter-spacing);\"><div style=\"display:inline-block;width:420px;\"><span class=\" fusion-imageframe imageframe-none imageframe-2 hover-type-none has-aspect-ratio circles\" style=\"border-radius:999px;\"><img decoding=\"async\" width=\"470\" height=\"450\" title=\"ApplePay-Module2-470&#215;450\" src=\"https:\/\/www.azcentralcu.org\/wp-content\/uploads\/2024\/05\/ApplePay-Module2-470x450-1.png\" class=\"img-responsive wp-image-5615 img-with-aspect-ratio\" alt \/><\/span><\/div><\/div><\/div><\/div><div class=\"fusion-layout-column fusion_builder_column fusion-builder-column-6 fusion_builder_column_1_2 1_2 fusion-flex-column\" style=\"--awb-bg-size:cover;--awb-width-large:50%;--awb-spacing-right-large:3.84%;--awb-spacing-left-large:3.84%;--awb-width-medium:50%;--awb-order-medium:0;--awb-spacing-right-medium:3.84%;--awb-spacing-left-medium:3.84%;--awb-width-small:100%;--awb-order-small:1;--awb-spacing-right-small:1.92%;--awb-spacing-left-small:1.92%;\"><div class=\"fusion-column-wrapper fusion-column-has-shadow fusion-flex-justify-content-flex-start fusion-content-layout-column\"><div class=\"fusion-text fusion-text-3\"><h3><strong style=\"color: var(--awb-text-color); font-size: var(--awb-font-size); font-style: var(--awb-text-font-style); letter-spacing: var(--awb-letter-spacing); text-align: var(--awb-content-alignment); text-transform: var(--awb-text-transform); background-color: var(--awb-bg-color-hover);\">\u00bfC\u00f3mo agrego una tarjeta?<\/strong><br \/><\/h3>\n<\/p>\n<p>\nAgregar su tarjeta de cr\u00e9dito o d\u00e9bito de consumidor de Arizona Central a Apple Pay es simple. Simplemente use la c\u00e1mara de su dispositivo m\u00f3vil para capturar instant\u00e1neamente la informaci\u00f3n de su tarjeta, ingrese manualmente o agregue su tarjeta de Arizona Central desde su cuenta de iTunes a Apple Pay.<\/p>\n<p><strong>Pagar nunca ha sido tan f\u00e1cil<\/strong><\/p>\n<p>\nPara pagar en tiendas, simplemente sostenga su iPhone (6, 6 Plus o m\u00e1s nuevo) o Apple Watch cerca del lector sin contacto con su dedo en Touch ID. Una vibraci\u00f3n sutil le permite saber que su informaci\u00f3n de pago se envi\u00f3 con \u00e9xito.<\/p>\n<p>Pagar dentro de las aplicaciones, pagar con iPhone (6, 6 Plus o m\u00e1s nuevo), iPad (Air 2 o m\u00e1s nuevo), iPad Mini (3 o m\u00e1s nuevo), or Apple Watch es tan f\u00e1cil como seleccionar \u201cApple Pay\u201d y colocar el dedo en Touch ID.<\/p>\n<p>Aprenda m\u00e1s informaci\u00f3n sobre el uso de su dispositivo con <a title=\"Opens in a new window\" href=\"https:\/\/www.apple.com\/apple-pay\/\" target=\"_blank\" rel=\"noopener\">Apple Pay<\/a>.<\/p>\n<\/div><\/div><\/div><\/div><\/div><\/p>\n","protected":false},"excerpt":{"rendered":"","protected":false},"author":1,"featured_media":0,"parent":0,"menu_order":0,"comment_status":"closed","ping_status":"closed","template":"100-width.php","meta":{"footnotes":""},"acf":[],"yoast_head":"<!-- This site is optimized with the Yoast SEO plugin v21.7 - https:\/\/yoast.com\/wordpress\/plugins\/seo\/ -->\n<title>Apple Pay | Arizona Central Credit Union<\/title>\n<meta name=\"description\" content=\"Apple Pay esta disponible para su uso con todas las tarjetas de credito y debito para consumidores de Arizona Central Credit Union, incluidas las tarjetas de debito de la cuenta de ahorros para la salud (HSA).\" \/>\n<meta name=\"robots\" content=\"index, follow, max-snippet:-1, max-image-preview:large, max-video-preview:-1\" \/>\n<link rel=\"canonical\" href=\"https:\/\/www.azcentralcu.org\/es\/apple-pay-sp\/\" \/>\n<meta property=\"og:locale\" content=\"es_ES\" \/>\n<meta property=\"og:type\" content=\"article\" \/>\n<meta property=\"og:title\" content=\"Apple Pay | Arizona Central Credit Union\" \/>\n<meta property=\"og:description\" content=\"Apple Pay esta disponible para su uso con todas las tarjetas de credito y debito para consumidores de Arizona Central Credit Union, incluidas las tarjetas de debito de la cuenta de ahorros para la salud (HSA).\" \/>\n<meta property=\"og:url\" content=\"https:\/\/www.azcentralcu.org\/es\/apple-pay-sp\/\" \/>\n<meta property=\"og:site_name\" content=\"Arizona Central Credit Union\" \/>\n<meta property=\"article:modified_time\" content=\"2024-05-15T22:57:49+00:00\" \/>\n<meta name=\"twitter:card\" content=\"summary_large_image\" \/>\n<meta name=\"twitter:title\" content=\"Apple Pay | Arizona Central Credit Union\" \/>\n<meta name=\"twitter:description\" content=\"Apple Pay esta disponible para su uso con todas las tarjetas de credito y debito para consumidores de Arizona Central Credit Union, incluidas las tarjetas de debito de la cuenta de ahorros para la salud (HSA).\" \/>\n<meta name=\"twitter:label1\" content=\"Est. reading time\" \/>\n\t<meta name=\"twitter:data1\" content=\"2 minutes\" \/>\n<!-- \/ Yoast SEO plugin. -->","yoast_head_json":{"title":"Apple Pay | Arizona Central Credit Union","description":"Apple Pay esta disponible para su uso con todas las tarjetas de credito y debito para consumidores de Arizona Central Credit Union, incluidas las tarjetas de debito de la cuenta de ahorros para la salud (HSA).","robots":{"index":"index","follow":"follow","max-snippet":"max-snippet:-1","max-image-preview":"max-image-preview:large","max-video-preview":"max-video-preview:-1"},"canonical":"https:\/\/www.azcentralcu.org\/es\/apple-pay-sp\/","og_locale":"es_ES","og_type":"article","og_title":"Apple Pay | Arizona Central Credit Union","og_description":"Apple Pay esta disponible para su uso con todas las tarjetas de credito y debito para consumidores de Arizona Central Credit Union, incluidas las tarjetas de debito de la cuenta de ahorros para la salud (HSA).","og_url":"https:\/\/www.azcentralcu.org\/es\/apple-pay-sp\/","og_site_name":"Arizona Central Credit Union","article_modified_time":"2024-05-15T22:57:49+00:00","twitter_card":"summary_large_image","twitter_title":"Apple Pay | Arizona Central Credit Union","twitter_description":"Apple Pay esta disponible para su uso con todas las tarjetas de credito y debito para consumidores de Arizona Central Credit Union, incluidas las tarjetas de debito de la cuenta de ahorros para la salud (HSA).","twitter_misc":{"Est. reading time":"2 minutes"},"schema":{"@context":"https:\/\/schema.org","@graph":[{"@type":"WebPage","@id":"https:\/\/www.azcentralcu.org\/es\/apple-pay-sp\/","url":"https:\/\/www.azcentralcu.org\/es\/apple-pay-sp\/","name":"Apple Pay | Arizona Central Credit Union","isPartOf":{"@id":"https:\/\/www.azcentralcu.org\/es\/#website"},"datePublished":"2023-11-10T16:19:38+00:00","dateModified":"2024-05-15T22:57:49+00:00","description":"Apple Pay esta disponible para su uso con todas las tarjetas de credito y debito para consumidores de Arizona Central Credit Union, incluidas las tarjetas de debito de la cuenta de ahorros para la salud (HSA).","breadcrumb":{"@id":"https:\/\/www.azcentralcu.org\/es\/apple-pay-sp\/#breadcrumb"},"inLanguage":"es-ES","potentialAction":[{"@type":"ReadAction","target":["https:\/\/www.azcentralcu.org\/es\/apple-pay-sp\/"]}]},{"@type":"BreadcrumbList","@id":"https:\/\/www.azcentralcu.org\/es\/apple-pay-sp\/#breadcrumb","itemListElement":[{"@type":"ListItem","position":1,"name":"Home","item":"https:\/\/www.azcentralcu.org\/es\/"},{"@type":"ListItem","position":2,"name":"Apple Pay"}]},{"@type":"WebSite","@id":"https:\/\/www.azcentralcu.org\/es\/#website","url":"https:\/\/www.azcentralcu.org\/es\/","name":"Arizona Central Credit Union","description":"","potentialAction":[{"@type":"SearchAction","target":{"@type":"EntryPoint","urlTemplate":"https:\/\/www.azcentralcu.org\/es\/?s={search_term_string}"},"query-input":"required name=search_term_string"}],"inLanguage":"es-ES"}]}},"_links":{"self":[{"href":"https:\/\/www.azcentralcu.org\/es\/wp-json\/wp\/v2\/pages\/2911"}],"collection":[{"href":"https:\/\/www.azcentralcu.org\/es\/wp-json\/wp\/v2\/pages"}],"about":[{"href":"https:\/\/www.azcentralcu.org\/es\/wp-json\/wp\/v2\/types\/page"}],"author":[{"embeddable":true,"href":"https:\/\/www.azcentralcu.org\/es\/wp-json\/wp\/v2\/users\/1"}],"replies":[{"embeddable":true,"href":"https:\/\/www.azcentralcu.org\/es\/wp-json\/wp\/v2\/comments?post=2911"}],"version-history":[{"count":2,"href":"https:\/\/www.azcentralcu.org\/es\/wp-json\/wp\/v2\/pages\/2911\/revisions"}],"predecessor-version":[{"id":5618,"href":"https:\/\/www.azcentralcu.org\/es\/wp-json\/wp\/v2\/pages\/2911\/revisions\/5618"}],"wp:attachment":[{"href":"https:\/\/www.azcentralcu.org\/es\/wp-json\/wp\/v2\/media?parent=2911"}],"curies":[{"name":"wp","href":"https:\/\/api.w.org\/{rel}","templated":true}]}}